{"id":53587,"date":"2024-03-04T15:55:56","date_gmt":"2024-03-04T15:55:56","guid":{"rendered":"https:\/\/pfkeepers.com\/produto\/monosolenium-tenerum-1-2-grow-tropica\/"},"modified":"2026-04-18T03:30:28","modified_gmt":"2026-04-18T03:30:28","slug":"monosolenium-tenerum-1-2-grow-tropica","status":"publish","type":"product","link":"https:\/\/pfkeepers.com\/english\/product\/monosolenium-tenerum-1-2-grow-tropica\/","title":{"rendered":"Monosolenium tenerum 1-2 Grow Tropica"},"content":{"rendered":"<p>Planta de aqu\u00e1rio de cultura de tecidos em copo fechado.<\/p>\n<p>O Monosolenium tenerum asi\u00e1tico \u00e9 uma hep\u00e1tica atraente, de 2 a 5 cm de altura, que mais se parece com uma Riccia gigante que simplesmente fica no fundo, onde forma almofadas.<\/p>\n<p>\u00c9 uma planta quebradi\u00e7a, e os peda\u00e7os quebram facilmente, por isso \u00e9 melhor coloc\u00e1-la no aqu\u00e1rio presa a pedras com linha de pesca ou em pequenos grupos entre outras plantas como Eleocharis.<\/p>\n<p>Uma vez que o Monosolenium se estabeleceu, \u00e9 muito pouco exigente. Esta planta \u00e9 erroneamente conhecida como Pellia.<\/p>\n<p>Informa\u00e7\u00f5es da planta<br \/>\nTipo: Musgo<br \/>\nOrigem: \u00c1sia<br \/>\nTaxa de crescimento: m\u00e9dia<br \/>\nAltura: 3 &#8211; 5+<br \/>\nDemanda de luz: baixa<br \/>\nCO2: baixo<\/p>","protected":false},"excerpt":{"rendered":"<p>Planta de aqu\u00e1rio de cultura de tecidos em copo fechado. O Monosolenium tenerum asi\u00e1tico \u00e9 uma hep\u00e1tica atraente, de 2 a 5 cm de altura, que mais se parece com uma Riccia gigante que simplesmente fica no fundo, onde forma almofadas. \u00c9 uma planta quebradi\u00e7a, e os peda\u00e7os quebram facilmente, por isso \u00e9 melhor coloc\u00e1-la &hellip;<\/p>\n<p class=\"read-more\"> <a class=\"\" href=\"https:\/\/pfkeepers.com\/english\/product\/monosolenium-tenerum-1-2-grow-tropica\/\"> <span class=\"screen-reader-text\">Monosolenium tenerum 1-2 Grow Tropica<\/span> Read More &raquo;<\/a><\/p>","protected":false},"featured_media":53588,"template":"","meta":{"site-sidebar-layout":"default","site-content-layout":"","ast-site-content-layout":"default","site-content-style":"default","site-sidebar-style":"default","ast-global-header-display":"","ast-banner-title-visibility":"","ast-main-header-display":"","ast-hfb-above-header-display":"","ast-hfb-below-header-display":"","ast-hfb-mobile-header-display":"","site-post-title":"","ast-breadcrumbs-content":"","ast-featured-img":"","footer-sml-layout":"","theme-transparent-header-meta":"default","adv-header-id-meta":"","stick-header-meta":"","header-above-stick-meta":"","header-main-stick-meta":"","header-below-stick-meta":"","astra-migrate-meta-layouts":"set"},"product_cat":[1513],"product_tag":[1064],"_links":{"self":[{"href":"https:\/\/pfkeepers.com\/english\/wp-json\/wp\/v2\/product\/53587"}],"collection":[{"href":"https:\/\/pfkeepers.com\/english\/wp-json\/wp\/v2\/product"}],"about":[{"href":"https:\/\/pfkeepers.com\/english\/wp-json\/wp\/v2\/types\/product"}],"wp:featuredmedia":[{"embeddable":true,"href":"https:\/\/pfkeepers.com\/english\/wp-json\/wp\/v2\/media\/53588"}],"wp:attachment":[{"href":"https:\/\/pfkeepers.com\/english\/wp-json\/wp\/v2\/media?parent=53587"}],"wp:term":[{"taxonomy":"product_cat","embeddable":true,"href":"https:\/\/pfkeepers.com\/english\/wp-json\/wp\/v2\/product_cat?post=53587"},{"taxonomy":"product_tag","embeddable":true,"href":"https:\/\/pfkeepers.com\/english\/wp-json\/wp\/v2\/product_tag?post=53587"}],"curies":[{"name":"wp","href":"https:\/\/api.w.org\/{rel}","templated":true}]}}