{"id":53585,"date":"2024-03-04T15:55:53","date_gmt":"2024-03-04T15:55:53","guid":{"rendered":"https:\/\/pfkeepers.com\/produto\/hygrophila-polysperma-rosanervig-pot-tropica\/"},"modified":"2026-04-12T17:10:45","modified_gmt":"2026-04-12T17:10:45","slug":"hygrophila-polysperma-rosanervig-pot-tropica","status":"publish","type":"product","link":"https:\/\/pfkeepers.com\/english\/product\/hygrophila-polysperma-rosanervig-pot-tropica\/","title":{"rendered":"Hygrophila polysperma \u00b4Rosanervig` pot Tropica"},"content":{"rendered":"<p>Hygrophila polysperma &#8216;Rosanervig&#8217; \u00e9 normalmente uma planta pouco exigente.<br \/>\nDe repente, pode desenvolver brotos totalmente verdes. Remova-os para manter as folhas marmorizadas cor-de-rosa distintas. Se voc\u00ea deseja folhas rosa-escuras, deve fornecer luz intensa. As hastes atingem 20-40 cm de altura e 5-8 cm de largura.<br \/>\nA colora\u00e7\u00e3o distinta das nervuras p\u00e1lidas das folhas \u00e9 provavelmente causada por um v\u00edrus que impede a produ\u00e7\u00e3o de clorofila nas c\u00e9lulas ao redor das nervuras das folhas, tornando-as brancas. No entanto, este v\u00edrus n\u00e3o afeta outras plantas do aqu\u00e1rio.<\/p>\n<p>Informa\u00e7\u00f5es da planta<br \/>\nTipo: Haste<br \/>\nOrigem: Cultivar<br \/>\nTaxa de crescimento: m\u00e9dia<br \/>\nAltura: 20 &#8211; 30+<br \/>\nDemanda de luz: baixa<br \/>\nCO2: M\u00e9dio<\/p>","protected":false},"excerpt":{"rendered":"<p>Hygrophila polysperma &#8216;Rosanervig&#8217; \u00e9 normalmente uma planta pouco exigente. De repente, pode desenvolver brotos totalmente verdes. Remova-os para manter as folhas marmorizadas cor-de-rosa distintas. Se voc\u00ea deseja folhas rosa-escuras, deve fornecer luz intensa. As hastes atingem 20-40 cm de altura e 5-8 cm de largura. A colora\u00e7\u00e3o distinta das nervuras p\u00e1lidas das folhas \u00e9 provavelmente &hellip;<\/p>\n<p class=\"read-more\"> <a class=\"\" href=\"https:\/\/pfkeepers.com\/english\/product\/hygrophila-polysperma-rosanervig-pot-tropica\/\"> <span class=\"screen-reader-text\">Hygrophila polysperma \u00b4Rosanervig` pot Tropica<\/span> Read More &raquo;<\/a><\/p>","protected":false},"featured_media":53586,"template":"","meta":{"site-sidebar-layout":"default","site-content-layout":"","ast-site-content-layout":"default","site-content-style":"default","site-sidebar-style":"default","ast-global-header-display":"","ast-banner-title-visibility":"","ast-main-header-display":"","ast-hfb-above-header-display":"","ast-hfb-below-header-display":"","ast-hfb-mobile-header-display":"","site-post-title":"","ast-breadcrumbs-content":"","ast-featured-img":"","footer-sml-layout":"","theme-transparent-header-meta":"default","adv-header-id-meta":"","stick-header-meta":"","header-above-stick-meta":"","header-main-stick-meta":"","header-below-stick-meta":"","astra-migrate-meta-layouts":"set"},"product_cat":[1511],"product_tag":[1064],"_links":{"self":[{"href":"https:\/\/pfkeepers.com\/english\/wp-json\/wp\/v2\/product\/53585"}],"collection":[{"href":"https:\/\/pfkeepers.com\/english\/wp-json\/wp\/v2\/product"}],"about":[{"href":"https:\/\/pfkeepers.com\/english\/wp-json\/wp\/v2\/types\/product"}],"wp:featuredmedia":[{"embeddable":true,"href":"https:\/\/pfkeepers.com\/english\/wp-json\/wp\/v2\/media\/53586"}],"wp:attachment":[{"href":"https:\/\/pfkeepers.com\/english\/wp-json\/wp\/v2\/media?parent=53585"}],"wp:term":[{"taxonomy":"product_cat","embeddable":true,"href":"https:\/\/pfkeepers.com\/english\/wp-json\/wp\/v2\/product_cat?post=53585"},{"taxonomy":"product_tag","embeddable":true,"href":"https:\/\/pfkeepers.com\/english\/wp-json\/wp\/v2\/product_tag?post=53585"}],"curies":[{"name":"wp","href":"https:\/\/api.w.org\/{rel}","templated":true}]}}