{"id":53551,"date":"2024-03-04T15:55:02","date_gmt":"2024-03-04T15:55:02","guid":{"rendered":"https:\/\/pfkeepers.com\/produto\/eheim-professionel-3-1200xlt-thermo\/"},"modified":"2025-02-27T21:33:45","modified_gmt":"2025-02-27T21:33:45","slug":"eheim-professionel-3-1200xlt-thermo","status":"publish","type":"product","link":"https:\/\/pfkeepers.com\/english\/product\/eheim-professionel-3-1200xlt-thermo\/","title":{"rendered":"Eheim Professionel 3 1200XLT Thermo"},"content":{"rendered":"<p>Caracter\u00edsticas:<\/p>\n<p>Volume do aqu\u00e1rio: 400 &#8211; 1200L.<\/p>\n<p>Pot\u00eancia do aquecedor: 510W.<\/p>\n<p>D\u00e9bito da bomba: 1700 L\/h.<\/p>\n<p>Altura de eleva\u00e7\u00e3o: 2,60 m.<\/p>\n<p>Pot\u00eancia: 25W.<\/p>\n<p>Volume do filtro: 12L + 1,5L(pr\u00e9-filtro).<\/p>\n<p>Dimens\u00f5es: 567x330x330mm.<\/p>\n<p>Como todos os topos de gama da eheim n\u00e3o inclui mat\u00e9rias filtrantes.<\/p>\n<p>Aconselhamos um saco de 10L de Stilla da \u00c9quo para equipar este filtro.<\/p>","protected":false},"excerpt":{"rendered":"<p>Caracter\u00edsticas: Volume do aqu\u00e1rio: 400 &#8211; 1200L. Pot\u00eancia do aquecedor: 510W. D\u00e9bito da bomba: 1700 L\/h. Altura de eleva\u00e7\u00e3o: 2,60 m. Pot\u00eancia: 25W. Volume do filtro: 12L + 1,5L(pr\u00e9-filtro). Dimens\u00f5es: 567x330x330mm. Como todos os topos de gama da eheim n\u00e3o inclui mat\u00e9rias filtrantes. Aconselhamos um saco de 10L de Stilla da \u00c9quo para equipar este &hellip;<\/p>\n<p class=\"read-more\"> <a class=\"\" href=\"https:\/\/pfkeepers.com\/english\/product\/eheim-professionel-3-1200xlt-thermo\/\"> <span class=\"screen-reader-text\">Eheim Professionel 3 1200XLT Thermo<\/span> Read More &raquo;<\/a><\/p>","protected":false},"featured_media":0,"template":"","meta":{"site-sidebar-layout":"default","site-content-layout":"","ast-site-content-layout":"","site-content-style":"default","site-sidebar-style":"default","ast-global-header-display":"","ast-banner-title-visibility":"","ast-main-header-display":"","ast-hfb-above-header-display":"","ast-hfb-below-header-display":"","ast-hfb-mobile-header-display":"","site-post-title":"","ast-breadcrumbs-content":"","ast-featured-img":"","footer-sml-layout":"","theme-transparent-header-meta":"","adv-header-id-meta":"","stick-header-meta":"","header-above-stick-meta":"","header-main-stick-meta":"","header-below-stick-meta":"","astra-migrate-meta-layouts":""},"product_cat":[1472],"product_tag":[852],"_links":{"self":[{"href":"https:\/\/pfkeepers.com\/english\/wp-json\/wp\/v2\/product\/53551"}],"collection":[{"href":"https:\/\/pfkeepers.com\/english\/wp-json\/wp\/v2\/product"}],"about":[{"href":"https:\/\/pfkeepers.com\/english\/wp-json\/wp\/v2\/types\/product"}],"wp:attachment":[{"href":"https:\/\/pfkeepers.com\/english\/wp-json\/wp\/v2\/media?parent=53551"}],"wp:term":[{"taxonomy":"product_cat","embeddable":true,"href":"https:\/\/pfkeepers.com\/english\/wp-json\/wp\/v2\/product_cat?post=53551"},{"taxonomy":"product_tag","embeddable":true,"href":"https:\/\/pfkeepers.com\/english\/wp-json\/wp\/v2\/product_tag?post=53551"}],"curies":[{"name":"wp","href":"https:\/\/api.w.org\/{rel}","templated":true}]}}