{"id":53457,"date":"2024-03-04T15:52:12","date_gmt":"2024-03-04T15:52:12","guid":{"rendered":"https:\/\/pfkeepers.com\/produto\/ciano-water-algae-size-s\/"},"modified":"2026-04-18T03:28:47","modified_gmt":"2026-04-18T03:28:47","slug":"ciano-water-algae-size-s","status":"publish","type":"product","link":"https:\/\/pfkeepers.com\/english\/product\/ciano-water-algae-size-s\/","title":{"rendered":"Ciano Water Algae Size S"},"content":{"rendered":"<p>Elimina Fosfatos.<\/p>\n<p>Elimina Nitratos.<\/p>\n<p>Combate e elimina as algas.<\/p>\n<p>Durabilidade do cartucho<br \/>\n45 dias.<\/p>\n<p>Filtra\u00e7\u00e3o Qu\u00edmica;<\/p>\n<p>Deve ser usado como tratamento ocasional;<\/p>\n<p>ATEN\u00c7\u00c3O: Se usar medicamentos no seu aqu\u00e1rio, deve retirar o WATER ALGAE.<\/p>","protected":false},"excerpt":{"rendered":"<p>Elimina Fosfatos. Elimina Nitratos. Combate e elimina as algas. Durabilidade do cartucho 45 dias. Filtra\u00e7\u00e3o Qu\u00edmica; Deve ser usado como tratamento ocasional; ATEN\u00c7\u00c3O: Se usar medicamentos no seu aqu\u00e1rio, deve retirar o WATER ALGAE.<\/p>","protected":false},"featured_media":53458,"template":"","meta":{"site-sidebar-layout":"default","site-content-layout":"","ast-site-content-layout":"default","site-content-style":"default","site-sidebar-style":"default","ast-global-header-display":"","ast-banner-title-visibility":"","ast-main-header-display":"","ast-hfb-above-header-display":"","ast-hfb-below-header-display":"","ast-hfb-mobile-header-display":"","site-post-title":"","ast-breadcrumbs-content":"","ast-featured-img":"","footer-sml-layout":"","theme-transparent-header-meta":"default","adv-header-id-meta":"","stick-header-meta":"","header-above-stick-meta":"","header-main-stick-meta":"","header-below-stick-meta":"","astra-migrate-meta-layouts":"set"},"product_cat":[1583],"product_tag":[825],"_links":{"self":[{"href":"https:\/\/pfkeepers.com\/english\/wp-json\/wp\/v2\/product\/53457"}],"collection":[{"href":"https:\/\/pfkeepers.com\/english\/wp-json\/wp\/v2\/product"}],"about":[{"href":"https:\/\/pfkeepers.com\/english\/wp-json\/wp\/v2\/types\/product"}],"wp:featuredmedia":[{"embeddable":true,"href":"https:\/\/pfkeepers.com\/english\/wp-json\/wp\/v2\/media\/53458"}],"wp:attachment":[{"href":"https:\/\/pfkeepers.com\/english\/wp-json\/wp\/v2\/media?parent=53457"}],"wp:term":[{"taxonomy":"product_cat","embeddable":true,"href":"https:\/\/pfkeepers.com\/english\/wp-json\/wp\/v2\/product_cat?post=53457"},{"taxonomy":"product_tag","embeddable":true,"href":"https:\/\/pfkeepers.com\/english\/wp-json\/wp\/v2\/product_tag?post=53457"}],"curies":[{"name":"wp","href":"https:\/\/api.w.org\/{rel}","templated":true}]}}