{"id":53451,"date":"2024-03-04T15:52:02","date_gmt":"2024-03-04T15:52:02","guid":{"rendered":"https:\/\/pfkeepers.com\/produto\/anubias-barteri-sp-on-wood-xl-tropica\/"},"modified":"2026-04-15T03:28:19","modified_gmt":"2026-04-15T03:28:19","slug":"anubias-barteri-sp-on-wood-xl-tropica","status":"publish","type":"product","link":"https:\/\/pfkeepers.com\/english\/product\/anubias-barteri-sp-on-wood-xl-tropica\/","title":{"rendered":"Anubias barteri sp on Wood XL Tropica"},"content":{"rendered":"<p>Grande raiz de mangrow com anubias anexadas.<\/p>\n<p>Anubias barteri var. caladiifolia vem de um laborat\u00f3rio australiano de cultura de tecidos. Uma variedade muito bonita com folhas verdes claras em forma de cora\u00e7\u00e3o. Como as folhas vivem v\u00e1rios anos, podem formar grandes grupos, apesar do crescimento lento. Um grupo de Anubias barteri var. caladiifolia, que atinge mais de 50 cm de largura em poucos anos, n\u00e3o \u00e9 incomum.<\/p>\n<p>informa\u00e7\u00f5es da planta<br \/>\nModelo: porta-enxerto\/rizoma<br \/>\nOrigem: \u00c1frica<br \/>\nvelocidade de crescimento: Lento<br \/>\nAltura: 5-15+<br \/>\nRequisitos de luz: Baixo<br \/>\nCO2: Baixo<\/p>","protected":false},"excerpt":{"rendered":"<p>Grande raiz de mangrow com anubias anexadas. Anubias barteri var. caladiifolia vem de um laborat\u00f3rio australiano de cultura de tecidos. Uma variedade muito bonita com folhas verdes claras em forma de cora\u00e7\u00e3o. Como as folhas vivem v\u00e1rios anos, podem formar grandes grupos, apesar do crescimento lento. Um grupo de Anubias barteri var. caladiifolia, que atinge &hellip;<\/p>\n<p class=\"read-more\"> <a class=\"\" href=\"https:\/\/pfkeepers.com\/english\/product\/anubias-barteri-sp-on-wood-xl-tropica\/\"> <span class=\"screen-reader-text\">Anubias barteri sp on Wood XL Tropica<\/span> Read More &raquo;<\/a><\/p>","protected":false},"featured_media":53452,"template":"","meta":{"site-sidebar-layout":"default","site-content-layout":"","ast-site-content-layout":"default","site-content-style":"default","site-sidebar-style":"default","ast-global-header-display":"","ast-banner-title-visibility":"","ast-main-header-display":"","ast-hfb-above-header-display":"","ast-hfb-below-header-display":"","ast-hfb-mobile-header-display":"","site-post-title":"","ast-breadcrumbs-content":"","ast-featured-img":"","footer-sml-layout":"","theme-transparent-header-meta":"default","adv-header-id-meta":"","stick-header-meta":"","header-above-stick-meta":"","header-main-stick-meta":"","header-below-stick-meta":"","astra-migrate-meta-layouts":"set"},"product_cat":[1517],"product_tag":[1064],"_links":{"self":[{"href":"https:\/\/pfkeepers.com\/english\/wp-json\/wp\/v2\/product\/53451"}],"collection":[{"href":"https:\/\/pfkeepers.com\/english\/wp-json\/wp\/v2\/product"}],"about":[{"href":"https:\/\/pfkeepers.com\/english\/wp-json\/wp\/v2\/types\/product"}],"wp:featuredmedia":[{"embeddable":true,"href":"https:\/\/pfkeepers.com\/english\/wp-json\/wp\/v2\/media\/53452"}],"wp:attachment":[{"href":"https:\/\/pfkeepers.com\/english\/wp-json\/wp\/v2\/media?parent=53451"}],"wp:term":[{"taxonomy":"product_cat","embeddable":true,"href":"https:\/\/pfkeepers.com\/english\/wp-json\/wp\/v2\/product_cat?post=53451"},{"taxonomy":"product_tag","embeddable":true,"href":"https:\/\/pfkeepers.com\/english\/wp-json\/wp\/v2\/product_tag?post=53451"}],"curies":[{"name":"wp","href":"https:\/\/api.w.org\/{rel}","templated":true}]}}