{"id":53441,"date":"2024-03-04T15:51:47","date_gmt":"2024-03-04T15:51:47","guid":{"rendered":"https:\/\/pfkeepers.com\/produto\/aquatlantis-splendid-80-c-biobox2-movel\/"},"modified":"2026-04-18T03:28:34","modified_gmt":"2026-04-18T03:28:34","slug":"aquatlantis-splendid-80-c-biobox2-movel","status":"publish","type":"product","link":"https:\/\/pfkeepers.com\/english\/product\/aquatlantis-splendid-80-c-biobox2-movel\/","title":{"rendered":"Aquatlantis Splendid Ultra 80 c\/BioBox2 + M\u00f3vel c\/portas"},"content":{"rendered":"<p>SPLENDID ULTRA 80<\/p>\n<p>Dimens\u00f5es (CxLxA) 80.2&#215;39.9&#215;55.9 cm<br \/>\nVolume 179 L<br \/>\nCapacidade 146 L<br \/>\nPeso 29.1 Kg<\/p>\n<p>Ilumina\u00e7\u00e3o RGBW ULTRA<\/p>\n<p>Quantidade 1<br \/>\nConsumo \u2248 27 W<br \/>\nTemperatura da Cor Regulavel 7500 K<br \/>\nLumens 3240 lm<br \/>\nLux 8000 lx<br \/>\nTransformador <\/p>\n<p>M\u00f3vel<\/p>\n<p>Dimens\u00f5es (CxLxA) 80.2&#215;39.7&#215;83 cm<br \/>\nPeso 31 Kg<br \/>\nPeso m\u00e1ximo do m\u00f3vel 200 Kg<\/p>\n<p>Extras: Equipado com biobox e materias filtrantes, ORI, ilumina\u00e7\u00e3o, termostato<\/p>","protected":false},"excerpt":{"rendered":"<p>SPLENDID ULTRA 80 Dimens\u00f5es (CxLxA) 80.2&#215;39.9&#215;55.9 cm Volume 179 L Capacidade 146 L Peso 29.1 Kg Ilumina\u00e7\u00e3o RGBW ULTRA Quantidade 1 Consumo \u2248 27 W Temperatura da Cor Regulavel 7500 K Lumens 3240 lm Lux 8000 lx Transformador M\u00f3vel Dimens\u00f5es (CxLxA) 80.2&#215;39.7&#215;83 cm Peso 31 Kg Peso m\u00e1ximo do m\u00f3vel 200 Kg Extras: Equipado com &hellip;<\/p>\n<p class=\"read-more\"> <a class=\"\" href=\"https:\/\/pfkeepers.com\/english\/product\/aquatlantis-splendid-80-c-biobox2-movel\/\"> <span class=\"screen-reader-text\">Aquatlantis Splendid Ultra 80 c\/BioBox2 + M\u00f3vel c\/portas<\/span> Read More &raquo;<\/a><\/p>","protected":false},"featured_media":358237,"template":"","meta":{"site-sidebar-layout":"default","site-content-layout":"","ast-site-content-layout":"default","site-content-style":"default","site-sidebar-style":"default","ast-global-header-display":"","ast-banner-title-visibility":"","ast-main-header-display":"","ast-hfb-above-header-display":"","ast-hfb-below-header-display":"","ast-hfb-mobile-header-display":"","site-post-title":"","ast-breadcrumbs-content":"","ast-featured-img":"","footer-sml-layout":"","theme-transparent-header-meta":"default","adv-header-id-meta":"","stick-header-meta":"","header-above-stick-meta":"","header-main-stick-meta":"","header-below-stick-meta":"","astra-migrate-meta-layouts":"set"},"product_cat":[1387],"product_tag":[780],"_links":{"self":[{"href":"https:\/\/pfkeepers.com\/english\/wp-json\/wp\/v2\/product\/53441"}],"collection":[{"href":"https:\/\/pfkeepers.com\/english\/wp-json\/wp\/v2\/product"}],"about":[{"href":"https:\/\/pfkeepers.com\/english\/wp-json\/wp\/v2\/types\/product"}],"wp:featuredmedia":[{"embeddable":true,"href":"https:\/\/pfkeepers.com\/english\/wp-json\/wp\/v2\/media\/358237"}],"wp:attachment":[{"href":"https:\/\/pfkeepers.com\/english\/wp-json\/wp\/v2\/media?parent=53441"}],"wp:term":[{"taxonomy":"product_cat","embeddable":true,"href":"https:\/\/pfkeepers.com\/english\/wp-json\/wp\/v2\/product_cat?post=53441"},{"taxonomy":"product_tag","embeddable":true,"href":"https:\/\/pfkeepers.com\/english\/wp-json\/wp\/v2\/product_tag?post=53441"}],"curies":[{"name":"wp","href":"https:\/\/api.w.org\/{rel}","templated":true}]}}