{"id":53390,"date":"2024-03-04T15:50:19","date_gmt":"2024-03-04T15:50:19","guid":{"rendered":"https:\/\/pfkeepers.com\/produto\/phyllanthus-fluitans-1-2-grow-tropica\/"},"modified":"2026-04-11T22:14:57","modified_gmt":"2026-04-11T22:14:57","slug":"phyllanthus-fluitans-1-2-grow-tropica","status":"publish","type":"product","link":"https:\/\/pfkeepers.com\/english\/product\/phyllanthus-fluitans-1-2-grow-tropica\/","title":{"rendered":"Phyllanthus fluitans 1-2 Grow Tropica"},"content":{"rendered":"<p>Origin\u00e1rio dos tr\u00f3picos americanos, Phyllanthus fluitans \u00e9 uma planta flutuante da fam\u00edlia Phyllanthaceae.<\/p>\n<p>\u00c9 semelhante \u00e0 Salvinia, diferenciada apenas pela estrutura monofolha em cada n\u00f3. As folhas em forma de cora\u00e7\u00e3o, repelentes \u00e0 \u00e1gua, escondem o caule que \u00e0s vezes pode dar vida a flores brancas com seis p\u00e9talas. Quanto mais intensa a luz, mais marrons as folhas ficar\u00e3o. Cultivado de forma sustent\u00e1vel na Dinamarca.<\/p>\n<p>Informa\u00e7\u00f5es da planta<br \/>\nTipo: planta flutuante<br \/>\nOrigem: Am\u00e9rica do Sul<br \/>\nTaxa de crescimento: m\u00e9dia<br \/>\nAltura: 3 &#8211; 5+<br \/>\nDemanda de luz: Baixa<br \/>\nCO2: Baixo<\/p>","protected":false},"excerpt":{"rendered":"<p>Origin\u00e1rio dos tr\u00f3picos americanos, Phyllanthus fluitans \u00e9 uma planta flutuante da fam\u00edlia Phyllanthaceae. \u00c9 semelhante \u00e0 Salvinia, diferenciada apenas pela estrutura monofolha em cada n\u00f3. As folhas em forma de cora\u00e7\u00e3o, repelentes \u00e0 \u00e1gua, escondem o caule que \u00e0s vezes pode dar vida a flores brancas com seis p\u00e9talas. Quanto mais intensa a luz, mais &hellip;<\/p>\n<p class=\"read-more\"> <a class=\"\" href=\"https:\/\/pfkeepers.com\/english\/product\/phyllanthus-fluitans-1-2-grow-tropica\/\"> <span class=\"screen-reader-text\">Phyllanthus fluitans 1-2 Grow Tropica<\/span> Read More &raquo;<\/a><\/p>","protected":false},"featured_media":53391,"template":"","meta":{"site-sidebar-layout":"default","site-content-layout":"","ast-site-content-layout":"default","site-content-style":"default","site-sidebar-style":"default","ast-global-header-display":"","ast-banner-title-visibility":"","ast-main-header-display":"","ast-hfb-above-header-display":"","ast-hfb-below-header-display":"","ast-hfb-mobile-header-display":"","site-post-title":"","ast-breadcrumbs-content":"","ast-featured-img":"","footer-sml-layout":"","theme-transparent-header-meta":"default","adv-header-id-meta":"","stick-header-meta":"","header-above-stick-meta":"","header-main-stick-meta":"","header-below-stick-meta":"","astra-migrate-meta-layouts":"set"},"product_cat":[1513],"product_tag":[1064],"_links":{"self":[{"href":"https:\/\/pfkeepers.com\/english\/wp-json\/wp\/v2\/product\/53390"}],"collection":[{"href":"https:\/\/pfkeepers.com\/english\/wp-json\/wp\/v2\/product"}],"about":[{"href":"https:\/\/pfkeepers.com\/english\/wp-json\/wp\/v2\/types\/product"}],"wp:featuredmedia":[{"embeddable":true,"href":"https:\/\/pfkeepers.com\/english\/wp-json\/wp\/v2\/media\/53391"}],"wp:attachment":[{"href":"https:\/\/pfkeepers.com\/english\/wp-json\/wp\/v2\/media?parent=53390"}],"wp:term":[{"taxonomy":"product_cat","embeddable":true,"href":"https:\/\/pfkeepers.com\/english\/wp-json\/wp\/v2\/product_cat?post=53390"},{"taxonomy":"product_tag","embeddable":true,"href":"https:\/\/pfkeepers.com\/english\/wp-json\/wp\/v2\/product_tag?post=53390"}],"curies":[{"name":"wp","href":"https:\/\/api.w.org\/{rel}","templated":true}]}}