{"id":53343,"date":"2024-03-04T15:49:05","date_gmt":"2024-03-04T15:49:05","guid":{"rendered":"https:\/\/pfkeepers.com\/produto\/jade-wrasse-halichoeres-chloropterus\/"},"modified":"2026-04-19T00:40:31","modified_gmt":"2026-04-19T00:40:31","slug":"jade-wrasse-halichoeres-chloropterus","status":"publish","type":"product","link":"https:\/\/pfkeepers.com\/english\/product\/jade-wrasse-halichoeres-chloropterus\/","title":{"rendered":"Jade Wrasse &#8211; Halichoeres chloropterus"},"content":{"rendered":"<p>N\u00edvel de cuidado: moderado<\/p>\n<p>Temperamento: Pac\u00edfico<\/p>\n<p>Forma de cor: Verde<\/p>\n<p>Dieta: Carn\u00edvoro<\/p>\n<p>Compat\u00edvel com Recife: Sim<\/p>\n<p>Condi\u00e7\u00f5es da \u00c1gua: sg 1,020-1,025, 72-78\u00b0F, dKH 8-12, pH 8,1-8,4<\/p>\n<p>Fam\u00edlia: Labridae<\/p>\n<p>O Green Wrasse, tamb\u00e9m conhecido como Pastel Green Wrasse ou Green Coris, \u00e9 um belo peixe com uma atraente colora\u00e7\u00e3o verde pastel. Embora n\u00e3o tenha os padr\u00f5es elaborados ou marcas intrincadas de outros Wrasse Halichoeres, o Green Wrasse injeta um interesse visual espetacular em qualquer aqu\u00e1rio marinho gra\u00e7as \u00e0 sua colora\u00e7\u00e3o verde vibrante. O bodi\u00e3o verde \u00e9 um peixe ativo que ocupa a maior parte do tempo procurando por petiscos suculentos para se alimentar. O Green Wrasse \u00e9 frequentemente elogiado como um bodi\u00e3o ideal no cen\u00e1rio do aqu\u00e1rio comunit\u00e1rio, pois \u00e9 bastante passivo por natureza. No entanto, sabe-se que esp\u00e9cimes maiores e mais velhos demonstram agress\u00e3o a peixes menores e mais passivos, incluindo bodi\u00f5es.<br \/>\nA configura\u00e7\u00e3o ideal para o Green Wrasse ser\u00e1 um aqu\u00e1rio de \u00e1gua salgada bem estabelecido de pelo menos 75 gal\u00f5es de tamanho com uma tampa apertada. Aquascape liberalmente com rochas vivas, proporcionando amplos cantos e recantos para o seu Green Wrasse explorar, buscar ref\u00fagio ou procurar comida. Certifique-se de incluir uma grande \u00e1rea de substrato aberto, bem como espa\u00e7os abertos para nata\u00e7\u00e3o. Uma camada de substrato arenoso de 2 a 3 polegadas de profundidade \u00e9 essencial para fornecer abrigo para o bodi\u00e3o verde enquanto ele se enterra na areia \u00e0 noite ou quando assustado. Abrigue o bodi\u00e3o verde com outros bodi\u00f5es pac\u00edficos, incluindo membros de sua pr\u00f3pria esp\u00e9cie.<\/p>\n<p>A dieta natural do bodi\u00e3o verde consiste em invertebrados bent\u00f4nicos e, como tal, o bodi\u00e3o verde grande e faminto come lagartas e carac\u00f3is piramidais, protegendo corais e moluscos desses invertebrados indesej\u00e1veis. Embora esse apetite por invertebrados pare\u00e7a ben\u00e9fico, lembre-se de que o bodi\u00e3o verde n\u00e3o consegue diferenciar entre invertebrados &#8220;indesej\u00e1veis&#8221; e &#8220;desej\u00e1veis&#8221;. Se a oportunidade se apresentar, o Green Wrasse provavelmente far\u00e1 uma refei\u00e7\u00e3o de invertebrados ornamentais &#8220;desej\u00e1veis&#8221;, incluindo minhocas, camar\u00f5es e outros crust\u00e1ceos no aqu\u00e1rio dom\u00e9stico. No entanto, o Green Wrasse normalmente n\u00e3o prejudicar\u00e1 invertebrados s\u00e9sseis, incluindo corais moles ou pedregosos.<\/p>\n<p>No aqu\u00e1rio dom\u00e9stico, a dieta do Green Wrasse deve consistir em uma variedade diversificada de itens alimentares, incluindo camar\u00e3o mysis congelado enriquecido com vitaminas, art\u00eamia salmoura congelada enriquecida com vitaminas e outros alimentos carnudos, juntamente com flocos marinhos de alta qualidade e pellets marinhos. . O Green Wrasse se beneficiar\u00e1 de pequenas refei\u00e7\u00f5es frequentes ao longo do dia.<\/p>","protected":false},"excerpt":{"rendered":"<p>N\u00edvel de cuidado: moderado Temperamento: Pac\u00edfico Forma de cor: Verde Dieta: Carn\u00edvoro Compat\u00edvel com Recife: Sim Condi\u00e7\u00f5es da \u00c1gua: sg 1,020-1,025, 72-78\u00b0F, dKH 8-12, pH 8,1-8,4 Fam\u00edlia: Labridae O Green Wrasse, tamb\u00e9m conhecido como Pastel Green Wrasse ou Green Coris, \u00e9 um belo peixe com uma atraente colora\u00e7\u00e3o verde pastel. Embora n\u00e3o tenha os padr\u00f5es &hellip;<\/p>\n<p class=\"read-more\"> <a class=\"\" href=\"https:\/\/pfkeepers.com\/english\/product\/jade-wrasse-halichoeres-chloropterus\/\"> <span class=\"screen-reader-text\">Jade Wrasse &#8211; Halichoeres chloropterus<\/span> Read More &raquo;<\/a><\/p>","protected":false},"featured_media":53344,"template":"","meta":{"site-sidebar-layout":"default","site-content-layout":"","ast-site-content-layout":"","site-content-style":"default","site-sidebar-style":"default","ast-global-header-display":"","ast-banner-title-visibility":"","ast-main-header-display":"","ast-hfb-above-header-display":"","ast-hfb-below-header-display":"","ast-hfb-mobile-header-display":"","site-post-title":"","ast-breadcrumbs-content":"","ast-featured-img":"","footer-sml-layout":"","theme-transparent-header-meta":"","adv-header-id-meta":"","stick-header-meta":"","header-above-stick-meta":"","header-main-stick-meta":"","header-below-stick-meta":"","astra-migrate-meta-layouts":""},"product_cat":[1355],"product_tag":[],"_links":{"self":[{"href":"https:\/\/pfkeepers.com\/english\/wp-json\/wp\/v2\/product\/53343"}],"collection":[{"href":"https:\/\/pfkeepers.com\/english\/wp-json\/wp\/v2\/product"}],"about":[{"href":"https:\/\/pfkeepers.com\/english\/wp-json\/wp\/v2\/types\/product"}],"wp:featuredmedia":[{"embeddable":true,"href":"https:\/\/pfkeepers.com\/english\/wp-json\/wp\/v2\/media\/53344"}],"wp:attachment":[{"href":"https:\/\/pfkeepers.com\/english\/wp-json\/wp\/v2\/media?parent=53343"}],"wp:term":[{"taxonomy":"product_cat","embeddable":true,"href":"https:\/\/pfkeepers.com\/english\/wp-json\/wp\/v2\/product_cat?post=53343"},{"taxonomy":"product_tag","embeddable":true,"href":"https:\/\/pfkeepers.com\/english\/wp-json\/wp\/v2\/product_tag?post=53343"}],"curies":[{"name":"wp","href":"https:\/\/api.w.org\/{rel}","templated":true}]}}