{"id":53246,"date":"2024-03-04T15:46:31","date_gmt":"2024-03-04T15:46:31","guid":{"rendered":"https:\/\/pfkeepers.com\/produto\/bebedouro-sifone-revolution-cc105\/"},"modified":"2024-03-07T23:39:14","modified_gmt":"2024-03-07T23:39:14","slug":"bebedouro-sifone-revolution-cc105","status":"publish","type":"product","link":"https:\/\/pfkeepers.com\/english\/product\/bebedouro-sifone-revolution-cc105\/","title":{"rendered":"Bebedouro Sifone Revolution CC105"},"content":{"rendered":"<p>Bebedouro com sistema de v\u00e1cuo. Pode ser usado com ou sem esferas.<\/p>\n<p>Bebedouro para aves. Com m\u00e9todo de v\u00e1cuo, podem ser usados \u200b\u200bcom ou sem esferas. A cor azul ajuda a proteger a \u00e1gua dos raios solares. Podem ser aplicados em todas as gaiolas com fios verticais e horizontais.<\/p>\n<p>Capacidade: 105 ml<\/p>","protected":false},"excerpt":{"rendered":"<p>Bebedouro com sistema de v\u00e1cuo. Pode ser usado com ou sem esferas. Bebedouro para aves. Com m\u00e9todo de v\u00e1cuo, podem ser usados \u200b\u200bcom ou sem esferas. A cor azul ajuda a proteger a \u00e1gua dos raios solares. Podem ser aplicados em todas as gaiolas com fios verticais e horizontais. Capacidade: 105 ml<\/p>","protected":false},"featured_media":53247,"template":"","meta":{"site-sidebar-layout":"default","site-content-layout":"","ast-site-content-layout":"","site-content-style":"default","site-sidebar-style":"default","ast-global-header-display":"","ast-banner-title-visibility":"","ast-main-header-display":"","ast-hfb-above-header-display":"","ast-hfb-below-header-display":"","ast-hfb-mobile-header-display":"","site-post-title":"","ast-breadcrumbs-content":"","ast-featured-img":"","footer-sml-layout":"","theme-transparent-header-meta":"","adv-header-id-meta":"","stick-header-meta":"","header-above-stick-meta":"","header-main-stick-meta":"","header-below-stick-meta":"","astra-migrate-meta-layouts":""},"product_cat":[658],"product_tag":[],"_links":{"self":[{"href":"https:\/\/pfkeepers.com\/english\/wp-json\/wp\/v2\/product\/53246"}],"collection":[{"href":"https:\/\/pfkeepers.com\/english\/wp-json\/wp\/v2\/product"}],"about":[{"href":"https:\/\/pfkeepers.com\/english\/wp-json\/wp\/v2\/types\/product"}],"wp:featuredmedia":[{"embeddable":true,"href":"https:\/\/pfkeepers.com\/english\/wp-json\/wp\/v2\/media\/53247"}],"wp:attachment":[{"href":"https:\/\/pfkeepers.com\/english\/wp-json\/wp\/v2\/media?parent=53246"}],"wp:term":[{"taxonomy":"product_cat","embeddable":true,"href":"https:\/\/pfkeepers.com\/english\/wp-json\/wp\/v2\/product_cat?post=53246"},{"taxonomy":"product_tag","embeddable":true,"href":"https:\/\/pfkeepers.com\/english\/wp-json\/wp\/v2\/product_tag?post=53246"}],"curies":[{"name":"wp","href":"https:\/\/api.w.org\/{rel}","templated":true}]}}