{"id":53211,"date":"2024-03-04T15:45:17","date_gmt":"2024-03-04T15:45:17","guid":{"rendered":"https:\/\/pfkeepers.com\/produto\/marsilea-hirsuta-1-2-grow-tropica\/"},"modified":"2026-04-19T00:39:34","modified_gmt":"2026-04-19T00:39:34","slug":"marsilea-hirsuta-1-2-grow-tropica","status":"publish","type":"product","link":"https:\/\/pfkeepers.com\/english\/product\/marsilea-hirsuta-1-2-grow-tropica\/","title":{"rendered":"Marsilea hirsuta 1-2 Grow Tropica"},"content":{"rendered":"<p>Marsilea hirsuta \u00e9 uma planta de tapete da Austr\u00e1lia. Uma planta fascinante, geralmente entregue com folhas como um trevo de quatro folhas. Ap\u00f3s um per\u00edodo de transi\u00e7\u00e3o desenvolve diferentes tipos de folhas, possivelmente uma forma baixa com folhas \u00fanicas como um grande Glossostigma, ou em alternativa desenvolve folhas de dois, tr\u00eas ou quatro l\u00f3bulos variando em altura (de 2-10 cm), dependendo das condi\u00e7\u00f5es de crescimento . Qualquer que seja a forma que a planta adote, ela forma corredores e se espalha rapidamente pelo aqu\u00e1rio.<\/p>\n<p>Informa\u00e7\u00f5es da planta:<\/p>\n<p>Tipo: carpete<br \/>\nOrigem: Austr\u00e1lia<br \/>\nTaxa de crescimento: m\u00e9dia<br \/>\nAltura: 5 &#8211; 20+<br \/>\nDemanda de luz: Baixa<br \/>\nCO2: Baixo<\/p>","protected":false},"excerpt":{"rendered":"<p>Marsilea hirsuta \u00e9 uma planta de tapete da Austr\u00e1lia. Uma planta fascinante, geralmente entregue com folhas como um trevo de quatro folhas. Ap\u00f3s um per\u00edodo de transi\u00e7\u00e3o desenvolve diferentes tipos de folhas, possivelmente uma forma baixa com folhas \u00fanicas como um grande Glossostigma, ou em alternativa desenvolve folhas de dois, tr\u00eas ou quatro l\u00f3bulos variando &hellip;<\/p>\n<p class=\"read-more\"> <a class=\"\" href=\"https:\/\/pfkeepers.com\/english\/product\/marsilea-hirsuta-1-2-grow-tropica\/\"> <span class=\"screen-reader-text\">Marsilea hirsuta 1-2 Grow Tropica<\/span> Read More &raquo;<\/a><\/p>","protected":false},"featured_media":53212,"template":"","meta":{"site-sidebar-layout":"default","site-content-layout":"","ast-site-content-layout":"default","site-content-style":"default","site-sidebar-style":"default","ast-global-header-display":"","ast-banner-title-visibility":"","ast-main-header-display":"","ast-hfb-above-header-display":"","ast-hfb-below-header-display":"","ast-hfb-mobile-header-display":"","site-post-title":"","ast-breadcrumbs-content":"","ast-featured-img":"","footer-sml-layout":"","theme-transparent-header-meta":"default","adv-header-id-meta":"","stick-header-meta":"","header-above-stick-meta":"","header-main-stick-meta":"","header-below-stick-meta":"","astra-migrate-meta-layouts":"set"},"product_cat":[1513],"product_tag":[1064],"_links":{"self":[{"href":"https:\/\/pfkeepers.com\/english\/wp-json\/wp\/v2\/product\/53211"}],"collection":[{"href":"https:\/\/pfkeepers.com\/english\/wp-json\/wp\/v2\/product"}],"about":[{"href":"https:\/\/pfkeepers.com\/english\/wp-json\/wp\/v2\/types\/product"}],"wp:featuredmedia":[{"embeddable":true,"href":"https:\/\/pfkeepers.com\/english\/wp-json\/wp\/v2\/media\/53212"}],"wp:attachment":[{"href":"https:\/\/pfkeepers.com\/english\/wp-json\/wp\/v2\/media?parent=53211"}],"wp:term":[{"taxonomy":"product_cat","embeddable":true,"href":"https:\/\/pfkeepers.com\/english\/wp-json\/wp\/v2\/product_cat?post=53211"},{"taxonomy":"product_tag","embeddable":true,"href":"https:\/\/pfkeepers.com\/english\/wp-json\/wp\/v2\/product_tag?post=53211"}],"curies":[{"name":"wp","href":"https:\/\/api.w.org\/{rel}","templated":true}]}}