{"id":53200,"date":"2024-03-04T15:45:02","date_gmt":"2024-03-04T15:45:02","guid":{"rendered":"https:\/\/pfkeepers.com\/produto\/sunburst-butterfly-chaetodon-kleinii\/"},"modified":"2026-04-19T00:39:28","modified_gmt":"2026-04-19T00:39:28","slug":"sunburst-butterfly-chaetodon-kleinii","status":"publish","type":"product","link":"https:\/\/pfkeepers.com\/english\/product\/sunburst-butterfly-chaetodon-kleinii\/","title":{"rendered":"Sunburst Butterfly &#8211; Chaetodon kleinii"},"content":{"rendered":"<p>N\u00edvel de Cuidado: F\u00e1cil<\/p>\n<p>Temperamento: Pac\u00edfico<\/p>\n<p>Dieta: On\u00edvoro<\/p>\n<p>Compat\u00edvel com Recife: Com Precau\u00e7\u00e3o<\/p>\n<p>Condi\u00e7\u00f5es da \u00e1gua: 72-78\u00b0 F, dKH 8-12, pH 8,1-8,4, sg 1,020-1,025<\/p>\n<p>M\u00e1x. Tamanho: 6&#8243;<\/p>\n<p>Origem: Indon\u00e9sia, Nova Caled\u00f4nia<\/p>\n<p>Fam\u00edlia: Chaetodontidae<\/p>\n<p>Tamanho m\u00ednimo do tanque: 120 gal\u00f5es<\/p>\n<p>O Orange Butterflyfish, tamb\u00e9m conhecido como Sunburst, Brown, Klein, Corallicola ou Blacklip Butterflyfish, \u00e9 principalmente amarelo-dourado. Pode ter uma faixa preta ou preta e azul nos olhos.<br \/>\nEle pode ser mantido em um aqu\u00e1rio de 120 gal\u00f5es ou maior com outros peixes-borboleta, incluindo membros de sua pr\u00f3pria esp\u00e9cie, se eles foram introduzidos no tanque ao mesmo tempo. O Orange Butterflyfish n\u00e3o \u00e9 seguro para os recifes, pois pode comer corais de couro e outros corais moles. \u00c9 um excelente peixe para iniciantes.<\/p>\n<p>A dieta deve consistir em itens carnudos, como peixes, crust\u00e1ceos, camar\u00e3o mysis e prepara\u00e7\u00f5es marinhas congeladas. Ele precisa ser alimentado pelo menos tr\u00eas vezes ao dia.<\/p>","protected":false},"excerpt":{"rendered":"<p>N\u00edvel de Cuidado: F\u00e1cil Temperamento: Pac\u00edfico Dieta: On\u00edvoro Compat\u00edvel com Recife: Com Precau\u00e7\u00e3o Condi\u00e7\u00f5es da \u00e1gua: 72-78\u00b0 F, dKH 8-12, pH 8,1-8,4, sg 1,020-1,025 M\u00e1x. Tamanho: 6&#8243; Origem: Indon\u00e9sia, Nova Caled\u00f4nia Fam\u00edlia: Chaetodontidae Tamanho m\u00ednimo do tanque: 120 gal\u00f5es O Orange Butterflyfish, tamb\u00e9m conhecido como Sunburst, Brown, Klein, Corallicola ou Blacklip Butterflyfish, \u00e9 principalmente amarelo-dourado. &hellip;<\/p>\n<p class=\"read-more\"> <a class=\"\" href=\"https:\/\/pfkeepers.com\/english\/product\/sunburst-butterfly-chaetodon-kleinii\/\"> <span class=\"screen-reader-text\">Sunburst Butterfly &#8211; Chaetodon kleinii<\/span> Read More &raquo;<\/a><\/p>","protected":false},"featured_media":53201,"template":"","meta":{"site-sidebar-layout":"default","site-content-layout":"","ast-site-content-layout":"default","site-content-style":"default","site-sidebar-style":"default","ast-global-header-display":"","ast-banner-title-visibility":"","ast-main-header-display":"","ast-hfb-above-header-display":"","ast-hfb-below-header-display":"","ast-hfb-mobile-header-display":"","site-post-title":"","ast-breadcrumbs-content":"","ast-featured-img":"","footer-sml-layout":"","theme-transparent-header-meta":"default","adv-header-id-meta":"","stick-header-meta":"","header-above-stick-meta":"","header-main-stick-meta":"","header-below-stick-meta":"","astra-migrate-meta-layouts":"set"},"product_cat":[1355],"product_tag":[],"_links":{"self":[{"href":"https:\/\/pfkeepers.com\/english\/wp-json\/wp\/v2\/product\/53200"}],"collection":[{"href":"https:\/\/pfkeepers.com\/english\/wp-json\/wp\/v2\/product"}],"about":[{"href":"https:\/\/pfkeepers.com\/english\/wp-json\/wp\/v2\/types\/product"}],"wp:featuredmedia":[{"embeddable":true,"href":"https:\/\/pfkeepers.com\/english\/wp-json\/wp\/v2\/media\/53201"}],"wp:attachment":[{"href":"https:\/\/pfkeepers.com\/english\/wp-json\/wp\/v2\/media?parent=53200"}],"wp:term":[{"taxonomy":"product_cat","embeddable":true,"href":"https:\/\/pfkeepers.com\/english\/wp-json\/wp\/v2\/product_cat?post=53200"},{"taxonomy":"product_tag","embeddable":true,"href":"https:\/\/pfkeepers.com\/english\/wp-json\/wp\/v2\/product_tag?post=53200"}],"curies":[{"name":"wp","href":"https:\/\/api.w.org\/{rel}","templated":true}]}}