{"id":53194,"date":"2024-03-04T15:44:52","date_gmt":"2024-03-04T15:44:52","guid":{"rendered":"https:\/\/pfkeepers.com\/produto\/gamma-slice-concentrated-bloodworms-flat-pack-250g\/"},"modified":"2026-04-19T00:39:22","modified_gmt":"2026-04-19T00:39:22","slug":"gamma-slice-concentrated-bloodworms-flat-pack-250g","status":"publish","type":"product","link":"https:\/\/pfkeepers.com\/english\/product\/gamma-slice-concentrated-bloodworms-flat-pack-250g\/","title":{"rendered":"Gamma Slice Concentrated Bloodworms Flat Pack 250g"},"content":{"rendered":"<p>Chironomidae<br \/>\nDescri\u00e7\u00e3o<br \/>\nMini Bloodworm<\/p>\n<p>Para marinho, tropical, \u00e1gua fria, cicl\u00eddeo e disco.<\/p>\n<p>Nova embalagem a granel de 250g.<br \/>\nO \u00fanico alimento usado pelo Tropical Marine Centre em suas tr\u00eas instala\u00e7\u00f5es de reten\u00e7\u00e3o de peixes no Reino Unido.<br \/>\nIngredientes da mais alta qualidade.<br \/>\nRapidamente embalado, selado e congelado.<br \/>\nGama irradiado. Isso elimina completamente qualquer risco de introdu\u00e7\u00e3o de parasitas ou bact\u00e9rias nocivas em seu aqu\u00e1rio, e tamb\u00e9m significa que o alimento \u00e9 completamente seguro para armazenar em seu freezer.<br \/>\nProdutos 100% naturais e a grande variedade dispon\u00edvel garantem que cada esp\u00e9cie de peixe receba uma dieta equilibrada, variada e interessante.<br \/>\nO guia de adequa\u00e7\u00e3o de alimenta\u00e7\u00e3o codificado por cores facilita encontrar o alimento certo para o seu peixe!<\/p>","protected":false},"excerpt":{"rendered":"<p>Chironomidae Descri\u00e7\u00e3o Mini Bloodworm Para marinho, tropical, \u00e1gua fria, cicl\u00eddeo e disco. Nova embalagem a granel de 250g. O \u00fanico alimento usado pelo Tropical Marine Centre em suas tr\u00eas instala\u00e7\u00f5es de reten\u00e7\u00e3o de peixes no Reino Unido. Ingredientes da mais alta qualidade. Rapidamente embalado, selado e congelado. Gama irradiado. Isso elimina completamente qualquer risco de &hellip;<\/p>\n<p class=\"read-more\"> <a class=\"\" href=\"https:\/\/pfkeepers.com\/english\/product\/gamma-slice-concentrated-bloodworms-flat-pack-250g\/\"> <span class=\"screen-reader-text\">Gamma Slice Concentrated Bloodworms Flat Pack 250g<\/span> Read More &raquo;<\/a><\/p>","protected":false},"featured_media":53195,"template":"","meta":{"site-sidebar-layout":"default","site-content-layout":"","ast-site-content-layout":"","site-content-style":"default","site-sidebar-style":"default","ast-global-header-display":"","ast-banner-title-visibility":"","ast-main-header-display":"","ast-hfb-above-header-display":"","ast-hfb-below-header-display":"","ast-hfb-mobile-header-display":"","site-post-title":"","ast-breadcrumbs-content":"","ast-featured-img":"","footer-sml-layout":"","theme-transparent-header-meta":"","adv-header-id-meta":"","stick-header-meta":"","header-above-stick-meta":"","header-main-stick-meta":"","header-below-stick-meta":"","astra-migrate-meta-layouts":""},"product_cat":[1396],"product_tag":[879],"_links":{"self":[{"href":"https:\/\/pfkeepers.com\/english\/wp-json\/wp\/v2\/product\/53194"}],"collection":[{"href":"https:\/\/pfkeepers.com\/english\/wp-json\/wp\/v2\/product"}],"about":[{"href":"https:\/\/pfkeepers.com\/english\/wp-json\/wp\/v2\/types\/product"}],"wp:featuredmedia":[{"embeddable":true,"href":"https:\/\/pfkeepers.com\/english\/wp-json\/wp\/v2\/media\/53195"}],"wp:attachment":[{"href":"https:\/\/pfkeepers.com\/english\/wp-json\/wp\/v2\/media?parent=53194"}],"wp:term":[{"taxonomy":"product_cat","embeddable":true,"href":"https:\/\/pfkeepers.com\/english\/wp-json\/wp\/v2\/product_cat?post=53194"},{"taxonomy":"product_tag","embeddable":true,"href":"https:\/\/pfkeepers.com\/english\/wp-json\/wp\/v2\/product_tag?post=53194"}],"curies":[{"name":"wp","href":"https:\/\/api.w.org\/{rel}","templated":true}]}}