{"id":53165,"date":"2024-03-04T15:43:41","date_gmt":"2024-03-04T15:43:41","guid":{"rendered":"https:\/\/pfkeepers.com\/produto\/seachem-zip-bag\/"},"modified":"2025-02-27T21:27:41","modified_gmt":"2025-02-27T21:27:41","slug":"seachem-zip-bag","status":"publish","type":"product","link":"https:\/\/pfkeepers.com\/english\/product\/seachem-zip-bag\/","title":{"rendered":"Seachem Zip Bag SM 32cm x 14cm"},"content":{"rendered":"<p>O Small Zip Bag \u2122 \u00e9 um saco de malha para armazenar meios de filtragem. Est\u00e1 dispon\u00edvel em um tamanho de 32 cm x 14 cm (12,5 \u201dx 5,5\u201d), suporta facilmente 1 litro de meio de filtragem e vem com um conveniente z\u00edper resistente \u00e0 corros\u00e3o. Possui o menor tamanho de malha da linha Zip Bag e \u00e9 capaz de armazenar todos os meios de filtragem Seachem, incluindo resinas.<\/p>\n<p>Tamanhos: 32 cm x 14 cm (12,5 &#8220;x 5,5&#8221;)<\/p>","protected":false},"excerpt":{"rendered":"<p>O Small Zip Bag \u2122 \u00e9 um saco de malha para armazenar meios de filtragem. Est\u00e1 dispon\u00edvel em um tamanho de 32 cm x 14 cm (12,5 \u201dx 5,5\u201d), suporta facilmente 1 litro de meio de filtragem e vem com um conveniente z\u00edper resistente \u00e0 corros\u00e3o. Possui o menor tamanho de malha da linha Zip &hellip;<\/p>\n<p class=\"read-more\"> <a class=\"\" href=\"https:\/\/pfkeepers.com\/english\/product\/seachem-zip-bag\/\"> <span class=\"screen-reader-text\">Seachem Zip Bag SM 32cm x 14cm<\/span> Read More &raquo;<\/a><\/p>","protected":false},"featured_media":173516,"template":"","meta":{"site-sidebar-layout":"default","site-content-layout":"","ast-site-content-layout":"default","site-content-style":"default","site-sidebar-style":"default","ast-global-header-display":"","ast-banner-title-visibility":"","ast-main-header-display":"","ast-hfb-above-header-display":"","ast-hfb-below-header-display":"","ast-hfb-mobile-header-display":"","site-post-title":"","ast-breadcrumbs-content":"","ast-featured-img":"","footer-sml-layout":"","theme-transparent-header-meta":"default","adv-header-id-meta":"","stick-header-meta":"","header-above-stick-meta":"","header-main-stick-meta":"","header-below-stick-meta":"","astra-migrate-meta-layouts":"set"},"product_cat":[1583],"product_tag":[1037],"_links":{"self":[{"href":"https:\/\/pfkeepers.com\/english\/wp-json\/wp\/v2\/product\/53165"}],"collection":[{"href":"https:\/\/pfkeepers.com\/english\/wp-json\/wp\/v2\/product"}],"about":[{"href":"https:\/\/pfkeepers.com\/english\/wp-json\/wp\/v2\/types\/product"}],"wp:featuredmedia":[{"embeddable":true,"href":"https:\/\/pfkeepers.com\/english\/wp-json\/wp\/v2\/media\/173516"}],"wp:attachment":[{"href":"https:\/\/pfkeepers.com\/english\/wp-json\/wp\/v2\/media?parent=53165"}],"wp:term":[{"taxonomy":"product_cat","embeddable":true,"href":"https:\/\/pfkeepers.com\/english\/wp-json\/wp\/v2\/product_cat?post=53165"},{"taxonomy":"product_tag","embeddable":true,"href":"https:\/\/pfkeepers.com\/english\/wp-json\/wp\/v2\/product_tag?post=53165"}],"curies":[{"name":"wp","href":"https:\/\/api.w.org\/{rel}","templated":true}]}}