{"id":53145,"date":"2024-03-04T15:43:09","date_gmt":"2024-03-04T15:43:09","guid":{"rendered":"https:\/\/pfkeepers.com\/produto\/aquael-asap-filter-700-150-250l\/"},"modified":"2026-04-19T00:38:58","modified_gmt":"2026-04-19T00:38:58","slug":"aquael-asap-filter-700-150-250l","status":"publish","type":"product","link":"https:\/\/pfkeepers.com\/english\/product\/aquael-asap-filter-700-150-250l\/","title":{"rendered":"AquaEl ASAP Filter 700 (150-250L)"},"content":{"rendered":"<p>Nova linha revolucion\u00e1ria de filtros internos para aqu\u00e1rios.<\/p>\n<p>Tamb\u00e9m s\u00e3o ideais para uso em aquaterr\u00e1rios, pois podem operar em \u00e1guas rasas de at\u00e9 5cm de profundidade.<\/p>\n<p>Os filtros ASAP combinam alto desempenho e \u00f3tima usabilidade com um design inteligente que reduz o tempo necess\u00e1rio para a sua manuten\u00e7\u00e3o.<\/p>\n<p>A limpeza da esponja pode ser realizada sem a necessidade de remover todo o filtro do aqu\u00e1rio, o que \u00e9 muito conveniente e reduz significativamente o tempo de manuten\u00e7\u00e3o.<\/p>\n<p>Al\u00e9m disso s\u00e3o direccion\u00e1veis e efetivamente oxigenam a \u00e1gua do aqu\u00e1rio, causando um forte movimento da superf\u00edcie da \u00e1gua.<\/p>\n<p>N\u00e3o ter\u00e1 problemas para substituir o cartucho de esponja ou limpar o filtro. Para garantir que seu aqu\u00e1rio permane\u00e7a sempre bonito, pode utilizar o cartucho padr\u00e3o ou outros cartuchos vendidos separadamente com carv\u00e3o ativado ou absorvente de fosfatos.<\/p>\n<p>Caracter\u00edsticas:<\/p>\n<p>Volume de aqu\u00e1rio: 150-250L<br \/>\nCircula\u00e7\u00e3o: 650L\/h<br \/>\nConsumo: 6,8W<br \/>\nDimens\u00f5es: 6,5&#215;9,9&#215;24,4cm<\/p>","protected":false},"excerpt":{"rendered":"<p>Nova linha revolucion\u00e1ria de filtros internos para aqu\u00e1rios. Tamb\u00e9m s\u00e3o ideais para uso em aquaterr\u00e1rios, pois podem operar em \u00e1guas rasas de at\u00e9 5cm de profundidade. Os filtros ASAP combinam alto desempenho e \u00f3tima usabilidade com um design inteligente que reduz o tempo necess\u00e1rio para a sua manuten\u00e7\u00e3o. A limpeza da esponja pode ser realizada &hellip;<\/p>\n<p class=\"read-more\"> <a class=\"\" href=\"https:\/\/pfkeepers.com\/english\/product\/aquael-asap-filter-700-150-250l\/\"> <span class=\"screen-reader-text\">AquaEl ASAP Filter 700 (150-250L)<\/span> Read More &raquo;<\/a><\/p>","protected":false},"featured_media":53146,"template":"","meta":{"site-sidebar-layout":"default","site-content-layout":"","ast-site-content-layout":"","site-content-style":"default","site-sidebar-style":"default","ast-global-header-display":"","ast-banner-title-visibility":"","ast-main-header-display":"","ast-hfb-above-header-display":"","ast-hfb-below-header-display":"","ast-hfb-mobile-header-display":"","site-post-title":"","ast-breadcrumbs-content":"","ast-featured-img":"","footer-sml-layout":"","theme-transparent-header-meta":"","adv-header-id-meta":"","stick-header-meta":"","header-above-stick-meta":"","header-main-stick-meta":"","header-below-stick-meta":"","astra-migrate-meta-layouts":""},"product_cat":[1475],"product_tag":[767],"_links":{"self":[{"href":"https:\/\/pfkeepers.com\/english\/wp-json\/wp\/v2\/product\/53145"}],"collection":[{"href":"https:\/\/pfkeepers.com\/english\/wp-json\/wp\/v2\/product"}],"about":[{"href":"https:\/\/pfkeepers.com\/english\/wp-json\/wp\/v2\/types\/product"}],"wp:featuredmedia":[{"embeddable":true,"href":"https:\/\/pfkeepers.com\/english\/wp-json\/wp\/v2\/media\/53146"}],"wp:attachment":[{"href":"https:\/\/pfkeepers.com\/english\/wp-json\/wp\/v2\/media?parent=53145"}],"wp:term":[{"taxonomy":"product_cat","embeddable":true,"href":"https:\/\/pfkeepers.com\/english\/wp-json\/wp\/v2\/product_cat?post=53145"},{"taxonomy":"product_tag","embeddable":true,"href":"https:\/\/pfkeepers.com\/english\/wp-json\/wp\/v2\/product_tag?post=53145"}],"curies":[{"name":"wp","href":"https:\/\/api.w.org\/{rel}","templated":true}]}}