{"id":53113,"date":"2024-03-04T15:42:19","date_gmt":"2024-03-04T15:42:19","guid":{"rendered":"https:\/\/pfkeepers.com\/produto\/strideways-sado-60l-aquario\/"},"modified":"2026-04-18T03:25:50","modified_gmt":"2026-04-18T03:25:50","slug":"strideways-sado-60l-aquario","status":"publish","type":"product","link":"https:\/\/pfkeepers.com\/english\/product\/strideways-sado-60l-aquario\/","title":{"rendered":"Strideways SADO 60L Aquarium"},"content":{"rendered":"<p>Nota: Por favor contate-nos antes de efetuar a compra para saber detalhes acerca do envio.<\/p>\n<p>SADO \u00e9 uma linha de aqu\u00e1rios em vidro extra-claro, especial Opti-White, onde o seu protagonismo n\u00e3o est\u00e1 apenas na grande transpar\u00eancia do seu vidro mas tamb\u00e9m nos seus acabamentos perfeccionistas.<\/p>\n<p>Caracter\u00edsticas do aqu\u00e1rio: <\/p>\n<p>Vidro com elevada transpar\u00eancia gra\u00e7as a uma composi\u00e7\u00e3o reduzida de ferro<br \/>\nEspessura de vidro: 6mm<br \/>\nAcabamentos em silicone irrepreens\u00edveis<br \/>\nDimens\u00f5es: Sado 60PS ( 60x40x40* )<br \/>\nVolume: 64L<br \/>\nTampa em vidro com clips<br \/>\nBase de protec\u00e7\u00e3o branca<\/p>","protected":false},"excerpt":{"rendered":"<p>Nota: Por favor contate-nos antes de efetuar a compra para saber detalhes acerca do envio. SADO \u00e9 uma linha de aqu\u00e1rios em vidro extra-claro, especial Opti-White, onde o seu protagonismo n\u00e3o est\u00e1 apenas na grande transpar\u00eancia do seu vidro mas tamb\u00e9m nos seus acabamentos perfeccionistas. Caracter\u00edsticas do aqu\u00e1rio: Vidro com elevada transpar\u00eancia gra\u00e7as a uma &hellip;<\/p>\n<p class=\"read-more\"> <a class=\"\" href=\"https:\/\/pfkeepers.com\/english\/product\/strideways-sado-60l-aquario\/\"> <span class=\"screen-reader-text\">Strideways SADO 60L Aquarium<\/span> Read More &raquo;<\/a><\/p>","protected":false},"featured_media":53114,"template":"","meta":{"site-sidebar-layout":"default","site-content-layout":"","ast-site-content-layout":"default","site-content-style":"default","site-sidebar-style":"default","ast-global-header-display":"","ast-banner-title-visibility":"","ast-main-header-display":"","ast-hfb-above-header-display":"","ast-hfb-below-header-display":"","ast-hfb-mobile-header-display":"","site-post-title":"","ast-breadcrumbs-content":"","ast-featured-img":"","footer-sml-layout":"","theme-transparent-header-meta":"default","adv-header-id-meta":"","stick-header-meta":"","header-above-stick-meta":"","header-main-stick-meta":"","header-below-stick-meta":"","astra-migrate-meta-layouts":"set"},"product_cat":[1389],"product_tag":[1048],"_links":{"self":[{"href":"https:\/\/pfkeepers.com\/english\/wp-json\/wp\/v2\/product\/53113"}],"collection":[{"href":"https:\/\/pfkeepers.com\/english\/wp-json\/wp\/v2\/product"}],"about":[{"href":"https:\/\/pfkeepers.com\/english\/wp-json\/wp\/v2\/types\/product"}],"wp:featuredmedia":[{"embeddable":true,"href":"https:\/\/pfkeepers.com\/english\/wp-json\/wp\/v2\/media\/53114"}],"wp:attachment":[{"href":"https:\/\/pfkeepers.com\/english\/wp-json\/wp\/v2\/media?parent=53113"}],"wp:term":[{"taxonomy":"product_cat","embeddable":true,"href":"https:\/\/pfkeepers.com\/english\/wp-json\/wp\/v2\/product_cat?post=53113"},{"taxonomy":"product_tag","embeddable":true,"href":"https:\/\/pfkeepers.com\/english\/wp-json\/wp\/v2\/product_tag?post=53113"}],"curies":[{"name":"wp","href":"https:\/\/api.w.org\/{rel}","templated":true}]}}