{"id":53109,"date":"2024-03-04T15:42:12","date_gmt":"2024-03-04T15:42:12","guid":{"rendered":"https:\/\/pfkeepers.com\/produto\/waudog-smart-id-tag-superman\/"},"modified":"2024-12-18T18:57:58","modified_gmt":"2024-12-18T18:57:58","slug":"waudog-smart-id-tag-superman","status":"publish","type":"product","link":"https:\/\/pfkeepers.com\/english\/product\/waudog-smart-id-tag-superman\/","title":{"rendered":"Waudog Smart ID Tag &#8211; Superman"},"content":{"rendered":"<p>DESCRI\u00c7\u00c3O<br \/>\nPORQU\u00ca SMART ID TAG PARA C\u00c3ES?<br \/>\nConhe\u00e7a essas v\u00edvidas etiquetas de identifica\u00e7\u00e3o inteligentes para c\u00e3es criadas para verdadeiros amantes digitais e seus amigos fofos. Deixe o seu c\u00e3o fazer parte da sua paix\u00e3o com esta solu\u00e7\u00e3o digital moderna com estampa viva e moderna.<\/p>\n<p> \u2714\ufe0fSolu\u00e7\u00e3o Digital Moderna &#8211; Tag de nome de animal de estima\u00e7\u00e3o QR para c\u00e3es simplifica o processo de encontrar o dono. Voc\u00ea pode vincular a etiqueta de identifica\u00e7\u00e3o do c\u00e3o ao aplicativo m\u00f3vel, adicionar v\u00e1rios contatos e alter\u00e1-los a qualquer momento. Adicionar informa\u00e7\u00f5es sobre dieta e sa\u00fade ajudar\u00e1 o localizador a cuidar do seu animal de estima\u00e7\u00e3o.<\/p>\n<p>\u2714\ufe0fAplicativo m\u00f3vel multifuncional &#8211; Etiquetas personalizadas para c\u00e3es e gatos est\u00e3o vinculadas ao perfil do seu animal de estima\u00e7\u00e3o. Voc\u00ea pode manter os documentos do pet digitalizados e estruturados, planejar de forma eficaz os eventos na vida do pet. Voc\u00ea pode armazenar informa\u00e7\u00f5es sobre v\u00e1rios animais de estima\u00e7\u00e3o ao mesmo tempo.<\/p>\n<p>\u2714\ufe0fNotifica\u00e7\u00e3o de digitaliza\u00e7\u00e3o com localiza\u00e7\u00e3o do animal de estima\u00e7\u00e3o &#8211; Se algu\u00e9m digitalizar o c\u00f3digo QR do c\u00e3o perdido das etiquetas de identifica\u00e7\u00e3o do animal de estima\u00e7\u00e3o para c\u00e3es, o propriet\u00e1rio ser\u00e1 notificado instantaneamente. Voc\u00ea recebe uma mensagem com a localiza\u00e7\u00e3o exata do animal de estima\u00e7\u00e3o, gra\u00e7as \u00e0 qual voc\u00ea tem uma ideia clara do paradeiro do c\u00e3o.<\/p>\n<p> A etiqueta para animais de estima\u00e7\u00e3o parece moderna devido \u00e0 impress\u00e3o em cores premium. A prote\u00e7\u00e3o de impress\u00e3o de 3 camadas torna o crach\u00e1 de cachorro mais dur\u00e1vel.<\/p>","protected":false},"excerpt":{"rendered":"<p>DESCRI\u00c7\u00c3O PORQU\u00ca SMART ID TAG PARA C\u00c3ES? Conhe\u00e7a essas v\u00edvidas etiquetas de identifica\u00e7\u00e3o inteligentes para c\u00e3es criadas para verdadeiros amantes digitais e seus amigos fofos. Deixe o seu c\u00e3o fazer parte da sua paix\u00e3o com esta solu\u00e7\u00e3o digital moderna com estampa viva e moderna. \u2714\ufe0fSolu\u00e7\u00e3o Digital Moderna &#8211; Tag de nome de animal de estima\u00e7\u00e3o &hellip;<\/p>\n<p class=\"read-more\"> <a class=\"\" href=\"https:\/\/pfkeepers.com\/english\/product\/waudog-smart-id-tag-superman\/\"> <span class=\"screen-reader-text\">Waudog Smart ID Tag &#8211; Superman<\/span> Read More &raquo;<\/a><\/p>","protected":false},"featured_media":53110,"template":"","meta":{"site-sidebar-layout":"default","site-content-layout":"","ast-site-content-layout":"","site-content-style":"default","site-sidebar-style":"default","ast-global-header-display":"","ast-banner-title-visibility":"","ast-main-header-display":"","ast-hfb-above-header-display":"","ast-hfb-below-header-display":"","ast-hfb-mobile-header-display":"","site-post-title":"","ast-breadcrumbs-content":"","ast-featured-img":"","footer-sml-layout":"","theme-transparent-header-meta":"","adv-header-id-meta":"","stick-header-meta":"","header-above-stick-meta":"","header-main-stick-meta":"","header-below-stick-meta":"","astra-migrate-meta-layouts":""},"product_cat":[658],"product_tag":[1085],"_links":{"self":[{"href":"https:\/\/pfkeepers.com\/english\/wp-json\/wp\/v2\/product\/53109"}],"collection":[{"href":"https:\/\/pfkeepers.com\/english\/wp-json\/wp\/v2\/product"}],"about":[{"href":"https:\/\/pfkeepers.com\/english\/wp-json\/wp\/v2\/types\/product"}],"wp:featuredmedia":[{"embeddable":true,"href":"https:\/\/pfkeepers.com\/english\/wp-json\/wp\/v2\/media\/53110"}],"wp:attachment":[{"href":"https:\/\/pfkeepers.com\/english\/wp-json\/wp\/v2\/media?parent=53109"}],"wp:term":[{"taxonomy":"product_cat","embeddable":true,"href":"https:\/\/pfkeepers.com\/english\/wp-json\/wp\/v2\/product_cat?post=53109"},{"taxonomy":"product_tag","embeddable":true,"href":"https:\/\/pfkeepers.com\/english\/wp-json\/wp\/v2\/product_tag?post=53109"}],"curies":[{"name":"wp","href":"https:\/\/api.w.org\/{rel}","templated":true}]}}