{"id":53078,"date":"2024-03-04T15:41:21","date_gmt":"2024-03-04T15:41:21","guid":{"rendered":"https:\/\/pfkeepers.com\/produto\/tropic-marin-pro-reef-sea-salt-10kg-300l\/"},"modified":"2026-04-19T00:38:10","modified_gmt":"2026-04-19T00:38:10","slug":"tropic-marin-pro-reef-sea-salt-10kg-300l","status":"publish","type":"product","link":"https:\/\/pfkeepers.com\/english\/product\/tropic-marin-pro-reef-sea-salt-10kg-300l\/","title":{"rendered":"Tropic Marin Pro Reef Sea Salt 10kg"},"content":{"rendered":"<p>O sal marinho Tropic Marin PRO-REEF foi produzido para oferecer condi\u00e7\u00f5es de tratamento especiais nos aqu\u00e1rios de recife: as concentra\u00e7\u00f5es otimizadas de c\u00e1lcio e magn\u00e9sio promovem o crescimento dos corais. A capacidade de tamp\u00e3o adequada estabiliza o valor de pH e a dureza carbonatada, mesmo no caso de utiliza\u00e7\u00e3o de reatores de c\u00e1lcio e outros m\u00e9todos de fornecimento de c\u00e1lcio. Atrav\u00e9s deste ajuste preciso de todos os fatores de influ\u00eancia s\u00e3o criadas as condi\u00e7\u00f5es vitais naturais e sustent\u00e1veis no aqu\u00e1rio com uma alcalinidade entre 7 e 8 \u00b0dH.<\/p>\n<p>Benef\u00edcios \/ Vantagens do produto<\/p>\n<p>\u2022 Especial para aqu\u00e1rios de recife com grande necessidade de c\u00e1lcio<\/p>\n<p>\u2022 Para o ajuste da alcalinidade num intervalo entre 7 e 8 \u00b0dH<\/p>\n<p>\u2022 Particularmente adequado em combina\u00e7\u00e3o com reatores de c\u00e1lcio e complementos minerais<\/p>\n<p>\u2022 Estabiliza\u00e7\u00e3o do valor de pH<\/p>\n<p>\u2022 R\u00e1pida e total solubilidade na \u00e1gua<\/p>\n<p>\u2022 Isento de nitratos, fosfatos e outras concentra\u00e7\u00f5es n\u00e3o naturais<\/p>\n<p>\u2022 Produzido com sais farmaceuticamente puros (m\u00e1ximos requisitos de qualidade na produ\u00e7\u00e3o<\/p>\n<p> de medicamentos)<\/p>\n<p>\u2022 Base ideal para os cuidados dos peixes, corais e outros invertebrados nos modernos aqu\u00e1rios de recife de corais<\/p>\n<p>Embalagem de 10KG.<\/p>","protected":false},"excerpt":{"rendered":"<p>O sal marinho Tropic Marin PRO-REEF foi produzido para oferecer condi\u00e7\u00f5es de tratamento especiais nos aqu\u00e1rios de recife: as concentra\u00e7\u00f5es otimizadas de c\u00e1lcio e magn\u00e9sio promovem o crescimento dos corais. A capacidade de tamp\u00e3o adequada estabiliza o valor de pH e a dureza carbonatada, mesmo no caso de utiliza\u00e7\u00e3o de reatores de c\u00e1lcio e outros &hellip;<\/p>\n<p class=\"read-more\"> <a class=\"\" href=\"https:\/\/pfkeepers.com\/english\/product\/tropic-marin-pro-reef-sea-salt-10kg-300l\/\"> <span class=\"screen-reader-text\">Tropic Marin Pro Reef Sea Salt 10kg<\/span> Read More &raquo;<\/a><\/p>","protected":false},"featured_media":53079,"template":"","meta":{"site-sidebar-layout":"default","site-content-layout":"","ast-site-content-layout":"","site-content-style":"default","site-sidebar-style":"default","ast-global-header-display":"","ast-banner-title-visibility":"","ast-main-header-display":"","ast-hfb-above-header-display":"","ast-hfb-below-header-display":"","ast-hfb-mobile-header-display":"","site-post-title":"","ast-breadcrumbs-content":"","ast-featured-img":"","footer-sml-layout":"","theme-transparent-header-meta":"","adv-header-id-meta":"","stick-header-meta":"","header-above-stick-meta":"","header-main-stick-meta":"","header-below-stick-meta":"","astra-migrate-meta-layouts":""},"product_cat":[1362],"product_tag":[1062],"_links":{"self":[{"href":"https:\/\/pfkeepers.com\/english\/wp-json\/wp\/v2\/product\/53078"}],"collection":[{"href":"https:\/\/pfkeepers.com\/english\/wp-json\/wp\/v2\/product"}],"about":[{"href":"https:\/\/pfkeepers.com\/english\/wp-json\/wp\/v2\/types\/product"}],"wp:featuredmedia":[{"embeddable":true,"href":"https:\/\/pfkeepers.com\/english\/wp-json\/wp\/v2\/media\/53079"}],"wp:attachment":[{"href":"https:\/\/pfkeepers.com\/english\/wp-json\/wp\/v2\/media?parent=53078"}],"wp:term":[{"taxonomy":"product_cat","embeddable":true,"href":"https:\/\/pfkeepers.com\/english\/wp-json\/wp\/v2\/product_cat?post=53078"},{"taxonomy":"product_tag","embeddable":true,"href":"https:\/\/pfkeepers.com\/english\/wp-json\/wp\/v2\/product_tag?post=53078"}],"curies":[{"name":"wp","href":"https:\/\/api.w.org\/{rel}","templated":true}]}}