{"id":53074,"date":"2024-03-04T15:41:11","date_gmt":"2024-03-04T15:41:11","guid":{"rendered":"https:\/\/pfkeepers.com\/produto\/tetra-ambar-hyphessobrycon-amandae\/"},"modified":"2026-04-19T00:38:05","modified_gmt":"2026-04-19T00:38:05","slug":"tetra-ambar-hyphessobrycon-amandae","status":"publish","type":"product","link":"https:\/\/pfkeepers.com\/english\/product\/tetra-ambar-hyphessobrycon-amandae\/","title":{"rendered":"Tetra Ambar &#8211; Hyphessobrycon amandae"},"content":{"rendered":"<p>Nota: Por favor, ap\u00f3s realizar a encomenda e antes de efetuar o pagamento, confirme a disponibilidade do stock atrav\u00e9s de 249157162 ou pfkeurope@gmail.com.<\/p>\n<p>Este tetra da Am\u00e9rica do Sul \u00e9 uma esp\u00e9cie end\u00e9mica do Rio Araguaia. Habitam pequenos riachos. S\u00e3o uma fant\u00e1stica adi\u00e7\u00e3o para um aqu\u00e1rio comunit\u00e1rio ou como esp\u00e9cie \u00fanica em aqu\u00e1rios plantados. T\u00eam uma boca pequena ligeiramente elevada para cima, da\u00ed que o melhor alimento seja granulado fino. \u00c9 uma esp\u00e9cie pacifica e muito resistente a doen\u00e7as.<\/p>\n<p>Nome da Esp\u00e9cie: Hyphessobrycon amandae<\/p>\n<p>Ordem: Characiformes\/\/Characidae<\/p>\n<p>Intervalo de pH: 5.0-7.0<\/p>\n<p>Intervalo de Temperatura: 20\u00baC-28\u00baC<\/p>\n<p>Dureza: 18ppm-179ppm<\/p>\n<p>Aqu\u00e1rio recomendado: 20L<\/p>","protected":false},"excerpt":{"rendered":"<p>Nota: Por favor, ap\u00f3s realizar a encomenda e antes de efetuar o pagamento, confirme a disponibilidade do stock atrav\u00e9s de 249157162 ou pfkeurope@gmail.com. Este tetra da Am\u00e9rica do Sul \u00e9 uma esp\u00e9cie end\u00e9mica do Rio Araguaia. Habitam pequenos riachos. S\u00e3o uma fant\u00e1stica adi\u00e7\u00e3o para um aqu\u00e1rio comunit\u00e1rio ou como esp\u00e9cie \u00fanica em aqu\u00e1rios plantados. T\u00eam &hellip;<\/p>\n<p class=\"read-more\"> <a class=\"\" href=\"https:\/\/pfkeepers.com\/english\/product\/tetra-ambar-hyphessobrycon-amandae\/\"> <span class=\"screen-reader-text\">Tetra Ambar &#8211; Hyphessobrycon amandae<\/span> Read More &raquo;<\/a><\/p>","protected":false},"featured_media":53075,"template":"","meta":{"site-sidebar-layout":"default","site-content-layout":"","ast-site-content-layout":"","site-content-style":"default","site-sidebar-style":"default","ast-global-header-display":"","ast-banner-title-visibility":"","ast-main-header-display":"","ast-hfb-above-header-display":"","ast-hfb-below-header-display":"","ast-hfb-mobile-header-display":"","site-post-title":"","ast-breadcrumbs-content":"","ast-featured-img":"","footer-sml-layout":"","theme-transparent-header-meta":"","adv-header-id-meta":"","stick-header-meta":"","header-above-stick-meta":"","header-main-stick-meta":"","header-below-stick-meta":"","astra-migrate-meta-layouts":""},"product_cat":[1354],"product_tag":[874],"_links":{"self":[{"href":"https:\/\/pfkeepers.com\/english\/wp-json\/wp\/v2\/product\/53074"}],"collection":[{"href":"https:\/\/pfkeepers.com\/english\/wp-json\/wp\/v2\/product"}],"about":[{"href":"https:\/\/pfkeepers.com\/english\/wp-json\/wp\/v2\/types\/product"}],"wp:featuredmedia":[{"embeddable":true,"href":"https:\/\/pfkeepers.com\/english\/wp-json\/wp\/v2\/media\/53075"}],"wp:attachment":[{"href":"https:\/\/pfkeepers.com\/english\/wp-json\/wp\/v2\/media?parent=53074"}],"wp:term":[{"taxonomy":"product_cat","embeddable":true,"href":"https:\/\/pfkeepers.com\/english\/wp-json\/wp\/v2\/product_cat?post=53074"},{"taxonomy":"product_tag","embeddable":true,"href":"https:\/\/pfkeepers.com\/english\/wp-json\/wp\/v2\/product_tag?post=53074"}],"curies":[{"name":"wp","href":"https:\/\/api.w.org\/{rel}","templated":true}]}}