{"id":53060,"date":"2024-03-04T15:40:48","date_gmt":"2024-03-04T15:40:48","guid":{"rendered":"https:\/\/pfkeepers.com\/produto\/gourami-leopardo-ctenopoma-acutirostre\/"},"modified":"2026-04-19T00:37:53","modified_gmt":"2026-04-19T00:37:53","slug":"gourami-leopardo-ctenopoma-acutirostre","status":"publish","type":"product","link":"https:\/\/pfkeepers.com\/english\/product\/gourami-leopardo-ctenopoma-acutirostre\/","title":{"rendered":"Gourami Leopardo &#8211; Ctenopoma acutirostre"},"content":{"rendered":"<p>Nome Cient\u00edfico: Ctenopoma acutirostre<\/p>\n<p>Origem: \u00c1frica &#8211; Congo<\/p>\n<p>Ph Min.: 6.8<\/p>\n<p>Ph Max.: 7.5<\/p>\n<p>Temp. Min.: 20\u00ba<\/p>\n<p>Temp. Max.: 28\u00ba<\/p>\n<p>Dureza: 36 &#8211; 215 ppm<\/p>\n<p>Tamanho: 5 cm<\/p>\n<p>Proveniente de \u00c1frica,da bacia do Rio Congo, o GOURAMI LEOPARDO \u00e9 um peixe territorial, tornando-se um pouco agressivo quando t\u00eam os filhos, para os proteger. Ganhou este nome, devido \u00e0 sua colora\u00e7\u00e3o semelhante a um Leopardo.<\/p>\n<p>Temperatura ideal: 24\u00ba a 28\u00ba graus<\/p>","protected":false},"excerpt":{"rendered":"<p>Nome Cient\u00edfico: Ctenopoma acutirostre Origem: \u00c1frica &#8211; Congo Ph Min.: 6.8 Ph Max.: 7.5 Temp. Min.: 20\u00ba Temp. Max.: 28\u00ba Dureza: 36 &#8211; 215 ppm Tamanho: 5 cm Proveniente de \u00c1frica,da bacia do Rio Congo, o GOURAMI LEOPARDO \u00e9 um peixe territorial, tornando-se um pouco agressivo quando t\u00eam os filhos, para os proteger. Ganhou este &hellip;<\/p>\n<p class=\"read-more\"> <a class=\"\" href=\"https:\/\/pfkeepers.com\/english\/product\/gourami-leopardo-ctenopoma-acutirostre\/\"> <span class=\"screen-reader-text\">Gourami Leopardo &#8211; Ctenopoma acutirostre<\/span> Read More &raquo;<\/a><\/p>","protected":false},"featured_media":53061,"template":"","meta":{"site-sidebar-layout":"default","site-content-layout":"","ast-site-content-layout":"","site-content-style":"default","site-sidebar-style":"default","ast-global-header-display":"","ast-banner-title-visibility":"","ast-main-header-display":"","ast-hfb-above-header-display":"","ast-hfb-below-header-display":"","ast-hfb-mobile-header-display":"","site-post-title":"","ast-breadcrumbs-content":"","ast-featured-img":"","footer-sml-layout":"","theme-transparent-header-meta":"","adv-header-id-meta":"","stick-header-meta":"","header-above-stick-meta":"","header-main-stick-meta":"","header-below-stick-meta":"","astra-migrate-meta-layouts":""},"product_cat":[1354],"product_tag":[],"_links":{"self":[{"href":"https:\/\/pfkeepers.com\/english\/wp-json\/wp\/v2\/product\/53060"}],"collection":[{"href":"https:\/\/pfkeepers.com\/english\/wp-json\/wp\/v2\/product"}],"about":[{"href":"https:\/\/pfkeepers.com\/english\/wp-json\/wp\/v2\/types\/product"}],"wp:featuredmedia":[{"embeddable":true,"href":"https:\/\/pfkeepers.com\/english\/wp-json\/wp\/v2\/media\/53061"}],"wp:attachment":[{"href":"https:\/\/pfkeepers.com\/english\/wp-json\/wp\/v2\/media?parent=53060"}],"wp:term":[{"taxonomy":"product_cat","embeddable":true,"href":"https:\/\/pfkeepers.com\/english\/wp-json\/wp\/v2\/product_cat?post=53060"},{"taxonomy":"product_tag","embeddable":true,"href":"https:\/\/pfkeepers.com\/english\/wp-json\/wp\/v2\/product_tag?post=53060"}],"curies":[{"name":"wp","href":"https:\/\/api.w.org\/{rel}","templated":true}]}}