{"id":53058,"date":"2024-03-04T15:40:45","date_gmt":"2024-03-04T15:40:45","guid":{"rendered":"https:\/\/pfkeepers.com\/produto\/mandarin-spotted-pterosynchiropus-picturatus\/"},"modified":"2026-04-19T00:37:47","modified_gmt":"2026-04-19T00:37:47","slug":"mandarin-spotted-pterosynchiropus-picturatus","status":"publish","type":"product","link":"https:\/\/pfkeepers.com\/english\/product\/mandarin-spotted-pterosynchiropus-picturatus\/","title":{"rendered":"Mandarin Spotted &#8211; Pterosynchiropus picturatus"},"content":{"rendered":"<p>N\u00edvel de cuidado: Dif\u00edcil<\/p>\n<p>Temperamento: Pac\u00edfico<\/p>\n<p>Forma de cor: preto, azul, verde, laranja<\/p>\n<p>Dieta: Carn\u00edvora<\/p>\n<p>Compat\u00edvel com Recife: Sim<\/p>\n<p>Condi\u00e7\u00f5es da \u00e1gua: sg 1,020-1,025, 72-78\u00b0 F, dKH 8-12, pH 8,1-8,4<\/p>\n<p>Origem: Indon\u00e9sia<\/p>\n<p>Fam\u00edlia: Callionymidae<\/p>\n<p>O mandarim manchado, tamb\u00e9m conhecido como peixe mandarim manchado, peixe mandarim psicod\u00e9lico, peixe psicod\u00e9lico ou drag\u00e3o de imagem, foi encontrado pela primeira vez no Oceano Pac\u00edfico Ocidental em 1976 por Peters. A cabe\u00e7a, as nadadeiras e o corpo s\u00e3o uma combina\u00e7\u00e3o psicod\u00e9lica de manchas azuis, laranja e pretas sobre uma base verde. Os machos podem ser distinguidos das f\u00eameas pela primeira espinha dorsal mais alongada.<br \/>\nRequer um aqu\u00e1rio de 30 gal\u00f5es ou maior com substrato vivo e muitos esconderijos. \u00c9 moderadamente resistente em aqu\u00e1rios de recife se receber cuidados especiais. N\u00e3o \u00e9 excessivamente agressivo com outros peixes, exceto com esp\u00e9cies da mesma esp\u00e9cie.<\/p>\n<p>Sabe-se que o mandarim manchado desova com sucesso em um aqu\u00e1rio.<\/p>\n<p>A dieta deve consistir em uma variedade de art\u00eamias vivas enriquecidas com vitaminas e minhocas pretas vivas. Ele comer\u00e1 presas naturais de rocha viva e areia viva.<\/p>","protected":false},"excerpt":{"rendered":"<p>N\u00edvel de cuidado: Dif\u00edcil Temperamento: Pac\u00edfico Forma de cor: preto, azul, verde, laranja Dieta: Carn\u00edvora Compat\u00edvel com Recife: Sim Condi\u00e7\u00f5es da \u00e1gua: sg 1,020-1,025, 72-78\u00b0 F, dKH 8-12, pH 8,1-8,4 Origem: Indon\u00e9sia Fam\u00edlia: Callionymidae O mandarim manchado, tamb\u00e9m conhecido como peixe mandarim manchado, peixe mandarim psicod\u00e9lico, peixe psicod\u00e9lico ou drag\u00e3o de imagem, foi encontrado pela &hellip;<\/p>\n<p class=\"read-more\"> <a class=\"\" href=\"https:\/\/pfkeepers.com\/english\/product\/mandarin-spotted-pterosynchiropus-picturatus\/\"> <span class=\"screen-reader-text\">Mandarin Spotted &#8211; Pterosynchiropus picturatus<\/span> Read More &raquo;<\/a><\/p>","protected":false},"featured_media":53059,"template":"","meta":{"site-sidebar-layout":"default","site-content-layout":"","ast-site-content-layout":"","site-content-style":"default","site-sidebar-style":"default","ast-global-header-display":"","ast-banner-title-visibility":"","ast-main-header-display":"","ast-hfb-above-header-display":"","ast-hfb-below-header-display":"","ast-hfb-mobile-header-display":"","site-post-title":"","ast-breadcrumbs-content":"","ast-featured-img":"","footer-sml-layout":"","theme-transparent-header-meta":"","adv-header-id-meta":"","stick-header-meta":"","header-above-stick-meta":"","header-main-stick-meta":"","header-below-stick-meta":"","astra-migrate-meta-layouts":""},"product_cat":[1355],"product_tag":[],"_links":{"self":[{"href":"https:\/\/pfkeepers.com\/english\/wp-json\/wp\/v2\/product\/53058"}],"collection":[{"href":"https:\/\/pfkeepers.com\/english\/wp-json\/wp\/v2\/product"}],"about":[{"href":"https:\/\/pfkeepers.com\/english\/wp-json\/wp\/v2\/types\/product"}],"wp:featuredmedia":[{"embeddable":true,"href":"https:\/\/pfkeepers.com\/english\/wp-json\/wp\/v2\/media\/53059"}],"wp:attachment":[{"href":"https:\/\/pfkeepers.com\/english\/wp-json\/wp\/v2\/media?parent=53058"}],"wp:term":[{"taxonomy":"product_cat","embeddable":true,"href":"https:\/\/pfkeepers.com\/english\/wp-json\/wp\/v2\/product_cat?post=53058"},{"taxonomy":"product_tag","embeddable":true,"href":"https:\/\/pfkeepers.com\/english\/wp-json\/wp\/v2\/product_tag?post=53058"}],"curies":[{"name":"wp","href":"https:\/\/api.w.org\/{rel}","templated":true}]}}