{"id":52962,"date":"2024-03-04T15:37:50","date_gmt":"2024-03-04T15:37:50","guid":{"rendered":"https:\/\/pfkeepers.com\/produto\/labroides-dimidiatus\/"},"modified":"2026-04-19T00:37:07","modified_gmt":"2026-04-19T00:37:07","slug":"labroides-dimidiatus","status":"publish","type":"product","link":"https:\/\/pfkeepers.com\/english\/product\/labroides-dimidiatus\/","title":{"rendered":"Cleaner wrasse &#8211; Labroides dimidiatus"},"content":{"rendered":"<p>N\u00edvel de cuidado: Dif\u00edcil<\/p>\n<p>Temperamento: Calmo<\/p>\n<p>Forma de cor: Preto, azul, branco<\/p>\n<p>Dieta: Carn\u00edvoro<\/p>\n<p>Reef-safe: sim<\/p>\n<p>Condi\u00e7\u00f5es da \u00e1gua: 23\u00ba-27\u00ba, dKH 8-12, pH 8,1-8,4, sg 1,020-1,025<\/p>\n<p>Max. Tamanho: 14cm<\/p>\n<p>Origem: \u00c1frica, maldives<\/p>\n<p>Fam\u00edlia: Labridae<\/p>\n<p>Tamanho M\u00ednimo do aqu\u00e1rio: 270L<\/p>\n<p>Os Labroides Dimidiatus, do g\u00eanero labroides, removem parasitas de peixes, mas apenas tipos espec\u00edficos de parasitas.<\/p>\n<p>Eles n\u00e3o removem o ich marinho (Labroides dimidiatus s\u00e3o os mais f\u00e1ceis de manter em um aqu\u00e1rio, pois muitas vezes comem comida congelada, especialmente se ajudados por comida viva para come\u00e7ar.<\/p>\n<p>Labroides Dimidiatus podem ser mantidos em pares ou sozinhos, mas dois machos se matam. Como pode ser problem\u00e1tico distinguir o g\u00eanero, deve-se comprar esses peixes em tenra idade, se desejar ter um par.<\/p>\n<p>Eles dormem em um casulo mucoso entre as rochas. Embora os peixes predadores raramente comam bodi\u00f5es limpos na natureza, o mesmo n\u00e3o pode ser dito em cativeiro.<\/p>","protected":false},"excerpt":{"rendered":"<p>N\u00edvel de cuidado: Dif\u00edcil Temperamento: Calmo Forma de cor: Preto, azul, branco Dieta: Carn\u00edvoro Reef-safe: sim Condi\u00e7\u00f5es da \u00e1gua: 23\u00ba-27\u00ba, dKH 8-12, pH 8,1-8,4, sg 1,020-1,025 Max. Tamanho: 14cm Origem: \u00c1frica, maldives Fam\u00edlia: Labridae Tamanho M\u00ednimo do aqu\u00e1rio: 270L Os Labroides Dimidiatus, do g\u00eanero labroides, removem parasitas de peixes, mas apenas tipos espec\u00edficos de parasitas. &hellip;<\/p>\n<p class=\"read-more\"> <a class=\"\" href=\"https:\/\/pfkeepers.com\/english\/product\/labroides-dimidiatus\/\"> <span class=\"screen-reader-text\">Cleaner wrasse &#8211; Labroides dimidiatus<\/span> Read More &raquo;<\/a><\/p>","protected":false},"featured_media":52963,"template":"","meta":{"site-sidebar-layout":"default","site-content-layout":"","ast-site-content-layout":"","site-content-style":"default","site-sidebar-style":"default","ast-global-header-display":"","ast-banner-title-visibility":"","ast-main-header-display":"","ast-hfb-above-header-display":"","ast-hfb-below-header-display":"","ast-hfb-mobile-header-display":"","site-post-title":"","ast-breadcrumbs-content":"","ast-featured-img":"","footer-sml-layout":"","theme-transparent-header-meta":"","adv-header-id-meta":"","stick-header-meta":"","header-above-stick-meta":"","header-main-stick-meta":"","header-below-stick-meta":"","astra-migrate-meta-layouts":""},"product_cat":[1355],"product_tag":[],"_links":{"self":[{"href":"https:\/\/pfkeepers.com\/english\/wp-json\/wp\/v2\/product\/52962"}],"collection":[{"href":"https:\/\/pfkeepers.com\/english\/wp-json\/wp\/v2\/product"}],"about":[{"href":"https:\/\/pfkeepers.com\/english\/wp-json\/wp\/v2\/types\/product"}],"wp:featuredmedia":[{"embeddable":true,"href":"https:\/\/pfkeepers.com\/english\/wp-json\/wp\/v2\/media\/52963"}],"wp:attachment":[{"href":"https:\/\/pfkeepers.com\/english\/wp-json\/wp\/v2\/media?parent=52962"}],"wp:term":[{"taxonomy":"product_cat","embeddable":true,"href":"https:\/\/pfkeepers.com\/english\/wp-json\/wp\/v2\/product_cat?post=52962"},{"taxonomy":"product_tag","embeddable":true,"href":"https:\/\/pfkeepers.com\/english\/wp-json\/wp\/v2\/product_tag?post=52962"}],"curies":[{"name":"wp","href":"https:\/\/api.w.org\/{rel}","templated":true}]}}