{"id":52956,"date":"2024-03-04T15:37:40","date_gmt":"2024-03-04T15:37:40","guid":{"rendered":"https:\/\/pfkeepers.com\/produto\/bucephalandra-pygmaea-bukit-kelam-1-2grow-tropica\/"},"modified":"2026-04-19T00:36:49","modified_gmt":"2026-04-19T00:36:49","slug":"bucephalandra-pygmaea-bukit-kelam-1-2grow-tropica","status":"publish","type":"product","link":"https:\/\/pfkeepers.com\/english\/product\/bucephalandra-pygmaea-bukit-kelam-1-2grow-tropica\/","title":{"rendered":"Bucephalandra pygmaea &#8216;Bukit Kelam&#8217; 1-2 Grow Tropica"},"content":{"rendered":"<p>Na natureza, a Bucephalandra costuma crescer em rochas ou madeiras em rios e c\u00f3rregos \u2013 muito parecido com Anubias, que se assemelham no uso e cuidados no aqu\u00e1rio.<\/p>\n<p>Bucephalandra &#8216;Bukit Kalem&#8217; \u00e9 uma planta f\u00e1cil e de crescimento lento que prefere n\u00edveis mais baixos de luz. Uma apar\u00eancia bonita e densa \u00e9 garantida pela vontade de ramificar, mesmo sem aparar.<\/p>\n<p>As folhas verdes t\u00eam 2 cm de largura e 5 cm de comprimento com bordas onduladas. Pequenas manchas brancas aparecer\u00e3o nas folhas imersas.<\/p>\n<p>O caule rastejante, rizoma, n\u00e3o deve ser coberto durante o plantio. Isso far\u00e1 com que a planta apodre\u00e7a e morra.<\/p>\n<p>Informa\u00e7\u00f5es da planta<br \/>\nTipo: Rizomatoso<br \/>\nOrigem: \u00c1sia<br \/>\nPa\u00eds ou continente onde uma planta \u00e9 a mais comum. Cultivares surgem ou s\u00e3o criados em cultivo.<br \/>\nTaxa de crescimento: Lento<br \/>\nTaxa de crescimento da planta em compara\u00e7\u00e3o com outras plantas aqu\u00e1ticas.<br \/>\nAltura: 5 &#8211; 10+<br \/>\nAltura m\u00e9dia (cm) da planta ap\u00f3s dois meses no tanque.<br \/>\nDemanda de luz: Baixa<br \/>\nA demanda de luz m\u00e9dia ou m\u00e9dia de uma planta de aqu\u00e1rio \u00e9 de 0,5 W\/L.<br \/>\nCO2: Baixo<br \/>\nUma necessidade m\u00e9dia de CO2 \u00e9 de 6-14 mg\/L. Uma alta demanda de CO2 \u00e9 de aprox. 15-25 mg\/L.<\/p>","protected":false},"excerpt":{"rendered":"<p>Na natureza, a Bucephalandra costuma crescer em rochas ou madeiras em rios e c\u00f3rregos \u2013 muito parecido com Anubias, que se assemelham no uso e cuidados no aqu\u00e1rio. Bucephalandra &#8216;Bukit Kalem&#8217; \u00e9 uma planta f\u00e1cil e de crescimento lento que prefere n\u00edveis mais baixos de luz. Uma apar\u00eancia bonita e densa \u00e9 garantida pela vontade &hellip;<\/p>\n<p class=\"read-more\"> <a class=\"\" href=\"https:\/\/pfkeepers.com\/english\/product\/bucephalandra-pygmaea-bukit-kelam-1-2grow-tropica\/\"> <span class=\"screen-reader-text\">Bucephalandra pygmaea &#8216;Bukit Kelam&#8217; 1-2 Grow Tropica<\/span> Read More &raquo;<\/a><\/p>","protected":false},"featured_media":52957,"template":"","meta":{"site-sidebar-layout":"default","site-content-layout":"","ast-site-content-layout":"default","site-content-style":"default","site-sidebar-style":"default","ast-global-header-display":"","ast-banner-title-visibility":"","ast-main-header-display":"","ast-hfb-above-header-display":"","ast-hfb-below-header-display":"","ast-hfb-mobile-header-display":"","site-post-title":"","ast-breadcrumbs-content":"","ast-featured-img":"","footer-sml-layout":"","theme-transparent-header-meta":"default","adv-header-id-meta":"","stick-header-meta":"","header-above-stick-meta":"","header-main-stick-meta":"","header-below-stick-meta":"","astra-migrate-meta-layouts":"set"},"product_cat":[1513],"product_tag":[1064],"_links":{"self":[{"href":"https:\/\/pfkeepers.com\/english\/wp-json\/wp\/v2\/product\/52956"}],"collection":[{"href":"https:\/\/pfkeepers.com\/english\/wp-json\/wp\/v2\/product"}],"about":[{"href":"https:\/\/pfkeepers.com\/english\/wp-json\/wp\/v2\/types\/product"}],"wp:featuredmedia":[{"embeddable":true,"href":"https:\/\/pfkeepers.com\/english\/wp-json\/wp\/v2\/media\/52957"}],"wp:attachment":[{"href":"https:\/\/pfkeepers.com\/english\/wp-json\/wp\/v2\/media?parent=52956"}],"wp:term":[{"taxonomy":"product_cat","embeddable":true,"href":"https:\/\/pfkeepers.com\/english\/wp-json\/wp\/v2\/product_cat?post=52956"},{"taxonomy":"product_tag","embeddable":true,"href":"https:\/\/pfkeepers.com\/english\/wp-json\/wp\/v2\/product_tag?post=52956"}],"curies":[{"name":"wp","href":"https:\/\/api.w.org\/{rel}","templated":true}]}}