{"id":52938,"date":"2024-03-04T15:37:09","date_gmt":"2024-03-04T15:37:09","guid":{"rendered":"https:\/\/pfkeepers.com\/produto\/coolie-5-6cm-pangio-khulii\/"},"modified":"2026-04-18T03:23:49","modified_gmt":"2026-04-18T03:23:49","slug":"coolie-5-6cm-pangio-khulii","status":"publish","type":"product","link":"https:\/\/pfkeepers.com\/english\/product\/coolie-5-6cm-pangio-khulii\/","title":{"rendered":"Coolie &#8211; Pangio Khulii"},"content":{"rendered":"<p>Nome cient\u00edfico: Pangio semicincta   Familia: Cobitidae   Origem: Sudeste Asi\u00e1tico (Mal\u00e1sia, Indon\u00e9sia, outros)<\/p>\n<p>Tamanho adulto: 8 \u2013 11cm<\/p>\n<p>Sociabilidade: Peixe pac\u00edfico<\/p>\n<p>Reprodu\u00e7\u00e3o: Totalmente em \u00e1gua doce; Ov\u00edparo<\/p>\n<p>Embora conhecidos por \u201cCobra Kuhli\u201d, nada t\u00eam a ver com estas (com cobras), para al\u00e9m da sua semelhan\u00e7a corporal, padr\u00e3o de cor ou modo como nadam. S\u00e3o bastante pac\u00edficas e normalmente t\u00edmidas, preferindo por isso \u00e1guas com pouca ilumina\u00e7\u00e3o e mais escuras, as ditas black waters. \u00c9 comum permanecerem escondidas durante o per\u00edodo diurno, saindo mais durante a noite, ou com ilumina\u00e7\u00e3o apagada em busca de alimento.<\/p>\n<p>Comportamento<br \/>\nS\u00e3o peixes bastante pac\u00edficos e t\u00edmidos. Devem ser mantidos em grupos a partir de 3 indiv\u00edduos.<\/p>\n<p>Layout<br \/>\n\u00c9 aconselh\u00e1vel um solo arenoso e sem arestas de modo a evitar que se magoem na sua lide di\u00e1ria e facilite a busca por alimento. Bastantes plantas, rochas, folhas secas e troncos com buracos que lhes possibilitem explorar todo o aqu\u00e1rio mantendo-as sempre com um elevado sentido de seguran\u00e7a, ajudam contrariamente ao que possa pensar a que as possibilite ver mais vezes em terreno mais aberto.<\/p>\n<p>Feeding<br \/>\nS\u00e3o limpadores por natureza e aceitam muito bem granulado para peixes de fundo, principalmente com prote\u00edna animal.<\/p>\n<p>Dimorfismo Sexual<br \/>\nx<\/p>\n<p>Reprodu\u00e7\u00e3o<br \/>\nEmbora possivel, existem ainda poucos relatos de reprodu\u00e7\u00e3o com sucesso desta esp\u00e9cie em aqu\u00e1rio. Aqu\u00e1rios dedicados a reprodu\u00e7\u00e3o dever\u00e3o ter pelo menos cerca de 70cm de altura de modo a que a f\u00eamea consiga expelir os ovos com maior facilidade por meio da press\u00e3o hidrost\u00e1tica.<\/p>\n<p>Observa\u00e7\u00f5es<br \/>\nCertifique-se que os Pangio kuhli n\u00e3o conseguem passar nas ranhuras da entrada de \u00e1gua para o filtro do aqu\u00e1rio, pois podem tentar faz\u00ea-lo.<\/p>\n<p>Preferem habitats com ilumina\u00e7\u00e3o fraca e presen\u00e7a de taninos na \u00e1gua, quer por meio de folhas secas, quer por meio de troncos naturais tratados.<\/p>\n<p>A sua esperan\u00e7a de vida poder\u00e1 passar os 10 anos.<\/p>","protected":false},"excerpt":{"rendered":"<p>Nome cient\u00edfico: Pangio semicincta Familia: Cobitidae Origem: Sudeste Asi\u00e1tico (Mal\u00e1sia, Indon\u00e9sia, outros) Tamanho adulto: 8 \u2013 11cm Sociabilidade: Peixe pac\u00edfico Reprodu\u00e7\u00e3o: Totalmente em \u00e1gua doce; Ov\u00edparo Embora conhecidos por \u201cCobra Kuhli\u201d, nada t\u00eam a ver com estas (com cobras), para al\u00e9m da sua semelhan\u00e7a corporal, padr\u00e3o de cor ou modo como nadam. S\u00e3o bastante pac\u00edficas &hellip;<\/p>\n<p class=\"read-more\"> <a class=\"\" href=\"https:\/\/pfkeepers.com\/english\/product\/coolie-5-6cm-pangio-khulii\/\"> <span class=\"screen-reader-text\">Coolie &#8211; Pangio Khulii<\/span> Read More &raquo;<\/a><\/p>","protected":false},"featured_media":52939,"template":"","meta":{"site-sidebar-layout":"default","site-content-layout":"","ast-site-content-layout":"","site-content-style":"default","site-sidebar-style":"default","ast-global-header-display":"","ast-banner-title-visibility":"","ast-main-header-display":"","ast-hfb-above-header-display":"","ast-hfb-below-header-display":"","ast-hfb-mobile-header-display":"","site-post-title":"","ast-breadcrumbs-content":"","ast-featured-img":"","footer-sml-layout":"","theme-transparent-header-meta":"","adv-header-id-meta":"","stick-header-meta":"","header-above-stick-meta":"","header-main-stick-meta":"","header-below-stick-meta":"","astra-migrate-meta-layouts":""},"product_cat":[1354],"product_tag":[873],"_links":{"self":[{"href":"https:\/\/pfkeepers.com\/english\/wp-json\/wp\/v2\/product\/52938"}],"collection":[{"href":"https:\/\/pfkeepers.com\/english\/wp-json\/wp\/v2\/product"}],"about":[{"href":"https:\/\/pfkeepers.com\/english\/wp-json\/wp\/v2\/types\/product"}],"wp:featuredmedia":[{"embeddable":true,"href":"https:\/\/pfkeepers.com\/english\/wp-json\/wp\/v2\/media\/52939"}],"wp:attachment":[{"href":"https:\/\/pfkeepers.com\/english\/wp-json\/wp\/v2\/media?parent=52938"}],"wp:term":[{"taxonomy":"product_cat","embeddable":true,"href":"https:\/\/pfkeepers.com\/english\/wp-json\/wp\/v2\/product_cat?post=52938"},{"taxonomy":"product_tag","embeddable":true,"href":"https:\/\/pfkeepers.com\/english\/wp-json\/wp\/v2\/product_tag?post=52938"}],"curies":[{"name":"wp","href":"https:\/\/api.w.org\/{rel}","templated":true}]}}