{"id":52830,"date":"2024-03-04T15:32:56","date_gmt":"2024-03-04T15:32:56","guid":{"rendered":"https:\/\/pfkeepers.com\/produto\/ownat-grain-free-hypoallergenic-pork-3kg\/"},"modified":"2024-12-18T18:52:18","modified_gmt":"2024-12-18T18:52:18","slug":"ownat-grain-free-hypoallergenic-pork-3kg","status":"publish","type":"product","link":"https:\/\/pfkeepers.com\/english\/product\/ownat-grain-free-hypoallergenic-pork-3kg\/","title":{"rendered":"Ownat Grain Free Hypoallergenic Pork 3kg"},"content":{"rendered":"<p>Ownat Grain Free Hypo Pork C\u00e3o<br \/>\nPORK<br \/>\nElaborado sem cereais e exclusivamente com carne de porco como \u00fanica fonte de prote\u00edna animal, representa uma excelente alternativa para discriminar alergias e intoler\u00e2ncias a outras fontes de prote\u00ednas. Cont\u00e9m 50% de porco fresco que fornece prote\u00ednas de alto valor biol\u00f3gico, um sabor e uma apetibilidade excecionais, e assegura um maior aproveitamento dos nutrientes.<br \/>\nComposi\u00e7\u00e3o:<br \/>\nCarne fresca de porco* (m\u00edn. 45% antes da extrus\u00e3o), carne desidratada de porco (20%), ra\u00edzes de mandioca*, manteiga (preservada com antioxidantes naturais), batata desidratada*, f\u00edgado fresco de porco* (m\u00edn. 5% antes da extrus\u00e3o), vagem de alfarroba*, leveduras de cerveja*, polpa de beterraba, prote\u00edna hidrolisada de porco, sementes de linha\u00e7a*, ma\u00e7\u00e3 fresca* (1%), alfafa desidratada*, \u00f3leo de peixe (preservado com antioxidantes naturais), sal-gema*, fruto-oligossacar\u00eddeos e mano-oligossacar\u00eddeos, algas marinhas desidratadas*, glucosamina, condroitina, yucca schidigera, arandos*, tomilho*, flor de camomila*, funcho*, equin\u00e1ceas*, ch\u00e1 verde*. *Ingredientes naturais<\/p>\n<p>Componentes anal\u00edticos:<br \/>\nProte\u00edna: 35%, teor de gordura: 20%, fibras brutas: 2,5%, mat\u00e9ria inorg\u00e2nica: 7,5%, humidade: 8%, \u00d3mega 6: 3,6%, \u00d3mega 3: 0,7%, c\u00e1lcio: 1,5%, f\u00f3sforo: 1%.<\/p>\n<p>ADITIVOS\/KG: Aditivos nutricionais:<br \/>\nVitamina A 22.000 UI, Vitamina D3 1.500 UI, Vitamina E 400 UI, Vitamina C 100 mg, Taurina 1.500 mg, L-carnitina 200 mg, Cobre (sulfato de cobre pentahidratado) 5 mg, Cobre (quelato de cobre de amino\u00e1cidos hidratado) 5 mg, Mangan\u00eas (\u00f3xido manganoso) 50 mg, Zinco (\u00f3xido de zinco) 100 mg, Ferro (sulfato ferroso, monohidratado) 50 mg, Zinco (Quelato de Zinco de amino\u00e1cidos hidratado) 10 mg, Iodo (iodeto de pot\u00e1ssio) 4 mg, Sel\u00e9nio (selenito s\u00f3dico) 0,3 mg. Com antioxidantes naturais.<\/p>\n<p>Instru\u00e7\u00f5es<br \/>\nAs quantidades indicadas s\u00e3o doses di\u00e1rias recomendadas. Conservar em local fresco e seco. Deixar sempre \u00e1gua limpa e fresca ao alcance do c\u00e3o.<\/p>","protected":false},"excerpt":{"rendered":"<p>Ownat Grain Free Hypo Pork C\u00e3o PORK Elaborado sem cereais e exclusivamente com carne de porco como \u00fanica fonte de prote\u00edna animal, representa uma excelente alternativa para discriminar alergias e intoler\u00e2ncias a outras fontes de prote\u00ednas. Cont\u00e9m 50% de porco fresco que fornece prote\u00ednas de alto valor biol\u00f3gico, um sabor e uma apetibilidade excecionais, e &hellip;<\/p>\n<p class=\"read-more\"> <a class=\"\" href=\"https:\/\/pfkeepers.com\/english\/product\/ownat-grain-free-hypoallergenic-pork-3kg\/\"> <span class=\"screen-reader-text\">Ownat Grain Free Hypoallergenic Pork 3kg<\/span> Read More &raquo;<\/a><\/p>","protected":false},"featured_media":52831,"template":"","meta":{"site-sidebar-layout":"default","site-content-layout":"","ast-site-content-layout":"","site-content-style":"default","site-sidebar-style":"default","ast-global-header-display":"","ast-banner-title-visibility":"","ast-main-header-display":"","ast-hfb-above-header-display":"","ast-hfb-below-header-display":"","ast-hfb-mobile-header-display":"","site-post-title":"","ast-breadcrumbs-content":"","ast-featured-img":"","footer-sml-layout":"","theme-transparent-header-meta":"","adv-header-id-meta":"","stick-header-meta":"","header-above-stick-meta":"","header-main-stick-meta":"","header-below-stick-meta":"","astra-migrate-meta-layouts":""},"product_cat":[658],"product_tag":[986],"_links":{"self":[{"href":"https:\/\/pfkeepers.com\/english\/wp-json\/wp\/v2\/product\/52830"}],"collection":[{"href":"https:\/\/pfkeepers.com\/english\/wp-json\/wp\/v2\/product"}],"about":[{"href":"https:\/\/pfkeepers.com\/english\/wp-json\/wp\/v2\/types\/product"}],"wp:featuredmedia":[{"embeddable":true,"href":"https:\/\/pfkeepers.com\/english\/wp-json\/wp\/v2\/media\/52831"}],"wp:attachment":[{"href":"https:\/\/pfkeepers.com\/english\/wp-json\/wp\/v2\/media?parent=52830"}],"wp:term":[{"taxonomy":"product_cat","embeddable":true,"href":"https:\/\/pfkeepers.com\/english\/wp-json\/wp\/v2\/product_cat?post=52830"},{"taxonomy":"product_tag","embeddable":true,"href":"https:\/\/pfkeepers.com\/english\/wp-json\/wp\/v2\/product_tag?post=52830"}],"curies":[{"name":"wp","href":"https:\/\/api.w.org\/{rel}","templated":true}]}}