{"id":52826,"date":"2024-03-04T15:32:44","date_gmt":"2024-03-04T15:32:44","guid":{"rendered":"https:\/\/pfkeepers.com\/produto\/ownat-grain-free-hypoallergenic-salmon-3kg\/"},"modified":"2025-02-07T14:51:27","modified_gmt":"2025-02-07T14:51:27","slug":"ownat-grain-free-hypoallergenic-salmon-3kg","status":"publish","type":"product","link":"https:\/\/pfkeepers.com\/english\/product\/ownat-grain-free-hypoallergenic-salmon-3kg\/","title":{"rendered":"Ownat Grain Free Hypoallergenic Salmon 3kg"},"content":{"rendered":"<p>Ownat Grain Free Hypo Salmon C\u00e3o<br \/>\nSALMON<br \/>\nAlimento de alta gama especialmente elaborado com salm\u00e3o como \u00fanica fonte de prote\u00edna animal e sem cereais. \u00c9 uma excelente alternativa para discriminar alergias e intoler\u00e2ncias. Al\u00e9m disso, o salm\u00e3o cont\u00e9m n\u00edveis \u00f3timos de \u00e1cidos gordos essenciais, muito importantes para poder manter uma pele saud\u00e1vel e um pelo sedoso e brilhante.<br \/>\nComposi\u00e7\u00e3o:<br \/>\nSalm\u00e3o fresco* (m\u00edn. 30% antes da extrus\u00e3o), salm\u00e3o desidratado (16%), hidrolisado de salm\u00e3o (14%), ervilhas inteiras*, ra\u00edzes de mandioca*, gordura animal (preservada com antioxidantes naturais), vagem de alfarroba*, batata desidratada*, ma\u00e7\u00e3 fresca* (1%), polpa de beterraba, \u00f3leo de salm\u00e3o (preservado com antioxidantes naturais), sal-gema*, alfafa desidratada*, fruto-oligossacar\u00eddeos e mano-oligossacar\u00eddeos, algas marinhas desidratadas*, glucosamina, condroitina, yucca schidigera, arandos*, tomilho*, flor de camomila*, funcho*, equin\u00e1ceas*, ch\u00e1 verde*. *Ingredientes naturais<\/p>\n<p>Componentes anal\u00edticos:<br \/>\nProte\u00edna: 28%, teor de gordura: 18%, fibras brutas: 4%, mat\u00e9ria inorg\u00e2nica: 8%, humidade: 8%, \u00d3mega 6: 1,85%, \u00d3mega 3: 0,8%, c\u00e1lcio: 1,2%, f\u00f3sforo: 0,95%.<\/p>\n<p>ADITIVOS\/KG: Aditivos nutricionais:<br \/>\nVitamina A 22.000 UI, Vitamina D3 1.500 UI, Vitamina E 400 UI, Vitamina C 100 mg, Taurina 1.500 mg, L-carnitina 200 mg, Cobre (sulfato de cobre pentahidratado) 5 mg, Cobre (quelato de cobre de amino\u00e1cidos hidratado) 5 mg, Mangan\u00eas (\u00f3xido manganoso) 50 mg, Zinco (\u00f3xido de zinco) 100 mg, Ferro (sulfato ferroso, monohidratado) 50 mg, Zinco (Quelato de Zinco de amino\u00e1cidos hidratado) 10 mg, Iodo (iodeto de pot\u00e1ssio) 4 mg, Sel\u00e9nio (selenito s\u00f3dico) 0,3 mg. Com antioxidantes naturais.<\/p>\n<p>Instru\u00e7\u00f5es<br \/>\nAs quantidades indicadas s\u00e3o doses di\u00e1rias recomendadas. Conservar em local fresco e seco. Deixar sempre \u00e1gua limpa e fresca ao alcance do c\u00e3o. <\/p>","protected":false},"excerpt":{"rendered":"<p>Ownat Grain Free Hypo Salmon C\u00e3o SALMON Alimento de alta gama especialmente elaborado com salm\u00e3o como \u00fanica fonte de prote\u00edna animal e sem cereais. \u00c9 uma excelente alternativa para discriminar alergias e intoler\u00e2ncias. Al\u00e9m disso, o salm\u00e3o cont\u00e9m n\u00edveis \u00f3timos de \u00e1cidos gordos essenciais, muito importantes para poder manter uma pele saud\u00e1vel e um pelo &hellip;<\/p>\n<p class=\"read-more\"> <a class=\"\" href=\"https:\/\/pfkeepers.com\/english\/product\/ownat-grain-free-hypoallergenic-salmon-3kg\/\"> <span class=\"screen-reader-text\">Ownat Grain Free Hypoallergenic Salmon 3kg<\/span> Read More &raquo;<\/a><\/p>","protected":false},"featured_media":52827,"template":"","meta":{"site-sidebar-layout":"default","site-content-layout":"","ast-site-content-layout":"","site-content-style":"default","site-sidebar-style":"default","ast-global-header-display":"","ast-banner-title-visibility":"","ast-main-header-display":"","ast-hfb-above-header-display":"","ast-hfb-below-header-display":"","ast-hfb-mobile-header-display":"","site-post-title":"","ast-breadcrumbs-content":"","ast-featured-img":"","footer-sml-layout":"","theme-transparent-header-meta":"","adv-header-id-meta":"","stick-header-meta":"","header-above-stick-meta":"","header-main-stick-meta":"","header-below-stick-meta":"","astra-migrate-meta-layouts":""},"product_cat":[658],"product_tag":[986],"_links":{"self":[{"href":"https:\/\/pfkeepers.com\/english\/wp-json\/wp\/v2\/product\/52826"}],"collection":[{"href":"https:\/\/pfkeepers.com\/english\/wp-json\/wp\/v2\/product"}],"about":[{"href":"https:\/\/pfkeepers.com\/english\/wp-json\/wp\/v2\/types\/product"}],"wp:featuredmedia":[{"embeddable":true,"href":"https:\/\/pfkeepers.com\/english\/wp-json\/wp\/v2\/media\/52827"}],"wp:attachment":[{"href":"https:\/\/pfkeepers.com\/english\/wp-json\/wp\/v2\/media?parent=52826"}],"wp:term":[{"taxonomy":"product_cat","embeddable":true,"href":"https:\/\/pfkeepers.com\/english\/wp-json\/wp\/v2\/product_cat?post=52826"},{"taxonomy":"product_tag","embeddable":true,"href":"https:\/\/pfkeepers.com\/english\/wp-json\/wp\/v2\/product_tag?post=52826"}],"curies":[{"name":"wp","href":"https:\/\/api.w.org\/{rel}","templated":true}]}}