{"id":52816,"date":"2024-03-04T15:32:28","date_gmt":"2024-03-04T15:32:28","guid":{"rendered":"https:\/\/pfkeepers.com\/produto\/anubias-barteri-var-barteri-pot-tropica\/"},"modified":"2026-04-19T00:35:54","modified_gmt":"2026-04-19T00:35:54","slug":"anubias-barteri-var-barteri-pot-tropica","status":"publish","type":"product","link":"https:\/\/pfkeepers.com\/english\/product\/anubias-barteri-var-barteri-pot-tropica\/","title":{"rendered":"Anubias barteri var. barteri pot Tropica"},"content":{"rendered":"<p>Anubias barteri var. barteri da \u00c1frica Ocidental \u00e9 uma planta pouco exigente. Cresce um pouco maior do que Anubias barteri var. nana, mas \u00e9 cultivada nas mesmas condi\u00e7\u00f5es. De 25-45 cm de altura e o rizoma rastejante de 10-15 cm ou mais. Anubias barteri varia consideravelmente em termos de tamanho e forma de folha.<\/p>\n<p>Como outras esp\u00e9cies de Anubias, \u00e9 melhor plantar em um local com sombra para minimizar o crescimento de algas nas folhas. Se plantado no fundo, o rizoma n\u00e3o deve ser coberto, pois tende a apodrecer. Tamb\u00e9m \u00e9 adequado para terr\u00e1rios e palud\u00e1rios. Os peixes herb\u00edvoros n\u00e3o comem as folhas muito duras e robustas.<\/p>\n<p>Informa\u00e7\u00f5es da planta<br \/>\nTipo: Rizomatoso<br \/>\nOrigem: \u00c1frica<br \/>\nPa\u00eds ou continente onde uma planta \u00e9 a mais comum. Cultivares surgem ou s\u00e3o criados em cultivo.<br \/>\nTaxa de crescimento: Lento<br \/>\nTaxa de crescimento da planta em compara\u00e7\u00e3o com outras plantas aqu\u00e1ticas.<br \/>\nAltura: 20 &#8211; 30+<br \/>\nAltura m\u00e9dia (cm) da planta ap\u00f3s dois meses no tanque.<br \/>\nDemanda de luz: Baixa<br \/>\nA demanda de luz m\u00e9dia ou m\u00e9dia de uma planta de aqu\u00e1rio \u00e9 de 0,5 W\/L.<br \/>\nCO2: Baixo<br \/>\nUma necessidade m\u00e9dia de CO2 \u00e9 de 6-14 mg\/L. Uma alta demanda de CO2 \u00e9 de aprox. 15-25 mg\/L.<\/p>","protected":false},"excerpt":{"rendered":"<p>Anubias barteri var. barteri da \u00c1frica Ocidental \u00e9 uma planta pouco exigente. Cresce um pouco maior do que Anubias barteri var. nana, mas \u00e9 cultivada nas mesmas condi\u00e7\u00f5es. De 25-45 cm de altura e o rizoma rastejante de 10-15 cm ou mais. Anubias barteri varia consideravelmente em termos de tamanho e forma de folha. Como &hellip;<\/p>\n<p class=\"read-more\"> <a class=\"\" href=\"https:\/\/pfkeepers.com\/english\/product\/anubias-barteri-var-barteri-pot-tropica\/\"> <span class=\"screen-reader-text\">Anubias barteri var. barteri pot Tropica<\/span> Read More &raquo;<\/a><\/p>","protected":false},"featured_media":52817,"template":"","meta":{"site-sidebar-layout":"default","site-content-layout":"","ast-site-content-layout":"default","site-content-style":"default","site-sidebar-style":"default","ast-global-header-display":"","ast-banner-title-visibility":"","ast-main-header-display":"","ast-hfb-above-header-display":"","ast-hfb-below-header-display":"","ast-hfb-mobile-header-display":"","site-post-title":"","ast-breadcrumbs-content":"","ast-featured-img":"","footer-sml-layout":"","theme-transparent-header-meta":"default","adv-header-id-meta":"","stick-header-meta":"","header-above-stick-meta":"","header-main-stick-meta":"","header-below-stick-meta":"","astra-migrate-meta-layouts":"set"},"product_cat":[1511],"product_tag":[1064],"_links":{"self":[{"href":"https:\/\/pfkeepers.com\/english\/wp-json\/wp\/v2\/product\/52816"}],"collection":[{"href":"https:\/\/pfkeepers.com\/english\/wp-json\/wp\/v2\/product"}],"about":[{"href":"https:\/\/pfkeepers.com\/english\/wp-json\/wp\/v2\/types\/product"}],"wp:featuredmedia":[{"embeddable":true,"href":"https:\/\/pfkeepers.com\/english\/wp-json\/wp\/v2\/media\/52817"}],"wp:attachment":[{"href":"https:\/\/pfkeepers.com\/english\/wp-json\/wp\/v2\/media?parent=52816"}],"wp:term":[{"taxonomy":"product_cat","embeddable":true,"href":"https:\/\/pfkeepers.com\/english\/wp-json\/wp\/v2\/product_cat?post=52816"},{"taxonomy":"product_tag","embeddable":true,"href":"https:\/\/pfkeepers.com\/english\/wp-json\/wp\/v2\/product_tag?post=52816"}],"curies":[{"name":"wp","href":"https:\/\/api.w.org\/{rel}","templated":true}]}}