{"id":52814,"date":"2024-03-04T15:32:25","date_gmt":"2024-03-04T15:32:25","guid":{"rendered":"https:\/\/pfkeepers.com\/produto\/bacopa-compact-pot-package-tropica\/"},"modified":"2025-02-27T21:20:54","modified_gmt":"2025-02-27T21:20:54","slug":"bacopa-compact-pot-package-tropica","status":"publish","type":"product","link":"https:\/\/pfkeepers.com\/english\/product\/bacopa-compact-pot-package-tropica\/","title":{"rendered":"Bacopa &#8216;compact&#8217; pot Package Tropica"},"content":{"rendered":"<p>Planta aqu\u00e1tica viva em vaso, embalada em embalagem blister respir\u00e1vel para viagem.<\/p>\n<p>Esta forma de cultivo da planta-tronco Bacopa Monnieri \u00e9 mais compacta e, sob boas condi\u00e7\u00f5es de luz, quase uma planta rasteira. Ao arrancar todos os brotos de crescimento vertical, a planta pode manter um crescimento baixo e pr\u00f3ximo, pois cria voluntariamente um grande n\u00famero de brotos laterais.<\/p>\n<p>Al\u00e9m disso, a planta cresce bem \u00e0 sombra de outras plantas. Muito adequado como um tapete um pouco mais alto &#8211; ou planta espessa no meio ou na frente do aqu\u00e1rio. A planta torna-se mais vertical e menos compacta sem aditivo de CO2 e condi\u00e7\u00f5es de luz reduzidas.<\/p>\n<p>Informa\u00e7\u00f5es da planta<br \/>\nTipo: Haste<br \/>\nOrigem: Cultivar<br \/>\nPa\u00eds ou continente onde uma planta \u00e9 a mais comum. Cultivares surgem ou s\u00e3o criados em cultivo.<br \/>\nTaxa de crescimento: alta<br \/>\nTaxa de crescimento da planta em compara\u00e7\u00e3o com outras plantas aqu\u00e1ticas.<br \/>\nAltura: 3 &#8211; 10+<br \/>\nAltura m\u00e9dia (cm) da planta ap\u00f3s dois meses no tanque.<br \/>\nDemanda de luz: Baixa<br \/>\nA demanda de luz m\u00e9dia ou m\u00e9dia de uma planta de aqu\u00e1rio \u00e9 de 0,5 W\/L.<br \/>\nCO2: Baixo<br \/>\nUma necessidade m\u00e9dia de CO2 \u00e9 de 6-14 mg\/L. Uma alta demanda de CO2 \u00e9 de aprox. 15-25 mg\/L.<\/p>","protected":false},"excerpt":{"rendered":"<p>Planta aqu\u00e1tica viva em vaso, embalada em embalagem blister respir\u00e1vel para viagem. Esta forma de cultivo da planta-tronco Bacopa Monnieri \u00e9 mais compacta e, sob boas condi\u00e7\u00f5es de luz, quase uma planta rasteira. Ao arrancar todos os brotos de crescimento vertical, a planta pode manter um crescimento baixo e pr\u00f3ximo, pois cria voluntariamente um grande &hellip;<\/p>\n<p class=\"read-more\"> <a class=\"\" href=\"https:\/\/pfkeepers.com\/english\/product\/bacopa-compact-pot-package-tropica\/\"> <span class=\"screen-reader-text\">Bacopa &#8216;compact&#8217; pot Package Tropica<\/span> Read More &raquo;<\/a><\/p>","protected":false},"featured_media":52815,"template":"","meta":{"site-sidebar-layout":"default","site-content-layout":"","ast-site-content-layout":"default","site-content-style":"default","site-sidebar-style":"default","ast-global-header-display":"","ast-banner-title-visibility":"","ast-main-header-display":"","ast-hfb-above-header-display":"","ast-hfb-below-header-display":"","ast-hfb-mobile-header-display":"","site-post-title":"","ast-breadcrumbs-content":"","ast-featured-img":"","footer-sml-layout":"","theme-transparent-header-meta":"default","adv-header-id-meta":"","stick-header-meta":"","header-above-stick-meta":"","header-main-stick-meta":"","header-below-stick-meta":"","astra-migrate-meta-layouts":"set"},"product_cat":[1512],"product_tag":[1064],"_links":{"self":[{"href":"https:\/\/pfkeepers.com\/english\/wp-json\/wp\/v2\/product\/52814"}],"collection":[{"href":"https:\/\/pfkeepers.com\/english\/wp-json\/wp\/v2\/product"}],"about":[{"href":"https:\/\/pfkeepers.com\/english\/wp-json\/wp\/v2\/types\/product"}],"wp:featuredmedia":[{"embeddable":true,"href":"https:\/\/pfkeepers.com\/english\/wp-json\/wp\/v2\/media\/52815"}],"wp:attachment":[{"href":"https:\/\/pfkeepers.com\/english\/wp-json\/wp\/v2\/media?parent=52814"}],"wp:term":[{"taxonomy":"product_cat","embeddable":true,"href":"https:\/\/pfkeepers.com\/english\/wp-json\/wp\/v2\/product_cat?post=52814"},{"taxonomy":"product_tag","embeddable":true,"href":"https:\/\/pfkeepers.com\/english\/wp-json\/wp\/v2\/product_tag?post=52814"}],"curies":[{"name":"wp","href":"https:\/\/api.w.org\/{rel}","templated":true}]}}