{"id":52790,"date":"2024-03-04T15:31:23","date_gmt":"2024-03-04T15:31:23","guid":{"rendered":"https:\/\/pfkeepers.com\/produto\/nymphea-lotus-ozenkerio-pot-tropica\/"},"modified":"2026-04-16T13:52:25","modified_gmt":"2026-04-16T13:52:25","slug":"nymphea-lotus-ozenkerio-pot-tropica","status":"publish","type":"product","link":"https:\/\/pfkeepers.com\/english\/product\/nymphea-lotus-ozenkerio-pot-tropica\/","title":{"rendered":"Nymphea Lotus ozenkerio pot Tropica"},"content":{"rendered":"<p>Nymphaea lotus (zenkeri) &#8211; ou Tiger Lotus &#8211; \u00e9 reconhecida como uma das plantas de aqu\u00e1rio mais graciosas. \u00c9 uma esp\u00e9cie bastante vari\u00e1vel e a cor das folhas pode variar de verde brilhante sobre marrom-avermelhado a vermelho-violeta. \u00c9 sem compara\u00e7\u00e3o a esp\u00e9cie de Nymphaea mais adequada para fins de aqu\u00e1rio, porque define v\u00e1rias folhas de \u00e1gua antes que as folhas flutuantes sejam produzidas. Quando as folhas flutuantes s\u00e3o produzidas, a planta tamb\u00e9m cria flores facilmente. Um cheiro agrad\u00e1vel escapa da flor que, no entanto, s\u00f3 se abre durante a noite. Se, por outro lado, as folhas flutuantes forem indesejadas devido \u00e0 forte competi\u00e7\u00e3o de luz, as folhas flutuantes rec\u00e9m-formadas e as ra\u00edzes mais longas podem ser removidas. A planta ent\u00e3o come\u00e7a a produzir folhas de \u00e1gua. Nymphaea lotus (zenkeri) \u00e9 uma planta despretensiosa, embora seja necess\u00e1rio um substrato rico em nutrientes para sustentar o crescimento ideal<\/p>\n<p>Estas plantas s\u00e3o reconhecidas como algumas das plantas de aqu\u00e1rio mais bonitas e robustas do mercado. Mais de 150 variedades diferentes est\u00e3o normalmente dispon\u00edveis para entrega rec\u00e9m colhida.<\/p>\n<p>Plant Care Categoria &#8220;Medium&#8221;: As plantas m\u00e9dias exigem melhores condi\u00e7\u00f5es de crescimento, luz m\u00e9dia a boa, na maioria das vezes usando CO2 e requerem cuidados regulares<\/p>\n<p>Parte do Mundo &#8211; \u00c1frica Ocidental<br \/>\nA planta cresce at\u00e9: 10 &#8211; 60cm de altura. 10 &#8211; 60 cm de largura<br \/>\nLuz Recomendada: M\u00e9dia &#8211; Alta<br \/>\nToler\u00e2ncia de pH: 5 &#8211; 8<br \/>\nAs plantas vivas s\u00e3o encomendadas semanalmente para garantir a qualidade e frescura, aguarde 10-14 dias para a sua encomenda chegar<br \/>\nObserve que o tamanho da planta entregue pode variar devido \u00e0 natureza do produto<\/p>","protected":false},"excerpt":{"rendered":"<p>Nymphaea lotus (zenkeri) &#8211; ou Tiger Lotus &#8211; \u00e9 reconhecida como uma das plantas de aqu\u00e1rio mais graciosas. \u00c9 uma esp\u00e9cie bastante vari\u00e1vel e a cor das folhas pode variar de verde brilhante sobre marrom-avermelhado a vermelho-violeta. \u00c9 sem compara\u00e7\u00e3o a esp\u00e9cie de Nymphaea mais adequada para fins de aqu\u00e1rio, porque define v\u00e1rias folhas de &hellip;<\/p>\n<p class=\"read-more\"> <a class=\"\" href=\"https:\/\/pfkeepers.com\/english\/product\/nymphea-lotus-ozenkerio-pot-tropica\/\"> <span class=\"screen-reader-text\">Nymphea Lotus ozenkerio pot Tropica<\/span> Read More &raquo;<\/a><\/p>","protected":false},"featured_media":52791,"template":"","meta":{"site-sidebar-layout":"default","site-content-layout":"","ast-site-content-layout":"default","site-content-style":"default","site-sidebar-style":"default","ast-global-header-display":"","ast-banner-title-visibility":"","ast-main-header-display":"","ast-hfb-above-header-display":"","ast-hfb-below-header-display":"","ast-hfb-mobile-header-display":"","site-post-title":"","ast-breadcrumbs-content":"","ast-featured-img":"","footer-sml-layout":"","theme-transparent-header-meta":"default","adv-header-id-meta":"","stick-header-meta":"","header-above-stick-meta":"","header-main-stick-meta":"","header-below-stick-meta":"","astra-migrate-meta-layouts":"set"},"product_cat":[1511],"product_tag":[1064],"_links":{"self":[{"href":"https:\/\/pfkeepers.com\/english\/wp-json\/wp\/v2\/product\/52790"}],"collection":[{"href":"https:\/\/pfkeepers.com\/english\/wp-json\/wp\/v2\/product"}],"about":[{"href":"https:\/\/pfkeepers.com\/english\/wp-json\/wp\/v2\/types\/product"}],"wp:featuredmedia":[{"embeddable":true,"href":"https:\/\/pfkeepers.com\/english\/wp-json\/wp\/v2\/media\/52791"}],"wp:attachment":[{"href":"https:\/\/pfkeepers.com\/english\/wp-json\/wp\/v2\/media?parent=52790"}],"wp:term":[{"taxonomy":"product_cat","embeddable":true,"href":"https:\/\/pfkeepers.com\/english\/wp-json\/wp\/v2\/product_cat?post=52790"},{"taxonomy":"product_tag","embeddable":true,"href":"https:\/\/pfkeepers.com\/english\/wp-json\/wp\/v2\/product_tag?post=52790"}],"curies":[{"name":"wp","href":"https:\/\/api.w.org\/{rel}","templated":true}]}}