{"id":52770,"date":"2024-03-04T15:30:45","date_gmt":"2024-03-04T15:30:45","guid":{"rendered":"https:\/\/pfkeepers.com\/produto\/beaphar-ferret-rat-shampoo-250ml\/"},"modified":"2025-01-29T20:25:00","modified_gmt":"2025-01-29T20:25:00","slug":"beaphar-ferret-rat-shampoo-250ml__trashed","status":"publish","type":"product","link":"https:\/\/pfkeepers.com\/english\/product\/beaphar-ferret-rat-shampoo-250ml__trashed\/","title":{"rendered":"Beaphar Ferret &amp; Rat Shampoo 250ml"},"content":{"rendered":"<p>O Beaphar Ferret and Roedor Shampoo \u00c9 um produto a ser inclu\u00eddo no rotina higi\u00eanica do animal de estima\u00e7\u00e3o e garantir limpeza \u00f3tima que beneficia sua sa\u00fade ao eliminar bact\u00e9rias. Deixe um Um aroma agrad\u00e1vel de pinho fresco. Este shampoo foi especialmente desenvolvido para limpe a sujeira e remova odores fortes associado a ratos e fur\u00f5es. Al\u00e9m disso, seu aplicativo tamb\u00e9m condiciona o cabelo sem descascar seus \u00f3leos naturais. Como resultado, um cabelo brilhante ideal para preparar o animal antes de competi\u00e7\u00f5es e exposi\u00e7\u00f5es.<\/p>\n<p>O melhor shampoo para incluir na rotina de higiene do fur\u00e3o e roedor Beaphar.<br \/>\nO aplicativo do Shampoo para Fur\u00f5es e Roedores \u00e9 muito simples , ser\u00e1 necess\u00e1rio umedecer os pelos do animal, aplicar o produto e esfregar suavemente para fazer espuma, ent\u00e3o os pelos do animal ser\u00e3o enxaguados e secos.<\/p>\n<p>INDICA\u00c7\u00d5ES<\/p>\n<p>Shampoo para roedores e fur\u00f5es. Limpa a sujeira e remove odores.<\/p>\n<p>VANTAGENS<\/p>\n<p>Shampoo para incluir na rotina de higiene de fur\u00f5es e roedores.<br \/>\nPromove uma limpeza ideal.<br \/>\nDeixa um cheiro agrad\u00e1vel e fresco a pinho.<br \/>\nLimpe a sujeira.<br \/>\nElimine odores fortes.<br \/>\nCondiciona o cabelo sem remover seus \u00f3leos naturais.<br \/>\nObt\u00e9m-se cabelo brilhante.<br \/>\nPrepare o animal para competi\u00e7\u00f5es e exposi\u00e7\u00f5es.<br \/>\nMODO DE EMPREGO. Como aplicar o Shampoo Beaphar Ferret e Roedorr?<br \/>\nOs pelos do animal ser\u00e3o umedecidos, em seguida ser\u00e1 aplicado o shampoo para fur\u00f5es e roedores e ser\u00e1 esfregado suavemente at\u00e9 formar espuma. Depois disso, ele ser\u00e1 enxaguado com bastante \u00e1gua.<\/p>","protected":false},"excerpt":{"rendered":"<p>O Beaphar Ferret and Roedor Shampoo \u00c9 um produto a ser inclu\u00eddo no rotina higi\u00eanica do animal de estima\u00e7\u00e3o e garantir limpeza \u00f3tima que beneficia sua sa\u00fade ao eliminar bact\u00e9rias. Deixe um Um aroma agrad\u00e1vel de pinho fresco. Este shampoo foi especialmente desenvolvido para limpe a sujeira e remova odores fortes associado a ratos e &hellip;<\/p>\n<p class=\"read-more\"> <a class=\"\" href=\"https:\/\/pfkeepers.com\/english\/product\/beaphar-ferret-rat-shampoo-250ml__trashed\/\"> <span class=\"screen-reader-text\">Beaphar Ferret &amp; Rat Shampoo 250ml<\/span> Read More &raquo;<\/a><\/p>","protected":false},"featured_media":52771,"template":"","meta":{"site-sidebar-layout":"default","site-content-layout":"","ast-site-content-layout":"","site-content-style":"default","site-sidebar-style":"default","ast-global-header-display":"","ast-banner-title-visibility":"","ast-main-header-display":"","ast-hfb-above-header-display":"","ast-hfb-below-header-display":"","ast-hfb-mobile-header-display":"","site-post-title":"","ast-breadcrumbs-content":"","ast-featured-img":"","footer-sml-layout":"","theme-transparent-header-meta":"","adv-header-id-meta":"","stick-header-meta":"","header-above-stick-meta":"","header-main-stick-meta":"","header-below-stick-meta":"","astra-migrate-meta-layouts":""},"product_cat":[658],"product_tag":[1655],"_links":{"self":[{"href":"https:\/\/pfkeepers.com\/english\/wp-json\/wp\/v2\/product\/52770"}],"collection":[{"href":"https:\/\/pfkeepers.com\/english\/wp-json\/wp\/v2\/product"}],"about":[{"href":"https:\/\/pfkeepers.com\/english\/wp-json\/wp\/v2\/types\/product"}],"wp:featuredmedia":[{"embeddable":true,"href":"https:\/\/pfkeepers.com\/english\/wp-json\/wp\/v2\/media\/52771"}],"wp:attachment":[{"href":"https:\/\/pfkeepers.com\/english\/wp-json\/wp\/v2\/media?parent=52770"}],"wp:term":[{"taxonomy":"product_cat","embeddable":true,"href":"https:\/\/pfkeepers.com\/english\/wp-json\/wp\/v2\/product_cat?post=52770"},{"taxonomy":"product_tag","embeddable":true,"href":"https:\/\/pfkeepers.com\/english\/wp-json\/wp\/v2\/product_tag?post=52770"}],"curies":[{"name":"wp","href":"https:\/\/api.w.org\/{rel}","templated":true}]}}