{"id":52760,"date":"2024-03-04T15:30:28","date_gmt":"2024-03-04T15:30:28","guid":{"rendered":"https:\/\/pfkeepers.com\/produto\/inodorina-toalhetes-refresh-sensitive-proteina-do-leite-40-toalhetes\/"},"modified":"2024-12-18T18:50:57","modified_gmt":"2024-12-18T18:50:57","slug":"inodorina-toalhetes-refresh-sensitive-proteina-do-leite-40-toalhetes","status":"publish","type":"product","link":"https:\/\/pfkeepers.com\/english\/product\/inodorina-toalhetes-refresh-sensitive-proteina-do-leite-40-toalhetes\/","title":{"rendered":"Inodorina Refresh Sensitive Wipes"},"content":{"rendered":"<p>Descri\u00e7\u00e3o<br \/>\nToalhetes Higi\u00e9nicos Refresh Sensitive Prote\u00edna de Leite Inodorina<br \/>\nInodorina Refresh Sensitive, gra\u00e7as \u00e0 sua f\u00f3rmula com propriedades hidratantes, emolientes e protetoras, \u00e9 ideal para peles al\u00e9rgicas, respeitando o pH natural de c\u00e3es, gatos e cachorros.<\/p>\n<p>Devido \u00e0 sua composi\u00e7\u00e3o altamente hidratante, s\u00e3o extremamente \u00fateis no dia-a-dia.<\/p>\n<p>Os toalhetes s\u00e3o especialmente indicados para quando \u00e9 necess\u00e1ria apenas uma limpeza parcial do animal (limpeza das partes \u00edntimas, limpeza das pernas quando chove, para refrescar numa longa viagem ou no ver\u00e3o ap\u00f3s uma caminhada, etc.), animais convalescentes, cachorros e gatos.<\/p>\n<p>Os toalhetes Inodorina Refresh Sensitive s\u00e3o particularmente \u00fateis quando regressa a casa em dias de chuva, uma vez que neutralizam as mol\u00e9culas de odor na pele h\u00famida e pelo molhado, deixando a pelagem limpa e perfumada.<\/p>\n<p>Sem \u00e1lcool. SLS livre. N\u00e3o testado em animais.<\/p>\n<p>Modo de uso:<\/p>\n<p>Retire o toalhete, abra-o e deslize-o suavemente sobre o pelo do animal, sem enxaguar. Feche o pacote para preservar a humidade dos toalhetes.<\/p>\n<p>Apresenta\u00e7\u00e3o: 40 unidades<\/p>","protected":false},"excerpt":{"rendered":"<p>Descri\u00e7\u00e3o Toalhetes Higi\u00e9nicos Refresh Sensitive Prote\u00edna de Leite Inodorina Inodorina Refresh Sensitive, gra\u00e7as \u00e0 sua f\u00f3rmula com propriedades hidratantes, emolientes e protetoras, \u00e9 ideal para peles al\u00e9rgicas, respeitando o pH natural de c\u00e3es, gatos e cachorros. Devido \u00e0 sua composi\u00e7\u00e3o altamente hidratante, s\u00e3o extremamente \u00fateis no dia-a-dia. Os toalhetes s\u00e3o especialmente indicados para quando \u00e9 &hellip;<\/p>\n<p class=\"read-more\"> <a class=\"\" href=\"https:\/\/pfkeepers.com\/english\/product\/inodorina-toalhetes-refresh-sensitive-proteina-do-leite-40-toalhetes\/\"> <span class=\"screen-reader-text\">Inodorina Refresh Sensitive Wipes<\/span> Read More &raquo;<\/a><\/p>","protected":false},"featured_media":52761,"template":"","meta":{"site-sidebar-layout":"default","site-content-layout":"","ast-site-content-layout":"","site-content-style":"default","site-sidebar-style":"default","ast-global-header-display":"","ast-banner-title-visibility":"","ast-main-header-display":"","ast-hfb-above-header-display":"","ast-hfb-below-header-display":"","ast-hfb-mobile-header-display":"","site-post-title":"","ast-breadcrumbs-content":"","ast-featured-img":"","footer-sml-layout":"","theme-transparent-header-meta":"","adv-header-id-meta":"","stick-header-meta":"","header-above-stick-meta":"","header-main-stick-meta":"","header-below-stick-meta":"","astra-migrate-meta-layouts":""},"product_cat":[658],"product_tag":[900],"_links":{"self":[{"href":"https:\/\/pfkeepers.com\/english\/wp-json\/wp\/v2\/product\/52760"}],"collection":[{"href":"https:\/\/pfkeepers.com\/english\/wp-json\/wp\/v2\/product"}],"about":[{"href":"https:\/\/pfkeepers.com\/english\/wp-json\/wp\/v2\/types\/product"}],"wp:featuredmedia":[{"embeddable":true,"href":"https:\/\/pfkeepers.com\/english\/wp-json\/wp\/v2\/media\/52761"}],"wp:attachment":[{"href":"https:\/\/pfkeepers.com\/english\/wp-json\/wp\/v2\/media?parent=52760"}],"wp:term":[{"taxonomy":"product_cat","embeddable":true,"href":"https:\/\/pfkeepers.com\/english\/wp-json\/wp\/v2\/product_cat?post=52760"},{"taxonomy":"product_tag","embeddable":true,"href":"https:\/\/pfkeepers.com\/english\/wp-json\/wp\/v2\/product_tag?post=52760"}],"curies":[{"name":"wp","href":"https:\/\/api.w.org\/{rel}","templated":true}]}}