{"id":52712,"date":"2024-03-04T15:28:26","date_gmt":"2024-03-04T15:28:26","guid":{"rendered":"https:\/\/pfkeepers.com\/produto\/sicce-jolly-10-aquarium-heater-10-watts\/"},"modified":"2025-02-27T21:19:28","modified_gmt":"2025-02-27T21:19:28","slug":"sicce-jolly-10-aquarium-heater-10-watts","status":"publish","type":"product","link":"https:\/\/pfkeepers.com\/english\/product\/sicce-jolly-10-aquarium-heater-10-watts\/","title":{"rendered":"Sicce Jolly 10 Aquarium Heater 10 Watts"},"content":{"rendered":"<p>Os aquecedores de pl\u00e1stico JOLLY s\u00e3o projetados para pequenos tanques de \u00e1gua doce, marinhos e tartarugas. Seu inv\u00f3lucro de pl\u00e1stico os torna muito dur\u00e1veis \u200b\u200be seguros. Esses aquecedores podem ser colocados sob o cascalho, tornando-os uma boa escolha para tanques de tartarugas ou r\u00e9pteis. O JOLLY est\u00e1 sempre ligado quando submerso. Ele s\u00f3 para de funcionar quando desconectado. A prote\u00e7\u00e3o t\u00e9rmica integrada interv\u00e9m quando o aquecedor n\u00e3o est\u00e1 debaixo d&#8217;\u00e1gua, evitando o superaquecimento (luz LED apagada mesmo que o Jolly esteja conectado). O desempenho pode variar de acordo com os seguintes par\u00e2metros: &#8211; Quantidade de \u00e1gua &#8211; Temperatura ambiente &#8211; Tanque aberto ou fechado<\/p>","protected":false},"excerpt":{"rendered":"<p>Os aquecedores de pl\u00e1stico JOLLY s\u00e3o projetados para pequenos tanques de \u00e1gua doce, marinhos e tartarugas. Seu inv\u00f3lucro de pl\u00e1stico os torna muito dur\u00e1veis \u200b\u200be seguros. Esses aquecedores podem ser colocados sob o cascalho, tornando-os uma boa escolha para tanques de tartarugas ou r\u00e9pteis. O JOLLY est\u00e1 sempre ligado quando submerso. Ele s\u00f3 para de &hellip;<\/p>\n<p class=\"read-more\"> <a class=\"\" href=\"https:\/\/pfkeepers.com\/english\/product\/sicce-jolly-10-aquarium-heater-10-watts\/\"> <span class=\"screen-reader-text\">Sicce Jolly 10 Aquarium Heater 10 Watts<\/span> Read More &raquo;<\/a><\/p>","protected":false},"featured_media":52713,"template":"","meta":{"site-sidebar-layout":"default","site-content-layout":"","ast-site-content-layout":"","site-content-style":"default","site-sidebar-style":"default","ast-global-header-display":"","ast-banner-title-visibility":"","ast-main-header-display":"","ast-hfb-above-header-display":"","ast-hfb-below-header-display":"","ast-hfb-mobile-header-display":"","site-post-title":"","ast-breadcrumbs-content":"","ast-featured-img":"","footer-sml-layout":"","theme-transparent-header-meta":"","adv-header-id-meta":"","stick-header-meta":"","header-above-stick-meta":"","header-main-stick-meta":"","header-below-stick-meta":"","astra-migrate-meta-layouts":""},"product_cat":[1386],"product_tag":[1040],"_links":{"self":[{"href":"https:\/\/pfkeepers.com\/english\/wp-json\/wp\/v2\/product\/52712"}],"collection":[{"href":"https:\/\/pfkeepers.com\/english\/wp-json\/wp\/v2\/product"}],"about":[{"href":"https:\/\/pfkeepers.com\/english\/wp-json\/wp\/v2\/types\/product"}],"wp:featuredmedia":[{"embeddable":true,"href":"https:\/\/pfkeepers.com\/english\/wp-json\/wp\/v2\/media\/52713"}],"wp:attachment":[{"href":"https:\/\/pfkeepers.com\/english\/wp-json\/wp\/v2\/media?parent=52712"}],"wp:term":[{"taxonomy":"product_cat","embeddable":true,"href":"https:\/\/pfkeepers.com\/english\/wp-json\/wp\/v2\/product_cat?post=52712"},{"taxonomy":"product_tag","embeddable":true,"href":"https:\/\/pfkeepers.com\/english\/wp-json\/wp\/v2\/product_tag?post=52712"}],"curies":[{"name":"wp","href":"https:\/\/api.w.org\/{rel}","templated":true}]}}