{"id":52696,"date":"2024-03-04T15:28:00","date_gmt":"2024-03-04T15:28:00","guid":{"rendered":"https:\/\/pfkeepers.com\/produto\/ocean-nutrition-green-marine-algae-w-garlic-extract-12g\/"},"modified":"2026-04-19T00:34:50","modified_gmt":"2026-04-19T00:34:50","slug":"ocean-nutrition-green-marine-algae-w-garlic-extract-12g","status":"publish","type":"product","link":"https:\/\/pfkeepers.com\/english\/product\/ocean-nutrition-green-marine-algae-w-garlic-extract-12g\/","title":{"rendered":"Ocean Nutrition Green Marine Algae w\/Garlic extract 12g"},"content":{"rendered":"<p>An all natural, very nutritious supplement for all grazing fish, rich in vitamin C and easily digestible. An optimal food source for marine and freshwater herbivorous fish. Enhanced with natural garlic extract for increased acceptance by finicky eaters and improved immune functions. Tear off a piece of seaweed of approximately 5cm by 7cm for the average 200l community tank and place in the aquarium using Ocean Nutrition Seaweed Clip. Allow fish to graze at their leisure. Any large seaweed pieces that break loose and float to the surface should be reattached. Remove any uneaten seaweed after 24 hours.<\/p>","protected":false},"excerpt":{"rendered":"<p>Um suplemento totalmente natural e muito nutritivo para todos os peixes em pastejo, rico em vitamina C e facilmente diger\u00edvel. Uma \u00f3tima fonte de alimento para peixes herb\u00edvoros marinhos e de \u00e1gua doce. Aprimorado com extrato de alho natural para maior aceita\u00e7\u00e3o por comedores exigentes e fun\u00e7\u00f5es imunol\u00f3gicas melhoradas. Rasgue um peda\u00e7o de alga de &hellip;<\/p>\n<p class=\"read-more\"> <a class=\"\" href=\"https:\/\/pfkeepers.com\/english\/product\/ocean-nutrition-green-marine-algae-w-garlic-extract-12g\/\"> <span class=\"screen-reader-text\">Ocean Nutrition Green Marine Algae w\/Garlic extract 12g<\/span> Read More &raquo;<\/a><\/p>","protected":false},"featured_media":52697,"template":"","meta":{"site-sidebar-layout":"default","site-content-layout":"","ast-site-content-layout":"","site-content-style":"default","site-sidebar-style":"default","ast-global-header-display":"","ast-banner-title-visibility":"","ast-main-header-display":"","ast-hfb-above-header-display":"","ast-hfb-below-header-display":"","ast-hfb-mobile-header-display":"","site-post-title":"","ast-breadcrumbs-content":"","ast-featured-img":"","footer-sml-layout":"","theme-transparent-header-meta":"","adv-header-id-meta":"","stick-header-meta":"","header-above-stick-meta":"","header-main-stick-meta":"","header-below-stick-meta":"","astra-migrate-meta-layouts":""},"product_cat":[1820],"product_tag":[978],"_links":{"self":[{"href":"https:\/\/pfkeepers.com\/english\/wp-json\/wp\/v2\/product\/52696"}],"collection":[{"href":"https:\/\/pfkeepers.com\/english\/wp-json\/wp\/v2\/product"}],"about":[{"href":"https:\/\/pfkeepers.com\/english\/wp-json\/wp\/v2\/types\/product"}],"wp:featuredmedia":[{"embeddable":true,"href":"https:\/\/pfkeepers.com\/english\/wp-json\/wp\/v2\/media\/52697"}],"wp:attachment":[{"href":"https:\/\/pfkeepers.com\/english\/wp-json\/wp\/v2\/media?parent=52696"}],"wp:term":[{"taxonomy":"product_cat","embeddable":true,"href":"https:\/\/pfkeepers.com\/english\/wp-json\/wp\/v2\/product_cat?post=52696"},{"taxonomy":"product_tag","embeddable":true,"href":"https:\/\/pfkeepers.com\/english\/wp-json\/wp\/v2\/product_tag?post=52696"}],"curies":[{"name":"wp","href":"https:\/\/api.w.org\/{rel}","templated":true}]}}