{"id":52682,"date":"2024-03-04T15:27:36","date_gmt":"2024-03-04T15:27:36","guid":{"rendered":"https:\/\/pfkeepers.com\/produto\/jbl-manado-3l\/"},"modified":"2026-04-19T00:34:45","modified_gmt":"2026-04-19T00:34:45","slug":"jbl-manado-3l","status":"publish","type":"product","link":"https:\/\/pfkeepers.com\/english\/product\/jbl-manado-3l\/","title":{"rendered":"JBL Manado 3L"},"content":{"rendered":"<p>Cuidado ideal das plantas atrav\u00e9s da estrutura porosa e fun\u00e7\u00e3o de armazenamento de nutrientes: substrato para aqu\u00e1rios de \u00e1gua doce<br \/>\nCrescimento vigoroso das plantas, previne algas: assentamento eficaz de bact\u00e9rias ben\u00e9ficas do solo e crescimento ideal das ra\u00edzes gra\u00e7as \u00e0 estrutura natural dos poros. Suporte para o filtro. \u00c1gua cristalina<br \/>\nIdeal para peixes, invertebrados e plantas: sem poluentes indesejados lan\u00e7ados na \u00e1gua. Gr\u00e3os de gr\u00e2nulos redondos s\u00e3o suaves em barbilh\u00f5es sens\u00edveis de moradores de fundo<br \/>\nAlta capacidade de armazenamento: o substrato natural absorve os nutrientes excedentes e os libera quando necess\u00e1rio<\/p>","protected":false},"excerpt":{"rendered":"<p>Cuidado ideal das plantas atrav\u00e9s da estrutura porosa e fun\u00e7\u00e3o de armazenamento de nutrientes: substrato para aqu\u00e1rios de \u00e1gua doce Crescimento vigoroso das plantas, previne algas: assentamento eficaz de bact\u00e9rias ben\u00e9ficas do solo e crescimento ideal das ra\u00edzes gra\u00e7as \u00e0 estrutura natural dos poros. Suporte para o filtro. \u00c1gua cristalina Ideal para peixes, invertebrados e &hellip;<\/p>\n<p class=\"read-more\"> <a class=\"\" href=\"https:\/\/pfkeepers.com\/english\/product\/jbl-manado-3l\/\"> <span class=\"screen-reader-text\">JBL Manado 3L<\/span> Read More &raquo;<\/a><\/p>","protected":false},"featured_media":52683,"template":"","meta":{"site-sidebar-layout":"default","site-content-layout":"","ast-site-content-layout":"","site-content-style":"default","site-sidebar-style":"default","ast-global-header-display":"","ast-banner-title-visibility":"","ast-main-header-display":"","ast-hfb-above-header-display":"","ast-hfb-below-header-display":"","ast-hfb-mobile-header-display":"","site-post-title":"","ast-breadcrumbs-content":"","ast-featured-img":"","footer-sml-layout":"","theme-transparent-header-meta":"","adv-header-id-meta":"","stick-header-meta":"","header-above-stick-meta":"","header-main-stick-meta":"","header-below-stick-meta":"","astra-migrate-meta-layouts":""},"product_cat":[1463],"product_tag":[910],"_links":{"self":[{"href":"https:\/\/pfkeepers.com\/english\/wp-json\/wp\/v2\/product\/52682"}],"collection":[{"href":"https:\/\/pfkeepers.com\/english\/wp-json\/wp\/v2\/product"}],"about":[{"href":"https:\/\/pfkeepers.com\/english\/wp-json\/wp\/v2\/types\/product"}],"wp:featuredmedia":[{"embeddable":true,"href":"https:\/\/pfkeepers.com\/english\/wp-json\/wp\/v2\/media\/52683"}],"wp:attachment":[{"href":"https:\/\/pfkeepers.com\/english\/wp-json\/wp\/v2\/media?parent=52682"}],"wp:term":[{"taxonomy":"product_cat","embeddable":true,"href":"https:\/\/pfkeepers.com\/english\/wp-json\/wp\/v2\/product_cat?post=52682"},{"taxonomy":"product_tag","embeddable":true,"href":"https:\/\/pfkeepers.com\/english\/wp-json\/wp\/v2\/product_tag?post=52682"}],"curies":[{"name":"wp","href":"https:\/\/api.w.org\/{rel}","templated":true}]}}