{"id":52674,"date":"2024-03-04T15:27:22","date_gmt":"2024-03-04T15:27:22","guid":{"rendered":"https:\/\/pfkeepers.com\/produto\/jbl-gruta-para-desova\/"},"modified":"2026-04-12T17:02:04","modified_gmt":"2026-04-12T17:02:04","slug":"jbl-gruta-para-desova","status":"publish","type":"product","link":"https:\/\/pfkeepers.com\/english\/product\/jbl-gruta-para-desova\/","title":{"rendered":"JBL Ceramic spawning cave"},"content":{"rendered":"<p>Caverna de desova de argila calcinada, neutra, para aqu\u00e1rios de \u00e1gua doce<br \/>\nPara peixes que procriam em grutas como, por exemplo, apistogrammas<br \/>\nFora da \u00e9poca de incuba\u00e7\u00e3o serve como abrigo<br \/>\nAltura: 12,5, \u00d8 11,5 cm.<\/p>","protected":false},"excerpt":{"rendered":"<p>Caverna de desova de argila calcinada, neutra, para aqu\u00e1rios de \u00e1gua doce Para peixes que procriam em grutas como, por exemplo, apistogrammas Fora da \u00e9poca de incuba\u00e7\u00e3o serve como abrigo Altura: 12,5, \u00d8 11,5 cm.<\/p>","protected":false},"featured_media":52675,"template":"","meta":{"site-sidebar-layout":"default","site-content-layout":"","ast-site-content-layout":"default","site-content-style":"default","site-sidebar-style":"default","ast-global-header-display":"","ast-banner-title-visibility":"","ast-main-header-display":"","ast-hfb-above-header-display":"","ast-hfb-below-header-display":"","ast-hfb-mobile-header-display":"","site-post-title":"","ast-breadcrumbs-content":"","ast-featured-img":"","footer-sml-layout":"","theme-transparent-header-meta":"default","adv-header-id-meta":"","stick-header-meta":"","header-above-stick-meta":"","header-main-stick-meta":"","header-below-stick-meta":"","astra-migrate-meta-layouts":"set"},"product_cat":[1408],"product_tag":[910],"_links":{"self":[{"href":"https:\/\/pfkeepers.com\/english\/wp-json\/wp\/v2\/product\/52674"}],"collection":[{"href":"https:\/\/pfkeepers.com\/english\/wp-json\/wp\/v2\/product"}],"about":[{"href":"https:\/\/pfkeepers.com\/english\/wp-json\/wp\/v2\/types\/product"}],"wp:featuredmedia":[{"embeddable":true,"href":"https:\/\/pfkeepers.com\/english\/wp-json\/wp\/v2\/media\/52675"}],"wp:attachment":[{"href":"https:\/\/pfkeepers.com\/english\/wp-json\/wp\/v2\/media?parent=52674"}],"wp:term":[{"taxonomy":"product_cat","embeddable":true,"href":"https:\/\/pfkeepers.com\/english\/wp-json\/wp\/v2\/product_cat?post=52674"},{"taxonomy":"product_tag","embeddable":true,"href":"https:\/\/pfkeepers.com\/english\/wp-json\/wp\/v2\/product_tag?post=52674"}],"curies":[{"name":"wp","href":"https:\/\/api.w.org\/{rel}","templated":true}]}}