{"id":52672,"date":"2024-03-04T15:27:19","date_gmt":"2024-03-04T15:27:19","guid":{"rendered":"https:\/\/pfkeepers.com\/produto\/sailfin-tang-zebrasoma-velifer\/"},"modified":"2026-04-19T00:34:26","modified_gmt":"2026-04-19T00:34:26","slug":"sailfin-tang-zebrasoma-velifer","status":"publish","type":"product","link":"https:\/\/pfkeepers.com\/english\/product\/sailfin-tang-zebrasoma-velifer\/","title":{"rendered":"Sailfin Tang  &#8211; Zebrasoma velifer"},"content":{"rendered":"<p>N\u00edvel de cuidados: Moderado<\/p>\n<p>Temperamento: Semi-agressivo<\/p>\n<p>Formul\u00e1rio de cor: Azul, Castanho, Amarelo<\/p>\n<p>Dieta: Herb\u00edvoro<\/p>\n<p>Compat\u00edvel com recifes: Sim<\/p>\n<p>Condi\u00e7\u00f5es da \u00e1gua: sg 1.020-1.025, 72-78\u00b0 F, dKH 8-12, pH 8.1-8.4<\/p>\n<p>M\u00e1x. Tamanho: 1&#8242; 3&#8243;.<\/p>\n<p>Origem: Fiji, Indon\u00e9sia, Sumatra<\/p>\n<p>Fam\u00edlia: Acanthuridae<\/p>\n<p>O Sailfin Tang, tamb\u00e9m conhecido como Pacific Sailfin Tang, tem uma forma de corpo oval com v\u00e1rias marcas ricas e distintivas ousadas. \u00c9 de cor castanha com sardas claras no nariz. O corpo tem cinco faixas verticais amarelas com marcas intrincadas dentro de cada faixa. A sua cauda come\u00e7a com amarelo vivo e termina com reflexos azuis. A sua apar\u00eancia pode praticamente duplicar de tamanho \u00e0 vontade, levantando ou baixando as suas altas barbatanas dorsais e anais.<br \/>\nUm aqu\u00e1rio de 180 gal\u00f5es ou maior \u00e9 necess\u00e1rio para proporcionar bastante espa\u00e7o de nata\u00e7\u00e3o. \u00c9 agressivo para a sua pr\u00f3pria esp\u00e9cie e conspec\u00edficos por vezes, mas pac\u00edfico para com outros peixes no aqu\u00e1rio. Introduzir como esp\u00e9cies de uma s\u00f3 vez.<\/p>\n<p>Embora os Tangs comam alimentos de carne juntamente com os outros peixes do aqu\u00e1rio, \u00e9 importante que lhes sejam oferecidas muitas algas marinhas e algas. Isto ir\u00e1 refor\u00e7ar o seu sistema imunit\u00e1rio, reduzir a agress\u00e3o e melhorar a sua sa\u00fade global. Oferecer algas marinhas secas atadas a uma rocha ou usar um grampo vegetariano, e alimentar-se pelo menos 3 vezes por semana. As Algas Marinhas, Salada de Algas Marinhas e Ocean Nutrition s\u00e3o todos produtos ideais e s\u00e3o muito f\u00e1ceis de usar.<\/p>","protected":false},"excerpt":{"rendered":"<p>N\u00edvel de cuidados: Moderado Temperamento: Semi-agressivo Formul\u00e1rio de cor: Azul, Castanho, Amarelo Dieta: Herb\u00edvoro Compat\u00edvel com recifes: Sim Condi\u00e7\u00f5es da \u00e1gua: sg 1.020-1.025, 72-78\u00b0 F, dKH 8-12, pH 8.1-8.4 M\u00e1x. Tamanho: 1&#8242; 3&#8243;. Origem: Fiji, Indon\u00e9sia, Sumatra Fam\u00edlia: Acanthuridae O Sailfin Tang, tamb\u00e9m conhecido como Pacific Sailfin Tang, tem uma forma de corpo oval com &hellip;<\/p>\n<p class=\"read-more\"> <a class=\"\" href=\"https:\/\/pfkeepers.com\/english\/product\/sailfin-tang-zebrasoma-velifer\/\"> <span class=\"screen-reader-text\">Sailfin Tang  &#8211; Zebrasoma velifer<\/span> Read More &raquo;<\/a><\/p>","protected":false},"featured_media":52673,"template":"","meta":{"site-sidebar-layout":"default","site-content-layout":"","ast-site-content-layout":"","site-content-style":"default","site-sidebar-style":"default","ast-global-header-display":"","ast-banner-title-visibility":"","ast-main-header-display":"","ast-hfb-above-header-display":"","ast-hfb-below-header-display":"","ast-hfb-mobile-header-display":"","site-post-title":"","ast-breadcrumbs-content":"","ast-featured-img":"","footer-sml-layout":"","theme-transparent-header-meta":"","adv-header-id-meta":"","stick-header-meta":"","header-above-stick-meta":"","header-main-stick-meta":"","header-below-stick-meta":"","astra-migrate-meta-layouts":""},"product_cat":[1355],"product_tag":[],"_links":{"self":[{"href":"https:\/\/pfkeepers.com\/english\/wp-json\/wp\/v2\/product\/52672"}],"collection":[{"href":"https:\/\/pfkeepers.com\/english\/wp-json\/wp\/v2\/product"}],"about":[{"href":"https:\/\/pfkeepers.com\/english\/wp-json\/wp\/v2\/types\/product"}],"wp:featuredmedia":[{"embeddable":true,"href":"https:\/\/pfkeepers.com\/english\/wp-json\/wp\/v2\/media\/52673"}],"wp:attachment":[{"href":"https:\/\/pfkeepers.com\/english\/wp-json\/wp\/v2\/media?parent=52672"}],"wp:term":[{"taxonomy":"product_cat","embeddable":true,"href":"https:\/\/pfkeepers.com\/english\/wp-json\/wp\/v2\/product_cat?post=52672"},{"taxonomy":"product_tag","embeddable":true,"href":"https:\/\/pfkeepers.com\/english\/wp-json\/wp\/v2\/product_tag?post=52672"}],"curies":[{"name":"wp","href":"https:\/\/api.w.org\/{rel}","templated":true}]}}