{"id":52662,"date":"2024-03-04T15:26:49","date_gmt":"2024-03-04T15:26:49","guid":{"rendered":"https:\/\/pfkeepers.com\/produto\/jbl-cocos-cava-1-2m\/"},"modified":"2025-03-11T14:42:13","modified_gmt":"2025-03-11T14:42:13","slug":"jbl-cocos-cava-1-2m","status":"publish","type":"product","link":"https:\/\/pfkeepers.com\/english\/product\/jbl-cocos-cava-1-2m\/","title":{"rendered":"JBL Cocos Cava 1\/2M"},"content":{"rendered":"<p>Esconderijo e local de desova para peixes; local de dormida e esconderijo para animais de terr\u00e1rio: cascas de coco para aqu\u00e1rios e terr\u00e1rios<br \/>\nDecora\u00e7\u00e3o para um design individual: reconstituir os habitats dos animais com materiais naturais &#8211; decora\u00e7\u00e3o para animais e pessoas<br \/>\nProduto natural, neutro na \u00e1gua: sem liberta\u00e7\u00e3o de subst\u00e2ncias nocivas para a \u00e1gua<br \/>\nDica: antes da utiliza\u00e7\u00e3o no aqu\u00e1rio, lavar a decora\u00e7\u00e3o colocando-a sob \u00e1gua corrente<br \/>\nInclu\u00eddo: casca de coco Cocos Cava. Indica\u00e7\u00e3o: uma vez que se trata de um produto natural, o tamanho pode variar ligeiramente<\/p>\n<p>Um peda\u00e7o de natureza no aqu\u00e1rio<br \/>\nTorne o seu aqu\u00e1rio num aqu\u00e1rio bi\u00f3topo e d\u00ea asas \u00e0 sua criatividade. Conceba o seu aqu\u00e1rio completamente de acordo com os seus desejos e traga efeitos \u00f3ticos com produtos naturais para o interior do seu aqu\u00e1rio. Viver e experienciar a natureza e a criatividade.<\/p>\n<p>Imitar os habitats naturais<br \/>\nOs animais de aqu\u00e1rio e de terr\u00e1rio precisam de determinados lugares onde se sentem protegidos e se sentem bem. No seu ambiente natural escolhem ra\u00edzes ou cavernas. Estas s\u00e3o usadas como esconderijo, lugar de desova ou de dormida. D\u00ea aos seus queridos animais do aqu\u00e1rio e terr\u00e1rio um pedacinho do seu habitat verdadeiro.<\/p>\n<p>Decora\u00e7\u00e3o com fun\u00e7\u00e3o<br \/>\nA decora\u00e7\u00e3o de aqu\u00e1rios consiste em material natural e n\u00e3o prejudica a qualidade da \u00e1gua. In\u00f3cuo para os habitantes de aqu\u00e1rios, de terr\u00e1rios e plantas.<\/p>\n<p>Dica: antes da utiliza\u00e7\u00e3o no aqu\u00e1rio, lavar a decora\u00e7\u00e3o colocando-a sob \u00e1gua corrente.<\/p>","protected":false},"excerpt":{"rendered":"<p>Esconderijo e local de desova para peixes; local de dormida e esconderijo para animais de terr\u00e1rio: cascas de coco para aqu\u00e1rios e terr\u00e1rios Decora\u00e7\u00e3o para um design individual: reconstituir os habitats dos animais com materiais naturais &#8211; decora\u00e7\u00e3o para animais e pessoas Produto natural, neutro na \u00e1gua: sem liberta\u00e7\u00e3o de subst\u00e2ncias nocivas para a \u00e1gua &hellip;<\/p>\n<p class=\"read-more\"> <a class=\"\" href=\"https:\/\/pfkeepers.com\/english\/product\/jbl-cocos-cava-1-2m\/\"> <span class=\"screen-reader-text\">JBL Cocos Cava 1\/2M<\/span> Read More &raquo;<\/a><\/p>","protected":false},"featured_media":52663,"template":"","meta":{"site-sidebar-layout":"default","site-content-layout":"","ast-site-content-layout":"default","site-content-style":"default","site-sidebar-style":"default","ast-global-header-display":"","ast-banner-title-visibility":"","ast-main-header-display":"","ast-hfb-above-header-display":"","ast-hfb-below-header-display":"","ast-hfb-mobile-header-display":"","site-post-title":"","ast-breadcrumbs-content":"","ast-featured-img":"","footer-sml-layout":"","theme-transparent-header-meta":"default","adv-header-id-meta":"","stick-header-meta":"","header-above-stick-meta":"","header-main-stick-meta":"","header-below-stick-meta":"","astra-migrate-meta-layouts":"set"},"product_cat":[1408],"product_tag":[910],"_links":{"self":[{"href":"https:\/\/pfkeepers.com\/english\/wp-json\/wp\/v2\/product\/52662"}],"collection":[{"href":"https:\/\/pfkeepers.com\/english\/wp-json\/wp\/v2\/product"}],"about":[{"href":"https:\/\/pfkeepers.com\/english\/wp-json\/wp\/v2\/types\/product"}],"wp:featuredmedia":[{"embeddable":true,"href":"https:\/\/pfkeepers.com\/english\/wp-json\/wp\/v2\/media\/52663"}],"wp:attachment":[{"href":"https:\/\/pfkeepers.com\/english\/wp-json\/wp\/v2\/media?parent=52662"}],"wp:term":[{"taxonomy":"product_cat","embeddable":true,"href":"https:\/\/pfkeepers.com\/english\/wp-json\/wp\/v2\/product_cat?post=52662"},{"taxonomy":"product_tag","embeddable":true,"href":"https:\/\/pfkeepers.com\/english\/wp-json\/wp\/v2\/product_tag?post=52662"}],"curies":[{"name":"wp","href":"https:\/\/api.w.org\/{rel}","templated":true}]}}