{"id":52642,"date":"2024-03-04T15:25:52","date_gmt":"2024-03-04T15:25:52","guid":{"rendered":"https:\/\/pfkeepers.com\/produto\/papa-de-ovo-cria-amarela-fina-500gr-canto-alegre\/"},"modified":"2024-03-19T14:24:50","modified_gmt":"2024-03-19T14:24:50","slug":"papa-de-ovo-cria-amarela-fina-500gr-canto-alegre","status":"publish","type":"product","link":"https:\/\/pfkeepers.com\/english\/product\/papa-de-ovo-cria-amarela-fina-500gr-canto-alegre\/","title":{"rendered":"Papa de ovo Cria Amarela (fina) 500gr Canto Alegre"},"content":{"rendered":"<p>Papa de cria com ovo. Papa de ovo e mel. Indicada para o periodo de cria\u00e7\u00e3o embora se possa administrar durante todo o ano como complemento proteico a dieta habitual. Dispor ao p\u00e1ssaro em quantiade suficiente e em livre disposi\u00e7\u00e3o. Acidifica o trato intestinal e reduz a popula\u00e7\u00e3o de germes pat\u00f3genos. Prebiotics, Omega3 e Omega 6.<\/p>","protected":false},"excerpt":{"rendered":"<p>Papa de cria com ovo. Papa de ovo e mel. Indicada para o periodo de cria\u00e7\u00e3o embora se possa administrar durante todo o ano como complemento proteico a dieta habitual. Dispor ao p\u00e1ssaro em quantiade suficiente e em livre disposi\u00e7\u00e3o. Acidifica o trato intestinal e reduz a popula\u00e7\u00e3o de germes pat\u00f3genos. Prebiotics, Omega3 e Omega &hellip;<\/p>\n<p class=\"read-more\"> <a class=\"\" href=\"https:\/\/pfkeepers.com\/english\/product\/papa-de-ovo-cria-amarela-fina-500gr-canto-alegre\/\"> <span class=\"screen-reader-text\">Papa de ovo Cria Amarela (fina) 500gr Canto Alegre<\/span> Read More &raquo;<\/a><\/p>","protected":false},"featured_media":52643,"template":"","meta":{"site-sidebar-layout":"default","site-content-layout":"","ast-site-content-layout":"default","site-content-style":"default","site-sidebar-style":"default","ast-global-header-display":"","ast-banner-title-visibility":"","ast-main-header-display":"","ast-hfb-above-header-display":"","ast-hfb-below-header-display":"","ast-hfb-mobile-header-display":"","site-post-title":"","ast-breadcrumbs-content":"","ast-featured-img":"","footer-sml-layout":"","theme-transparent-header-meta":"default","adv-header-id-meta":"","stick-header-meta":"","header-above-stick-meta":"","header-main-stick-meta":"","header-below-stick-meta":"","astra-migrate-meta-layouts":"set"},"product_cat":[658],"product_tag":[814],"_links":{"self":[{"href":"https:\/\/pfkeepers.com\/english\/wp-json\/wp\/v2\/product\/52642"}],"collection":[{"href":"https:\/\/pfkeepers.com\/english\/wp-json\/wp\/v2\/product"}],"about":[{"href":"https:\/\/pfkeepers.com\/english\/wp-json\/wp\/v2\/types\/product"}],"wp:featuredmedia":[{"embeddable":true,"href":"https:\/\/pfkeepers.com\/english\/wp-json\/wp\/v2\/media\/52643"}],"wp:attachment":[{"href":"https:\/\/pfkeepers.com\/english\/wp-json\/wp\/v2\/media?parent=52642"}],"wp:term":[{"taxonomy":"product_cat","embeddable":true,"href":"https:\/\/pfkeepers.com\/english\/wp-json\/wp\/v2\/product_cat?post=52642"},{"taxonomy":"product_tag","embeddable":true,"href":"https:\/\/pfkeepers.com\/english\/wp-json\/wp\/v2\/product_tag?post=52642"}],"curies":[{"name":"wp","href":"https:\/\/api.w.org\/{rel}","templated":true}]}}