{"id":52638,"date":"2024-03-04T15:25:46","date_gmt":"2024-03-04T15:25:46","guid":{"rendered":"https:\/\/pfkeepers.com\/produto\/vacuum-pump-attachment\/"},"modified":"2026-04-19T00:33:50","modified_gmt":"2026-04-19T00:33:50","slug":"vacuum-pump-attachment","status":"publish","type":"product","link":"https:\/\/pfkeepers.com\/english\/product\/vacuum-pump-attachment\/","title":{"rendered":"Vacuum Pump Attachment"},"content":{"rendered":"<p>A ferramenta definitiva para manuten\u00e7\u00e3o de aqu\u00e1rios &#8211; bomba de v\u00e1cuo VCA<\/p>\n<p>Pode ser usado com qualquer mangueira com di\u00e2metro externo de 3\/4 pol. Funciona com o MJ600 a MJ1200.<br \/>\nImpresso em 3D em PETG seguro para recifes<\/p>","protected":false},"excerpt":{"rendered":"<p>A ferramenta definitiva para manuten\u00e7\u00e3o de aqu\u00e1rios &#8211; bomba de v\u00e1cuo VCA Pode ser usado com qualquer mangueira com di\u00e2metro externo de 3\/4 pol. Funciona com o MJ600 a MJ1200. Impresso em 3D em PETG seguro para recifes<\/p>","protected":false},"featured_media":52639,"template":"","meta":{"site-sidebar-layout":"default","site-content-layout":"","ast-site-content-layout":"","site-content-style":"default","site-sidebar-style":"default","ast-global-header-display":"","ast-banner-title-visibility":"","ast-main-header-display":"","ast-hfb-above-header-display":"","ast-hfb-below-header-display":"","ast-hfb-mobile-header-display":"","site-post-title":"","ast-breadcrumbs-content":"","ast-featured-img":"","footer-sml-layout":"","theme-transparent-header-meta":"","adv-header-id-meta":"","stick-header-meta":"","header-above-stick-meta":"","header-main-stick-meta":"","header-below-stick-meta":"","astra-migrate-meta-layouts":""},"product_cat":[1568],"product_tag":[1079],"_links":{"self":[{"href":"https:\/\/pfkeepers.com\/english\/wp-json\/wp\/v2\/product\/52638"}],"collection":[{"href":"https:\/\/pfkeepers.com\/english\/wp-json\/wp\/v2\/product"}],"about":[{"href":"https:\/\/pfkeepers.com\/english\/wp-json\/wp\/v2\/types\/product"}],"wp:featuredmedia":[{"embeddable":true,"href":"https:\/\/pfkeepers.com\/english\/wp-json\/wp\/v2\/media\/52639"}],"wp:attachment":[{"href":"https:\/\/pfkeepers.com\/english\/wp-json\/wp\/v2\/media?parent=52638"}],"wp:term":[{"taxonomy":"product_cat","embeddable":true,"href":"https:\/\/pfkeepers.com\/english\/wp-json\/wp\/v2\/product_cat?post=52638"},{"taxonomy":"product_tag","embeddable":true,"href":"https:\/\/pfkeepers.com\/english\/wp-json\/wp\/v2\/product_tag?post=52638"}],"curies":[{"name":"wp","href":"https:\/\/api.w.org\/{rel}","templated":true}]}}