{"id":52632,"date":"2024-03-04T15:25:11","date_gmt":"2024-03-04T15:25:11","guid":{"rendered":"https:\/\/pfkeepers.com\/produto\/kamoer-ato-one-se\/"},"modified":"2026-04-18T03:20:34","modified_gmt":"2026-04-18T03:20:34","slug":"kamoer-ato-one-se","status":"publish","type":"product","link":"https:\/\/pfkeepers.com\/english\/product\/kamoer-ato-one-se\/","title":{"rendered":"Kamoer ATO ONE SE"},"content":{"rendered":"<p>Kamoer ATO ONE SE \u00e9 um dispositivo inteligente de reabastecimento de \u00e1gua<br \/>\nO Kamoer ATO One \u00e9 um dispositivo inteligente de reabastecimento de \u00e1gua que requer apenas a instala\u00e7\u00e3o do sensor e da bomba de recarga. Ele pode ser usado ap\u00f3s a inicializa\u00e7\u00e3o sem definir nenhum par\u00e2metro. Pode ser usado sem alimentar nenhum par\u00e2metro.<\/p>\n<p>Padr\u00e3o 1 sensor de n\u00edvel \u00f3ptico e 1 sensor de n\u00edvel de flutua\u00e7\u00e3o. O sensor de n\u00edvel \u00f3ptico \u00e9 usado para monitorar o n\u00edvel de \u00e1gua para determinar se a \u00e1gua precisa ser reabastecida. O sensor de n\u00edvel de flutua\u00e7\u00e3o \u00e9 usado para evitar transbordamento. Um sensor de n\u00edvel de flutua\u00e7\u00e3o opcional est\u00e1 dispon\u00edvel para monitorar a falta de \u00e1gua no reservat\u00f3rio de \u00e1gua doce.<br \/>\nO ATO One \u00e9 rico em indicadores de status. Quando o sensor antitransbordamento ou horas extras, a bomba de recarga n\u00e3o estiver inserida ou o reservat\u00f3rio de \u00e1gua doce estiver com falta de \u00e1gua, o ATO One ter\u00e1 uma luz indicadora e um alarme sonoro.<\/p>\n<p>O que est\u00e1 na caixa:<br \/>\n1 x controlador ATO One<br \/>\n1 x sensor de flutua\u00e7\u00e3o S1<br \/>\n1 x sensor \u00f3ptico S2<br \/>\n1 x suporte do sensor \u00f3ptico<br \/>\n1 x suporte do sensor de flutua\u00e7\u00e3o<br \/>\n4 x adesivos magn\u00e9ticos de pl\u00e1stico<br \/>\n1 x fonte de alimenta\u00e7\u00e3o DC 12V<br \/>\n1 x bomba de recarga<br \/>\n1 x suporte de tubo<br \/>\n1 x ruptura do sif\u00e3o<br \/>\n2 x tubos de PVC<\/p>","protected":false},"excerpt":{"rendered":"<p>Kamoer ATO ONE SE \u00e9 um dispositivo inteligente de reabastecimento de \u00e1gua O Kamoer ATO One \u00e9 um dispositivo inteligente de reabastecimento de \u00e1gua que requer apenas a instala\u00e7\u00e3o do sensor e da bomba de recarga. Ele pode ser usado ap\u00f3s a inicializa\u00e7\u00e3o sem definir nenhum par\u00e2metro. Pode ser usado sem alimentar nenhum par\u00e2metro. Padr\u00e3o &hellip;<\/p>\n<p class=\"read-more\"> <a class=\"\" href=\"https:\/\/pfkeepers.com\/english\/product\/kamoer-ato-one-se\/\"> <span class=\"screen-reader-text\">Kamoer ATO ONE SE<\/span> Read More &raquo;<\/a><\/p>","protected":false},"featured_media":52633,"template":"","meta":{"site-sidebar-layout":"default","site-content-layout":"","ast-site-content-layout":"default","site-content-style":"default","site-sidebar-style":"default","ast-global-header-display":"","ast-banner-title-visibility":"","ast-main-header-display":"","ast-hfb-above-header-display":"","ast-hfb-below-header-display":"","ast-hfb-mobile-header-display":"","site-post-title":"","ast-breadcrumbs-content":"","ast-featured-img":"","footer-sml-layout":"","theme-transparent-header-meta":"default","adv-header-id-meta":"","stick-header-meta":"","header-above-stick-meta":"","header-main-stick-meta":"","header-below-stick-meta":"","astra-migrate-meta-layouts":"set"},"product_cat":[1509],"product_tag":[916],"_links":{"self":[{"href":"https:\/\/pfkeepers.com\/english\/wp-json\/wp\/v2\/product\/52632"}],"collection":[{"href":"https:\/\/pfkeepers.com\/english\/wp-json\/wp\/v2\/product"}],"about":[{"href":"https:\/\/pfkeepers.com\/english\/wp-json\/wp\/v2\/types\/product"}],"wp:featuredmedia":[{"embeddable":true,"href":"https:\/\/pfkeepers.com\/english\/wp-json\/wp\/v2\/media\/52633"}],"wp:attachment":[{"href":"https:\/\/pfkeepers.com\/english\/wp-json\/wp\/v2\/media?parent=52632"}],"wp:term":[{"taxonomy":"product_cat","embeddable":true,"href":"https:\/\/pfkeepers.com\/english\/wp-json\/wp\/v2\/product_cat?post=52632"},{"taxonomy":"product_tag","embeddable":true,"href":"https:\/\/pfkeepers.com\/english\/wp-json\/wp\/v2\/product_tag?post=52632"}],"curies":[{"name":"wp","href":"https:\/\/api.w.org\/{rel}","templated":true}]}}