{"id":52620,"date":"2024-03-04T15:24:51","date_gmt":"2024-03-04T15:24:51","guid":{"rendered":"https:\/\/pfkeepers.com\/produto\/faircat-happy-anti-hair-ball-85g\/"},"modified":"2025-02-27T21:17:35","modified_gmt":"2025-02-27T21:17:35","slug":"faircat-happy-anti-hair-ball-85g","status":"publish","type":"product","link":"https:\/\/pfkeepers.com\/english\/product\/faircat-happy-anti-hair-ball-85g\/","title":{"rendered":"FairCat Happy-Anti-hair ball 85g"},"content":{"rendered":"<p>Ol\u00e1 FairCat Happy, adeus bolas de pelo irritantes! Al\u00e9m de uma guloseima saborosa, esta op\u00e7\u00e3o tem um efeito anti bolas de pelo, gra\u00e7as ao \u00f3leo de linha\u00e7a e \u00e0s cascas de psyllium.<\/p>\n<p>Green Petfood FairCat Happy \u00e9 um alimento em pat\u00e9 para gatos adultos, formulado sem cereais. Al\u00e9m dos v\u00e1rios benef\u00edcios para o seu gato, a Green Petfood \u00e9 uma marca amiga do ambiente. O projeto de preserva\u00e7\u00e3o florestal da Tanz\u00e2nia da Green Petfood permite-lhes compensar as emiss\u00f5es de CO2 em 125%. Isto significa que, al\u00e9m da compensa\u00e7\u00e3o das emiss\u00f5es de carbono na totalidade, contribui ainda com 25% extra, refor\u00e7ando o compromisso na luta por um planeta mais verde. Al\u00e9m disso, a prote\u00edna animal inclu\u00edda nos alimentos prov\u00e9m de animais criados no campo, por produtores locais, com produtos biol\u00f3gicos.<\/p>\n<p>BENEF\u00cdCIOS<br \/>\nSEM CEREAIS<\/p>\n<p>ANTI HAIR-BALL<\/p>\n<p>PRODU\u00c7\u00c3O SUSTENT\u00c1VEL<\/p>\n<p>DOSE DI\u00c1RIA RECOMENDADA<br \/>\nPESO QUANTIDADE<br \/>\n&lt; 3 kg  7 kg &gt; 380 gr<br \/>\nCOMPOSI\u00c7\u00c3O<br \/>\nFrango criado no campo (cora\u00e7\u00e3o, carne, f\u00edgado, pesco\u00e7o) 70,0%; caldo; minerais; celulose, \u00f3leo de linha\u00e7a 0,50%; cascas de psyllium 0,10%.<\/p>\n<p>CONSTITUINTES ANAL\u00cdTICOS<br \/>\nProte\u00edna 10,60%; Teor de gordura 5,79%; Cinza bruta 2,40%; Fibra bruta 0,3%; Humidade 80%; Energia metabolizada 96,10 kcal\/100 g.<\/p>\n<p>ADITIVOS NUTRITIVOS\/KG<br \/>\nVitamina E 20 mg; Vitamina D3 200 UI;  Zinco (sulfato de zinco, monoidratado) 25 mg; Mangan\u00eas (sulfato de mangan\u00eas II, monoidratado) 1,40 mg; Iodo (iodeto de c\u00e1lcio, anidro) 0,75 mg; Cobre sulfato de cobre II) 1 mg; Taurina 1,5 mg.<\/p>","protected":false},"excerpt":{"rendered":"<p>Ol\u00e1 FairCat Happy, adeus bolas de pelo irritantes! Al\u00e9m de uma guloseima saborosa, esta op\u00e7\u00e3o tem um efeito anti bolas de pelo, gra\u00e7as ao \u00f3leo de linha\u00e7a e \u00e0s cascas de psyllium. Green Petfood FairCat Happy \u00e9 um alimento em pat\u00e9 para gatos adultos, formulado sem cereais. Al\u00e9m dos v\u00e1rios benef\u00edcios para o seu gato, &hellip;<\/p>\n<p class=\"read-more\"> <a class=\"\" href=\"https:\/\/pfkeepers.com\/english\/product\/faircat-happy-anti-hair-ball-85g\/\"> <span class=\"screen-reader-text\">FairCat Happy-Anti-hair ball 85g<\/span> Read More &raquo;<\/a><\/p>","protected":false},"featured_media":52621,"template":"","meta":{"site-sidebar-layout":"default","site-content-layout":"","ast-site-content-layout":"","site-content-style":"default","site-sidebar-style":"default","ast-global-header-display":"","ast-banner-title-visibility":"","ast-main-header-display":"","ast-hfb-above-header-display":"","ast-hfb-below-header-display":"","ast-hfb-mobile-header-display":"","site-post-title":"","ast-breadcrumbs-content":"","ast-featured-img":"","footer-sml-layout":"","theme-transparent-header-meta":"","adv-header-id-meta":"","stick-header-meta":"","header-above-stick-meta":"","header-main-stick-meta":"","header-below-stick-meta":"","astra-migrate-meta-layouts":""},"product_cat":[658],"product_tag":[914],"_links":{"self":[{"href":"https:\/\/pfkeepers.com\/english\/wp-json\/wp\/v2\/product\/52620"}],"collection":[{"href":"https:\/\/pfkeepers.com\/english\/wp-json\/wp\/v2\/product"}],"about":[{"href":"https:\/\/pfkeepers.com\/english\/wp-json\/wp\/v2\/types\/product"}],"wp:featuredmedia":[{"embeddable":true,"href":"https:\/\/pfkeepers.com\/english\/wp-json\/wp\/v2\/media\/52621"}],"wp:attachment":[{"href":"https:\/\/pfkeepers.com\/english\/wp-json\/wp\/v2\/media?parent=52620"}],"wp:term":[{"taxonomy":"product_cat","embeddable":true,"href":"https:\/\/pfkeepers.com\/english\/wp-json\/wp\/v2\/product_cat?post=52620"},{"taxonomy":"product_tag","embeddable":true,"href":"https:\/\/pfkeepers.com\/english\/wp-json\/wp\/v2\/product_tag?post=52620"}],"curies":[{"name":"wp","href":"https:\/\/api.w.org\/{rel}","templated":true}]}}