{"id":52529,"date":"2024-03-04T15:21:55","date_gmt":"2024-03-04T15:21:55","guid":{"rendered":"https:\/\/pfkeepers.com\/produto\/ramirezi-electric-blue\/"},"modified":"2026-04-18T03:20:02","modified_gmt":"2026-04-18T03:20:02","slug":"ramirezi-electric-blue","status":"publish","type":"product","link":"https:\/\/pfkeepers.com\/english\/product\/ramirezi-electric-blue\/","title":{"rendered":"Ramirezi Electric Blue Orange Head &#8211; Microgeophagus ramirezi"},"content":{"rendered":"<p>O Microgeophagus ramirezi \u00e9 uma esp\u00e9cie end\u00e9mica da bacia do Rio Orinoco, nos &#8216;Llanos&#8217; da Venezuela e Colombia, na Am\u00e9rica do Sul. Apesar de ser um peixe muito conhecido no hobby e que chama muito aten\u00e7\u00e3o dos aquariofilistas mais recentes no hobby, este n\u00e3o \u00e9 um peixe ideal para quem se est\u00e1 a iniciar. S\u00e3o uma esp\u00e9cie que requer boa qualidade da \u00e1gua do aqu\u00e1rio. As variedades apuradas em cativeiro s\u00e3o mais resistentes. A presen\u00e7a de um cardume de pequenos carac\u00eddeos deixa-os mais confort\u00e1veis, pois s\u00e3o sin\u00f3nimo de aus\u00eancia de perigo.<\/p>\n<p>pH 4,0-7,0<br \/>\nTemperatura 22-30\u00b0C<br \/>\nDureza geral 1-10 dH<\/p>","protected":false},"excerpt":{"rendered":"<p>O Microgeophagus ramirezi \u00e9 uma esp\u00e9cie end\u00e9mica da bacia do Rio Orinoco, nos &#8216;Llanos&#8217; da Venezuela e Colombia, na Am\u00e9rica do Sul. Apesar de ser um peixe muito conhecido no hobby e que chama muito aten\u00e7\u00e3o dos aquariofilistas mais recentes no hobby, este n\u00e3o \u00e9 um peixe ideal para quem se est\u00e1 a iniciar. S\u00e3o &hellip;<\/p>\n<p class=\"read-more\"> <a class=\"\" href=\"https:\/\/pfkeepers.com\/english\/product\/ramirezi-electric-blue\/\"> <span class=\"screen-reader-text\">Ramirezi Electric Blue Orange Head &#8211; Microgeophagus ramirezi<\/span> Read More &raquo;<\/a><\/p>","protected":false},"featured_media":52530,"template":"","meta":{"site-sidebar-layout":"default","site-content-layout":"","ast-site-content-layout":"","site-content-style":"default","site-sidebar-style":"default","ast-global-header-display":"","ast-banner-title-visibility":"","ast-main-header-display":"","ast-hfb-above-header-display":"","ast-hfb-below-header-display":"","ast-hfb-mobile-header-display":"","site-post-title":"","ast-breadcrumbs-content":"","ast-featured-img":"","footer-sml-layout":"","theme-transparent-header-meta":"","adv-header-id-meta":"","stick-header-meta":"","header-above-stick-meta":"","header-main-stick-meta":"","header-below-stick-meta":"","astra-migrate-meta-layouts":""},"product_cat":[1354],"product_tag":[873],"_links":{"self":[{"href":"https:\/\/pfkeepers.com\/english\/wp-json\/wp\/v2\/product\/52529"}],"collection":[{"href":"https:\/\/pfkeepers.com\/english\/wp-json\/wp\/v2\/product"}],"about":[{"href":"https:\/\/pfkeepers.com\/english\/wp-json\/wp\/v2\/types\/product"}],"wp:featuredmedia":[{"embeddable":true,"href":"https:\/\/pfkeepers.com\/english\/wp-json\/wp\/v2\/media\/52530"}],"wp:attachment":[{"href":"https:\/\/pfkeepers.com\/english\/wp-json\/wp\/v2\/media?parent=52529"}],"wp:term":[{"taxonomy":"product_cat","embeddable":true,"href":"https:\/\/pfkeepers.com\/english\/wp-json\/wp\/v2\/product_cat?post=52529"},{"taxonomy":"product_tag","embeddable":true,"href":"https:\/\/pfkeepers.com\/english\/wp-json\/wp\/v2\/product_tag?post=52529"}],"curies":[{"name":"wp","href":"https:\/\/api.w.org\/{rel}","templated":true}]}}