{"id":52527,"date":"2024-03-04T15:21:52","date_gmt":"2024-03-04T15:21:52","guid":{"rendered":"https:\/\/pfkeepers.com\/produto\/betta-macho-halfmoon-betta-splendens\/"},"modified":"2026-04-18T03:19:55","modified_gmt":"2026-04-18T03:19:55","slug":"betta-macho-halfmoon-betta-splendens","status":"publish","type":"product","link":"https:\/\/pfkeepers.com\/english\/product\/betta-macho-halfmoon-betta-splendens\/","title":{"rendered":"Betta Macho Halfmoon &#8211; Betta splendens"},"content":{"rendered":"<p>Nota: Imagem ilustrativa, o padr\u00e3o das cores pode n\u00e3o corresponder exactamente \u00e1 fotografia da imagem, pode requisitar o envio de fotos para verificar os padr\u00f5es em stock<\/p>\n<p>Esp\u00e9cie: Betta splendens<\/p>\n<p>Tamanho dispon\u00edvel: 5,0 cm<\/p>\n<p>Tamanho m\u00e1ximo: 6,5 cm<\/p>\n<p>pH: 6,0 &#8211; 8,0<\/p>\n<p>Dureza: 140 &#8211; 350 ppm <\/p>\n<p>Temperatura: 24\u00ba a 30\u00baC<\/p>\n<p>Origem: \u00c1sia<\/p>\n<p>Comportamento: Pac\u00edfico, apesar de poder ser agressivo com indiv\u00edduos da mesma esp\u00e9cie, especialmente outros machos.<\/p>","protected":false},"excerpt":{"rendered":"<p>Nota: Imagem ilustrativa, o padr\u00e3o das cores pode n\u00e3o corresponder exactamente \u00e1 fotografia da imagem, pode requisitar o envio de fotos para verificar os padr\u00f5es em stock Esp\u00e9cie: Betta splendens Tamanho dispon\u00edvel: 5,0 cm Tamanho m\u00e1ximo: 6,5 cm pH: 6,0 &#8211; 8,0 Dureza: 140 &#8211; 350 ppm Temperatura: 24\u00ba a 30\u00baC Origem: \u00c1sia Comportamento: Pac\u00edfico, &hellip;<\/p>\n<p class=\"read-more\"> <a class=\"\" href=\"https:\/\/pfkeepers.com\/english\/product\/betta-macho-halfmoon-betta-splendens\/\"> <span class=\"screen-reader-text\">Betta Macho Halfmoon &#8211; Betta splendens<\/span> Read More &raquo;<\/a><\/p>","protected":false},"featured_media":52528,"template":"","meta":{"site-sidebar-layout":"default","site-content-layout":"","ast-site-content-layout":"","site-content-style":"default","site-sidebar-style":"default","ast-global-header-display":"","ast-banner-title-visibility":"","ast-main-header-display":"","ast-hfb-above-header-display":"","ast-hfb-below-header-display":"","ast-hfb-mobile-header-display":"","site-post-title":"","ast-breadcrumbs-content":"","ast-featured-img":"","footer-sml-layout":"","theme-transparent-header-meta":"","adv-header-id-meta":"","stick-header-meta":"","header-above-stick-meta":"","header-main-stick-meta":"","header-below-stick-meta":"","astra-migrate-meta-layouts":""},"product_cat":[1354],"product_tag":[873],"_links":{"self":[{"href":"https:\/\/pfkeepers.com\/english\/wp-json\/wp\/v2\/product\/52527"}],"collection":[{"href":"https:\/\/pfkeepers.com\/english\/wp-json\/wp\/v2\/product"}],"about":[{"href":"https:\/\/pfkeepers.com\/english\/wp-json\/wp\/v2\/types\/product"}],"wp:featuredmedia":[{"embeddable":true,"href":"https:\/\/pfkeepers.com\/english\/wp-json\/wp\/v2\/media\/52528"}],"wp:attachment":[{"href":"https:\/\/pfkeepers.com\/english\/wp-json\/wp\/v2\/media?parent=52527"}],"wp:term":[{"taxonomy":"product_cat","embeddable":true,"href":"https:\/\/pfkeepers.com\/english\/wp-json\/wp\/v2\/product_cat?post=52527"},{"taxonomy":"product_tag","embeddable":true,"href":"https:\/\/pfkeepers.com\/english\/wp-json\/wp\/v2\/product_tag?post=52527"}],"curies":[{"name":"wp","href":"https:\/\/api.w.org\/{rel}","templated":true}]}}