{"id":52499,"date":"2024-03-04T15:21:03","date_gmt":"2024-03-04T15:21:03","guid":{"rendered":"https:\/\/pfkeepers.com\/produto\/aquaforest-afi-glue-110g\/"},"modified":"2026-04-19T00:32:52","modified_gmt":"2026-04-19T00:32:52","slug":"aquaforest-afi-glue-110g","status":"publish","type":"product","link":"https:\/\/pfkeepers.com\/english\/product\/aquaforest-afi-glue-110g\/","title":{"rendered":"Aquaforest AFix Glue 110g"},"content":{"rendered":"<p>Massa pl\u00e1stica especial de dois componentes para unir pequenas rochas e fixar corais p\u00e9treos \u00e0s rochas. N\u00e3o causa impurezas na \u00e1gua e n\u00e3o \u00e9 t\u00f3xico para os animais recifais. Ambos os componentes devem ser misturados em quantidades iguais fora do aqu\u00e1rio e ent\u00e3o usados dentro de 30min.<\/p>\n<p>Vale a pena saber: Mantenha longe das crian\u00e7as. Produto apenas para uso em aqu\u00e1rios. N\u00e3o \u00e9 adequado para consumo humano.<\/p>","protected":false},"excerpt":{"rendered":"<p>Massa pl\u00e1stica especial de dois componentes para unir pequenas rochas e fixar corais p\u00e9treos \u00e0s rochas. N\u00e3o causa impurezas na \u00e1gua e n\u00e3o \u00e9 t\u00f3xico para os animais recifais. Ambos os componentes devem ser misturados em quantidades iguais fora do aqu\u00e1rio e ent\u00e3o usados dentro de 30min. Vale a pena saber: Mantenha longe das crian\u00e7as. &hellip;<\/p>\n<p class=\"read-more\"> <a class=\"\" href=\"https:\/\/pfkeepers.com\/english\/product\/aquaforest-afi-glue-110g\/\"> <span class=\"screen-reader-text\">Aquaforest AFix Glue 110g<\/span> Read More &raquo;<\/a><\/p>","protected":false},"featured_media":52500,"template":"","meta":{"site-sidebar-layout":"default","site-content-layout":"","ast-site-content-layout":"","site-content-style":"default","site-sidebar-style":"default","ast-global-header-display":"","ast-banner-title-visibility":"","ast-main-header-display":"","ast-hfb-above-header-display":"","ast-hfb-below-header-display":"","ast-hfb-mobile-header-display":"","site-post-title":"","ast-breadcrumbs-content":"","ast-featured-img":"","footer-sml-layout":"","theme-transparent-header-meta":"","adv-header-id-meta":"","stick-header-meta":"","header-above-stick-meta":"","header-main-stick-meta":"","header-below-stick-meta":"","astra-migrate-meta-layouts":""},"product_cat":[1353],"product_tag":[768],"_links":{"self":[{"href":"https:\/\/pfkeepers.com\/english\/wp-json\/wp\/v2\/product\/52499"}],"collection":[{"href":"https:\/\/pfkeepers.com\/english\/wp-json\/wp\/v2\/product"}],"about":[{"href":"https:\/\/pfkeepers.com\/english\/wp-json\/wp\/v2\/types\/product"}],"wp:featuredmedia":[{"embeddable":true,"href":"https:\/\/pfkeepers.com\/english\/wp-json\/wp\/v2\/media\/52500"}],"wp:attachment":[{"href":"https:\/\/pfkeepers.com\/english\/wp-json\/wp\/v2\/media?parent=52499"}],"wp:term":[{"taxonomy":"product_cat","embeddable":true,"href":"https:\/\/pfkeepers.com\/english\/wp-json\/wp\/v2\/product_cat?post=52499"},{"taxonomy":"product_tag","embeddable":true,"href":"https:\/\/pfkeepers.com\/english\/wp-json\/wp\/v2\/product_tag?post=52499"}],"curies":[{"name":"wp","href":"https:\/\/api.w.org\/{rel}","templated":true}]}}