{"id":52291,"date":"2024-03-04T15:12:54","date_gmt":"2024-03-04T15:12:54","guid":{"rendered":"https:\/\/pfkeepers.com\/produto\/rasbora-harlequim-trigonostigma-heteromorpha\/"},"modified":"2026-04-18T03:16:08","modified_gmt":"2026-04-18T03:16:08","slug":"rasbora-harlequim-trigonostigma-heteromorpha","status":"publish","type":"product","link":"https:\/\/pfkeepers.com\/english\/product\/rasbora-harlequim-trigonostigma-heteromorpha\/","title":{"rendered":"Rasbora Harlequim &#8211; Trigonostigma heteromorpha"},"content":{"rendered":"<p>Esp\u00e9cie: Rasbora heteromorpha<\/p>\n<p>Tamanho dispon\u00edvel: 2,5 cm<\/p>\n<p>Tamanho m\u00e1ximo: 3,5-4,5 cm<\/p>\n<p>Temperatura: 21-28\u00baC<\/p>\n<p>pH: 5.0-7.5<\/p>\n<p>Dureza: 18-215 ppm<\/p>\n<p>Comportamento: Peixe de cardume, aconselh\u00e1vel pelo menos 6 indiv\u00edduos<\/p>\n<p>Origem: Tail\u00e2ndia, Born\u00e9u e Sumatra<\/p>","protected":false},"excerpt":{"rendered":"<p>Esp\u00e9cie: Rasbora heteromorpha Tamanho dispon\u00edvel: 2,5 cm Tamanho m\u00e1ximo: 3,5-4,5 cm Temperatura: 21-28\u00baC pH: 5.0-7.5 Dureza: 18-215 ppm Comportamento: Peixe de cardume, aconselh\u00e1vel pelo menos 6 indiv\u00edduos Origem: Tail\u00e2ndia, Born\u00e9u e Sumatra<\/p>","protected":false},"featured_media":52292,"template":"","meta":{"site-sidebar-layout":"default","site-content-layout":"","ast-site-content-layout":"","site-content-style":"default","site-sidebar-style":"default","ast-global-header-display":"","ast-banner-title-visibility":"","ast-main-header-display":"","ast-hfb-above-header-display":"","ast-hfb-below-header-display":"","ast-hfb-mobile-header-display":"","site-post-title":"","ast-breadcrumbs-content":"","ast-featured-img":"","footer-sml-layout":"","theme-transparent-header-meta":"","adv-header-id-meta":"","stick-header-meta":"","header-above-stick-meta":"","header-main-stick-meta":"","header-below-stick-meta":"","astra-migrate-meta-layouts":""},"product_cat":[1354],"product_tag":[874],"_links":{"self":[{"href":"https:\/\/pfkeepers.com\/english\/wp-json\/wp\/v2\/product\/52291"}],"collection":[{"href":"https:\/\/pfkeepers.com\/english\/wp-json\/wp\/v2\/product"}],"about":[{"href":"https:\/\/pfkeepers.com\/english\/wp-json\/wp\/v2\/types\/product"}],"wp:featuredmedia":[{"embeddable":true,"href":"https:\/\/pfkeepers.com\/english\/wp-json\/wp\/v2\/media\/52292"}],"wp:attachment":[{"href":"https:\/\/pfkeepers.com\/english\/wp-json\/wp\/v2\/media?parent=52291"}],"wp:term":[{"taxonomy":"product_cat","embeddable":true,"href":"https:\/\/pfkeepers.com\/english\/wp-json\/wp\/v2\/product_cat?post=52291"},{"taxonomy":"product_tag","embeddable":true,"href":"https:\/\/pfkeepers.com\/english\/wp-json\/wp\/v2\/product_tag?post=52291"}],"curies":[{"name":"wp","href":"https:\/\/api.w.org\/{rel}","templated":true}]}}