{"id":52270,"date":"2024-03-04T15:12:19","date_gmt":"2024-03-04T15:12:19","guid":{"rendered":"https:\/\/pfkeepers.com\/produto\/fox-face-siganus-vulpinus\/"},"modified":"2026-04-19T00:29:28","modified_gmt":"2026-04-19T00:29:28","slug":"fox-face-siganus-vulpinus","status":"publish","type":"product","link":"https:\/\/pfkeepers.com\/english\/product\/fox-face-siganus-vulpinus\/","title":{"rendered":"Fox Face &#8211; Siganus vulpinus"},"content":{"rendered":"<p>N\u00edvel de cuidado: F\u00e1cil<\/p>\n<p>Temperamento: Pac\u00edfico<\/p>\n<p>Cor: Preto, laranja, castanho, amarelo<\/p>\n<p>Dieta: Herb\u00edvoro<\/p>\n<p>Compatibilidade: Com precau\u00e7\u00e3o<\/p>\n<p>Condi\u00e7\u00f5es de \u00e1gua: 22-26\u00b0 C, KH 8-12, pH 8.1-8.4, sal. 1.020-1.025<\/p>\n<p>Tamnho m\u00e1x.: 23 cm<\/p>\n<p>Origem: Indon\u00e9sia<\/p>\n<p>Fam\u00edlia: Siganidae<\/p>\n<p>O Siganus Vulpinus, tamb\u00e9m conhecido como Foxface Rabbitfish, tem uma cor de corpo muito original. Tem um corpo castanho-amarelado mosqueado com o peito escuro. O rosto \u00e9 muito claro e salpicado na metade inferior. Eles s\u00e3o peixes muito resistentes e s\u00e3o \u00f3timas adi\u00e7\u00f5es ao tanque rec\u00e9m-criado.<\/p>\n<p>Ele pode residir em um aqu\u00e1rio de 125 gal\u00f5es ou maior. \u00c9 uma esp\u00e9cie muito pac\u00edfica, exceto quando alojada com outros peixes-coelho. O Foxface Lo pode ser alojado com peixes mais agressivos. Seus predadores tendem a deix\u00e1-lo sozinho por causa de seus espinhos dorsais pe\u00e7onhentos. Os peixes-coelho geralmente s\u00e3o seguros para os recifes se forem bem alimentados. Do contr\u00e1rio, eles podem beliscar e consumir algumas esp\u00e9cies de LPS e corais moles.<\/p>\n<p>A dieta do Siganus Vulpinus consiste em uma variedade de vegetais frescos e esp\u00e9cies indesej\u00e1veis de algas. Ele belisca e possivelmente come alguns p\u00f3lipos de coral duros e moles.<\/p>","protected":false},"excerpt":{"rendered":"<p>N\u00edvel de cuidado: F\u00e1cil Temperamento: Pac\u00edfico Cor: Preto, laranja, castanho, amarelo Dieta: Herb\u00edvoro Compatibilidade: Com precau\u00e7\u00e3o Condi\u00e7\u00f5es de \u00e1gua: 22-26\u00b0 C, KH 8-12, pH 8.1-8.4, sal. 1.020-1.025 Tamnho m\u00e1x.: 23 cm Origem: Indon\u00e9sia Fam\u00edlia: Siganidae O Siganus Vulpinus, tamb\u00e9m conhecido como Foxface Rabbitfish, tem uma cor de corpo muito original. Tem um corpo castanho-amarelado mosqueado &hellip;<\/p>\n<p class=\"read-more\"> <a class=\"\" href=\"https:\/\/pfkeepers.com\/english\/product\/fox-face-siganus-vulpinus\/\"> <span class=\"screen-reader-text\">Fox Face &#8211; Siganus vulpinus<\/span> Read More &raquo;<\/a><\/p>","protected":false},"featured_media":52271,"template":"","meta":{"site-sidebar-layout":"default","site-content-layout":"","ast-site-content-layout":"default","site-content-style":"default","site-sidebar-style":"default","ast-global-header-display":"","ast-banner-title-visibility":"","ast-main-header-display":"","ast-hfb-above-header-display":"","ast-hfb-below-header-display":"","ast-hfb-mobile-header-display":"","site-post-title":"","ast-breadcrumbs-content":"","ast-featured-img":"","footer-sml-layout":"","theme-transparent-header-meta":"default","adv-header-id-meta":"","stick-header-meta":"","header-above-stick-meta":"","header-main-stick-meta":"","header-below-stick-meta":"","astra-migrate-meta-layouts":"set"},"product_cat":[1355],"product_tag":[],"_links":{"self":[{"href":"https:\/\/pfkeepers.com\/english\/wp-json\/wp\/v2\/product\/52270"}],"collection":[{"href":"https:\/\/pfkeepers.com\/english\/wp-json\/wp\/v2\/product"}],"about":[{"href":"https:\/\/pfkeepers.com\/english\/wp-json\/wp\/v2\/types\/product"}],"wp:featuredmedia":[{"embeddable":true,"href":"https:\/\/pfkeepers.com\/english\/wp-json\/wp\/v2\/media\/52271"}],"wp:attachment":[{"href":"https:\/\/pfkeepers.com\/english\/wp-json\/wp\/v2\/media?parent=52270"}],"wp:term":[{"taxonomy":"product_cat","embeddable":true,"href":"https:\/\/pfkeepers.com\/english\/wp-json\/wp\/v2\/product_cat?post=52270"},{"taxonomy":"product_tag","embeddable":true,"href":"https:\/\/pfkeepers.com\/english\/wp-json\/wp\/v2\/product_tag?post=52270"}],"curies":[{"name":"wp","href":"https:\/\/api.w.org\/{rel}","templated":true}]}}