{"id":52239,"date":"2024-03-04T15:11:29","date_gmt":"2024-03-04T15:11:29","guid":{"rendered":"https:\/\/pfkeepers.com\/produto\/reef-habitat-90-aquarium-system\/"},"modified":"2026-04-19T00:29:05","modified_gmt":"2026-04-19T00:29:05","slug":"reef-habitat-90-aquarium-system","status":"publish","type":"product","link":"https:\/\/pfkeepers.com\/english\/product\/reef-habitat-90-aquarium-system\/","title":{"rendered":"TMC Reef Habitat 90 Aquarium System"},"content":{"rendered":"<p>Reef Habitat 90 Aquarium System<\/p>\n<p>A face em mudan\u00e7a dos aqu\u00e1rios marinhos\u2026<\/p>\n<p>A  nova gama de aqu\u00e1rios Reef Habitat TMC \u00e9 a pe\u00e7a de mobili\u00e1rio perfeita para a sua casa, na qual pode criar o seu pr\u00f3prio peda\u00e7o de oceano. Aqu\u00e1rios elegantes fabricados com vidro de qualidade premium para uma visualiza\u00e7\u00e3o clara e fiel \u00e0 natureza.<\/p>\n<p>M\u00f3veis de alta qualidade  oferecem linhas limpas supremas com fechos push to open e dobradi\u00e7as premium soft close para garantir que seus animais n\u00e3o sejam incomodados quando voc\u00ea abre e fecha a porta. Seu tanque ficar\u00e1 fant\u00e1stico&#8230; por muitos anos.<\/p>\n<p>Dimens\u00f5es do aqu\u00e1rio: 90 x 50 x 50 cm<\/p>\n<p>Espessura do vidro: 10mm<\/p>\n<p>Coluna de Skimmer de superf\u00edcie<\/p>\n<p>Reservat\u00f3rio para \u00e1gua de osmose<\/p>\n<p>Divis\u00f3ria para bomba de retorno<\/p>\n<p>C\u00e2mara de ref\u00fagio<\/p>\n<p>Dimens\u00f5es do m\u00f3vel: 90 x 50 x 80 cm<\/p>\n<p>Opcoes cores movel: branco ou preto brilhante (INCLUIDOS NO PRE\u00c7O)<\/p>","protected":false},"excerpt":{"rendered":"<p>Reef Habitat 90 Aquarium System A face em mudan\u00e7a dos aqu\u00e1rios marinhos\u2026 A nova gama de aqu\u00e1rios Reef Habitat TMC \u00e9 a pe\u00e7a de mobili\u00e1rio perfeita para a sua casa, na qual pode criar o seu pr\u00f3prio peda\u00e7o de oceano. Aqu\u00e1rios elegantes fabricados com vidro de qualidade premium para uma visualiza\u00e7\u00e3o clara e fiel \u00e0 &hellip;<\/p>\n<p class=\"read-more\"> <a class=\"\" href=\"https:\/\/pfkeepers.com\/english\/product\/reef-habitat-90-aquarium-system\/\"> <span class=\"screen-reader-text\">TMC Reef Habitat 90 Aquarium System<\/span> Read More &raquo;<\/a><\/p>","protected":false},"featured_media":52240,"template":"","meta":{"site-sidebar-layout":"default","site-content-layout":"","ast-site-content-layout":"default","site-content-style":"default","site-sidebar-style":"default","ast-global-header-display":"","ast-banner-title-visibility":"","ast-main-header-display":"","ast-hfb-above-header-display":"","ast-hfb-below-header-display":"","ast-hfb-mobile-header-display":"","site-post-title":"","ast-breadcrumbs-content":"","ast-featured-img":"","footer-sml-layout":"","theme-transparent-header-meta":"default","adv-header-id-meta":"","stick-header-meta":"","header-above-stick-meta":"","header-main-stick-meta":"","header-below-stick-meta":"","astra-migrate-meta-layouts":"set"},"product_cat":[1387],"product_tag":[1058],"_links":{"self":[{"href":"https:\/\/pfkeepers.com\/english\/wp-json\/wp\/v2\/product\/52239"}],"collection":[{"href":"https:\/\/pfkeepers.com\/english\/wp-json\/wp\/v2\/product"}],"about":[{"href":"https:\/\/pfkeepers.com\/english\/wp-json\/wp\/v2\/types\/product"}],"wp:featuredmedia":[{"embeddable":true,"href":"https:\/\/pfkeepers.com\/english\/wp-json\/wp\/v2\/media\/52240"}],"wp:attachment":[{"href":"https:\/\/pfkeepers.com\/english\/wp-json\/wp\/v2\/media?parent=52239"}],"wp:term":[{"taxonomy":"product_cat","embeddable":true,"href":"https:\/\/pfkeepers.com\/english\/wp-json\/wp\/v2\/product_cat?post=52239"},{"taxonomy":"product_tag","embeddable":true,"href":"https:\/\/pfkeepers.com\/english\/wp-json\/wp\/v2\/product_tag?post=52239"}],"curies":[{"name":"wp","href":"https:\/\/api.w.org\/{rel}","templated":true}]}}