{"id":52183,"date":"2024-03-04T15:09:53","date_gmt":"2024-03-04T15:09:53","guid":{"rendered":"https:\/\/pfkeepers.com\/produto\/two-little-fishies-magfeeder-magnetic-feeding-ring\/"},"modified":"2025-02-27T21:08:05","modified_gmt":"2025-02-27T21:08:05","slug":"two-little-fishies-magfeeder-magnetic-feeding-ring","status":"publish","type":"product","link":"https:\/\/pfkeepers.com\/english\/product\/two-little-fishies-magfeeder-magnetic-feeding-ring\/","title":{"rendered":"Two Little Fishies MagFeeder Magnetic Feeding Ring"},"content":{"rendered":"<p>Como nosso popular VeggieMag, nosso novo dispositivo de alimenta\u00e7\u00e3o, MagFeederTM e seus acess\u00f3rios tornam a alimenta\u00e7\u00e3o de seus peixes mais eficaz e agrad\u00e1vel. MagFeeder vem com um anel de alimenta\u00e7\u00e3o flutuante que ret\u00e9m alimentos em flocos, pellets, ra\u00e7\u00f5es de invertebrados em p\u00f3 ou qualquer alimento que voc\u00ea deseja dosar em seu aqu\u00e1rio, mas n\u00e3o quer que transborde. O acoplamento magn\u00e9tico permite posicionar facilmente o anel sem molhar as m\u00e3os, e o conjunto de conex\u00e3o articulada facilita o ajuste da dist\u00e2ncia da parede do aqu\u00e1rio.<\/p>\n<p>Outro recurso que vem com o MagFeeder \u00e9 o bot\u00e3o Two Little Fishies que aparece na cabe\u00e7a do cogumelo do alimentador. Ele ret\u00e9m todos os alimentos em forma de anel, como o GrazerTM da New Era. O acoplamento magn\u00e9tico permite posicionar ou recuperar MagFeeder facilmente e sem molhar as m\u00e3os.<\/p>\n<p>Fique atento para mais acess\u00f3rios de alimenta\u00e7\u00e3o novos e emocionantes que voc\u00ea poder\u00e1 anexar, implantar, mover e recuperar facilmente com MagFeeder.<\/p>","protected":false},"excerpt":{"rendered":"<p>Como nosso popular VeggieMag, nosso novo dispositivo de alimenta\u00e7\u00e3o, MagFeederTM e seus acess\u00f3rios tornam a alimenta\u00e7\u00e3o de seus peixes mais eficaz e agrad\u00e1vel. MagFeeder vem com um anel de alimenta\u00e7\u00e3o flutuante que ret\u00e9m alimentos em flocos, pellets, ra\u00e7\u00f5es de invertebrados em p\u00f3 ou qualquer alimento que voc\u00ea deseja dosar em seu aqu\u00e1rio, mas n\u00e3o quer &hellip;<\/p>\n<p class=\"read-more\"> <a class=\"\" href=\"https:\/\/pfkeepers.com\/english\/product\/two-little-fishies-magfeeder-magnetic-feeding-ring\/\"> <span class=\"screen-reader-text\">Two Little Fishies MagFeeder Magnetic Feeding Ring<\/span> Read More &raquo;<\/a><\/p>","protected":false},"featured_media":52184,"template":"","meta":{"site-sidebar-layout":"default","site-content-layout":"","ast-site-content-layout":"default","site-content-style":"default","site-sidebar-style":"default","ast-global-header-display":"","ast-banner-title-visibility":"","ast-main-header-display":"","ast-hfb-above-header-display":"","ast-hfb-below-header-display":"","ast-hfb-mobile-header-display":"","site-post-title":"","ast-breadcrumbs-content":"","ast-featured-img":"","footer-sml-layout":"","theme-transparent-header-meta":"default","adv-header-id-meta":"","stick-header-meta":"","header-above-stick-meta":"","header-main-stick-meta":"","header-below-stick-meta":"","astra-migrate-meta-layouts":"set"},"product_cat":[1478],"product_tag":[1071],"_links":{"self":[{"href":"https:\/\/pfkeepers.com\/english\/wp-json\/wp\/v2\/product\/52183"}],"collection":[{"href":"https:\/\/pfkeepers.com\/english\/wp-json\/wp\/v2\/product"}],"about":[{"href":"https:\/\/pfkeepers.com\/english\/wp-json\/wp\/v2\/types\/product"}],"wp:featuredmedia":[{"embeddable":true,"href":"https:\/\/pfkeepers.com\/english\/wp-json\/wp\/v2\/media\/52184"}],"wp:attachment":[{"href":"https:\/\/pfkeepers.com\/english\/wp-json\/wp\/v2\/media?parent=52183"}],"wp:term":[{"taxonomy":"product_cat","embeddable":true,"href":"https:\/\/pfkeepers.com\/english\/wp-json\/wp\/v2\/product_cat?post=52183"},{"taxonomy":"product_tag","embeddable":true,"href":"https:\/\/pfkeepers.com\/english\/wp-json\/wp\/v2\/product_tag?post=52183"}],"curies":[{"name":"wp","href":"https:\/\/api.w.org\/{rel}","templated":true}]}}