{"id":52125,"date":"2024-03-04T15:07:49","date_gmt":"2024-03-04T15:07:49","guid":{"rendered":"https:\/\/pfkeepers.com\/produto\/anubias-barteri-caladiifolia-pot-package-tropica\/"},"modified":"2026-04-19T00:27:41","modified_gmt":"2026-04-19T00:27:41","slug":"anubias-barteri-caladiifolia-pot-package-tropica","status":"publish","type":"product","link":"https:\/\/pfkeepers.com\/english\/product\/anubias-barteri-caladiifolia-pot-package-tropica\/","title":{"rendered":"Anubias barteri caladiifolia pot Package Tropica"},"content":{"rendered":"<p>Planta aqu\u00e1tica viva em vaso, embalada em embalagem blister respir\u00e1vel para viagem.<\/p>\n<p>Anubias barteri var. caladiifolia \u00e9 origin\u00e1ria de um laborat\u00f3rio australiano de propaga\u00e7\u00e3o de tecidos. \u00c9 uma variedade muito bonita com folhas em forma de cora\u00e7\u00e3o. As folhas vivem v\u00e1rios anos, portanto, Anubias barteri var. caladiifolia pode facilmente formar grandes grupos, apesar de seu crescimento lento. Um grupo de Anubias barteri var. caladiifolia que cresce mais de 50 cm de largura em poucos anos n\u00e3o \u00e9 incomum.<\/p>\n<p>Informa\u00e7\u00e3o da planta<\/p>\n<p>Tipo: rizomatoso<br \/>\nOrigem: Cultivar<br \/>\nPa\u00eds ou continente onde uma planta \u00e9 mais comum. Os cultivares surgem ou s\u00e3o criados em cultivo.<br \/>\nTaxa de crescimento: lento<br \/>\nTaxa de crescimento da planta em compara\u00e7\u00e3o com outras plantas aqu\u00e1ticas.<br \/>\nAltura: 10-15+<br \/>\nAltura m\u00e9dia (cm) da planta ap\u00f3s dois meses no tanque.<br \/>\nDemanda leve: baixa<br \/>\nA demanda de luz m\u00e9dia ou m\u00e9dia de uma planta de aqu\u00e1rio \u00e9 0,5 W \/ L.<br \/>\nCO2: Baixo<br \/>\nUma necessidade m\u00e9dia de CO2 \u00e9 de 6 a 14 mg \/ L. Uma alta demanda de CO2 \u00e9 de aprox. 15-25 mg \/ L.<\/p>","protected":false},"excerpt":{"rendered":"<p>Planta aqu\u00e1tica viva em vaso, embalada em embalagem blister respir\u00e1vel para viagem. Anubias barteri var. caladiifolia \u00e9 origin\u00e1ria de um laborat\u00f3rio australiano de propaga\u00e7\u00e3o de tecidos. \u00c9 uma variedade muito bonita com folhas em forma de cora\u00e7\u00e3o. As folhas vivem v\u00e1rios anos, portanto, Anubias barteri var. caladiifolia pode facilmente formar grandes grupos, apesar de seu &hellip;<\/p>\n<p class=\"read-more\"> <a class=\"\" href=\"https:\/\/pfkeepers.com\/english\/product\/anubias-barteri-caladiifolia-pot-package-tropica\/\"> <span class=\"screen-reader-text\">Anubias barteri caladiifolia pot Package Tropica<\/span> Read More &raquo;<\/a><\/p>","protected":false},"featured_media":52126,"template":"","meta":{"site-sidebar-layout":"default","site-content-layout":"","ast-site-content-layout":"default","site-content-style":"default","site-sidebar-style":"default","ast-global-header-display":"","ast-banner-title-visibility":"","ast-main-header-display":"","ast-hfb-above-header-display":"","ast-hfb-below-header-display":"","ast-hfb-mobile-header-display":"","site-post-title":"","ast-breadcrumbs-content":"","ast-featured-img":"","footer-sml-layout":"","theme-transparent-header-meta":"default","adv-header-id-meta":"","stick-header-meta":"","header-above-stick-meta":"","header-main-stick-meta":"","header-below-stick-meta":"","astra-migrate-meta-layouts":"set"},"product_cat":[1512],"product_tag":[1064],"_links":{"self":[{"href":"https:\/\/pfkeepers.com\/english\/wp-json\/wp\/v2\/product\/52125"}],"collection":[{"href":"https:\/\/pfkeepers.com\/english\/wp-json\/wp\/v2\/product"}],"about":[{"href":"https:\/\/pfkeepers.com\/english\/wp-json\/wp\/v2\/types\/product"}],"wp:featuredmedia":[{"embeddable":true,"href":"https:\/\/pfkeepers.com\/english\/wp-json\/wp\/v2\/media\/52126"}],"wp:attachment":[{"href":"https:\/\/pfkeepers.com\/english\/wp-json\/wp\/v2\/media?parent=52125"}],"wp:term":[{"taxonomy":"product_cat","embeddable":true,"href":"https:\/\/pfkeepers.com\/english\/wp-json\/wp\/v2\/product_cat?post=52125"},{"taxonomy":"product_tag","embeddable":true,"href":"https:\/\/pfkeepers.com\/english\/wp-json\/wp\/v2\/product_tag?post=52125"}],"curies":[{"name":"wp","href":"https:\/\/api.w.org\/{rel}","templated":true}]}}