{"id":52107,"date":"2024-03-04T15:07:19","date_gmt":"2024-03-04T15:07:19","guid":{"rendered":"https:\/\/pfkeepers.com\/produto\/taxiphyllum-alternans-taiwan-1-2-grow-tropica\/"},"modified":"2026-04-19T00:27:17","modified_gmt":"2026-04-19T00:27:17","slug":"taxiphyllum-alternans-taiwan-1-2-grow-tropica","status":"publish","type":"product","link":"https:\/\/pfkeepers.com\/english\/product\/taxiphyllum-alternans-taiwan-1-2-grow-tropica\/","title":{"rendered":"Taxiphyllum alternans &#8216;Taiwan&#8217; 1-2 Grow Tropica"},"content":{"rendered":"<p>O crescimento do musgo Mini Taiwan \u00e9 horizontal e saliente, como uma vers\u00e3o mini de &#8216;Musgo chor\u00e3o&#8217;. Fixar a madeira ramificada ou rocha vertical ir\u00e1 apresent\u00e1-lo no seu melhor e tamb\u00e9m \u00e9 muito \u00fatil para uma parede de musgo ou para esconder instala\u00e7\u00f5es no aqu\u00e1rio.<\/p>\n<p>\u00c9 um musgo f\u00e1cil e decorativo com demandas bastante baixas, mas uma boa luz e um pouco de CO2 adicionado promover\u00e3o o crescimento e a ramifica\u00e7\u00e3o.<\/p>\n<p>A identidade completa deste belo musgo ainda n\u00e3o foi estabelecida e os estudos podem provavelmente coloc\u00e1-lo como uma esp\u00e9cie da fam\u00edlia Isopterygium.<\/p>\n<p>Informa\u00e7\u00e3o da planta<\/p>\n<p>Tipo: musgo<br \/>\nOrigem: Asia<br \/>\nTaxa de crescimento: M\u00e9dia<br \/>\nAltura: 3 &#8211; 10+<br \/>\nDemanda leve: baixa<br \/>\nCO2: Baixo<\/p>","protected":false},"excerpt":{"rendered":"<p>O crescimento do musgo Mini Taiwan \u00e9 horizontal e saliente, como uma vers\u00e3o mini de &#8216;Musgo chor\u00e3o&#8217;. Fixar a madeira ramificada ou rocha vertical ir\u00e1 apresent\u00e1-lo no seu melhor e tamb\u00e9m \u00e9 muito \u00fatil para uma parede de musgo ou para esconder instala\u00e7\u00f5es no aqu\u00e1rio. \u00c9 um musgo f\u00e1cil e decorativo com demandas bastante baixas, &hellip;<\/p>\n<p class=\"read-more\"> <a class=\"\" href=\"https:\/\/pfkeepers.com\/english\/product\/taxiphyllum-alternans-taiwan-1-2-grow-tropica\/\"> <span class=\"screen-reader-text\">Taxiphyllum alternans &#8216;Taiwan&#8217; 1-2 Grow Tropica<\/span> Read More &raquo;<\/a><\/p>","protected":false},"featured_media":52108,"template":"","meta":{"site-sidebar-layout":"default","site-content-layout":"","ast-site-content-layout":"default","site-content-style":"default","site-sidebar-style":"default","ast-global-header-display":"","ast-banner-title-visibility":"","ast-main-header-display":"","ast-hfb-above-header-display":"","ast-hfb-below-header-display":"","ast-hfb-mobile-header-display":"","site-post-title":"","ast-breadcrumbs-content":"","ast-featured-img":"","footer-sml-layout":"","theme-transparent-header-meta":"default","adv-header-id-meta":"","stick-header-meta":"","header-above-stick-meta":"","header-main-stick-meta":"","header-below-stick-meta":"","astra-migrate-meta-layouts":"set"},"product_cat":[1513],"product_tag":[1064],"_links":{"self":[{"href":"https:\/\/pfkeepers.com\/english\/wp-json\/wp\/v2\/product\/52107"}],"collection":[{"href":"https:\/\/pfkeepers.com\/english\/wp-json\/wp\/v2\/product"}],"about":[{"href":"https:\/\/pfkeepers.com\/english\/wp-json\/wp\/v2\/types\/product"}],"wp:featuredmedia":[{"embeddable":true,"href":"https:\/\/pfkeepers.com\/english\/wp-json\/wp\/v2\/media\/52108"}],"wp:attachment":[{"href":"https:\/\/pfkeepers.com\/english\/wp-json\/wp\/v2\/media?parent=52107"}],"wp:term":[{"taxonomy":"product_cat","embeddable":true,"href":"https:\/\/pfkeepers.com\/english\/wp-json\/wp\/v2\/product_cat?post=52107"},{"taxonomy":"product_tag","embeddable":true,"href":"https:\/\/pfkeepers.com\/english\/wp-json\/wp\/v2\/product_tag?post=52107"}],"curies":[{"name":"wp","href":"https:\/\/api.w.org\/{rel}","templated":true}]}}