{"id":52103,"date":"2024-03-04T15:07:12","date_gmt":"2024-03-04T15:07:12","guid":{"rendered":"https:\/\/pfkeepers.com\/produto\/alternanthaera-reineckii-sp-mini-1-2-grow-tropica\/"},"modified":"2026-04-19T00:27:11","modified_gmt":"2026-04-19T00:27:11","slug":"alternanthaera-reineckii-sp-mini-1-2-grow-tropica","status":"publish","type":"product","link":"https:\/\/pfkeepers.com\/english\/product\/alternanthaera-reineckii-sp-mini-1-2-grow-tropica\/","title":{"rendered":"Alternanthaera reineckii sp. Mini 1-2 Grow Tropica"},"content":{"rendered":"<p>Planta de aqu\u00e1rio de cultura de tecidos em copo fechado.<\/p>\n<p>Esta vers\u00e3o em miniatura do conhecido Alternanthera \u00e9 caracterizada por um crescimento compacto e uma taxa de crescimento mais lenta. \u00c9 particularmente adequado para aqu\u00e1rios pequenos ou como planta de primeiro plano em paisagens aqu\u00e1ticas maiores. Com um aparamento cuidadoso, \u00e9 poss\u00edvel criar um tapete vermelho violeta denso de aproximadamente 5 a 10 cm de altura. A alta intensidade de luz e a adi\u00e7\u00e3o de CO2 melhoram o crescimento e a apar\u00eancia geral das plantas.<\/p>\n<p>Informa\u00e7\u00e3o da planta<\/p>\n<p>Tipo: Haste<br \/>\nOrigem: Cultivar<br \/>\nTaxa de crescimento: M\u00e9dia<br \/>\nAltura: 5 &#8211; 10+<br \/>\nDemanda leve: M\u00e9dia<br \/>\nCO2: M\u00e9dio<\/p>","protected":false},"excerpt":{"rendered":"<p>Planta de aqu\u00e1rio de cultura de tecidos em copo fechado. Esta vers\u00e3o em miniatura do conhecido Alternanthera \u00e9 caracterizada por um crescimento compacto e uma taxa de crescimento mais lenta. \u00c9 particularmente adequado para aqu\u00e1rios pequenos ou como planta de primeiro plano em paisagens aqu\u00e1ticas maiores. Com um aparamento cuidadoso, \u00e9 poss\u00edvel criar um tapete &hellip;<\/p>\n<p class=\"read-more\"> <a class=\"\" href=\"https:\/\/pfkeepers.com\/english\/product\/alternanthaera-reineckii-sp-mini-1-2-grow-tropica\/\"> <span class=\"screen-reader-text\">Alternanthaera reineckii sp. Mini 1-2 Grow Tropica<\/span> Read More &raquo;<\/a><\/p>","protected":false},"featured_media":52104,"template":"","meta":{"site-sidebar-layout":"default","site-content-layout":"","ast-site-content-layout":"default","site-content-style":"default","site-sidebar-style":"default","ast-global-header-display":"","ast-banner-title-visibility":"","ast-main-header-display":"","ast-hfb-above-header-display":"","ast-hfb-below-header-display":"","ast-hfb-mobile-header-display":"","site-post-title":"","ast-breadcrumbs-content":"","ast-featured-img":"","footer-sml-layout":"","theme-transparent-header-meta":"default","adv-header-id-meta":"","stick-header-meta":"","header-above-stick-meta":"","header-main-stick-meta":"","header-below-stick-meta":"","astra-migrate-meta-layouts":"set"},"product_cat":[1513],"product_tag":[1064],"_links":{"self":[{"href":"https:\/\/pfkeepers.com\/english\/wp-json\/wp\/v2\/product\/52103"}],"collection":[{"href":"https:\/\/pfkeepers.com\/english\/wp-json\/wp\/v2\/product"}],"about":[{"href":"https:\/\/pfkeepers.com\/english\/wp-json\/wp\/v2\/types\/product"}],"wp:featuredmedia":[{"embeddable":true,"href":"https:\/\/pfkeepers.com\/english\/wp-json\/wp\/v2\/media\/52104"}],"wp:attachment":[{"href":"https:\/\/pfkeepers.com\/english\/wp-json\/wp\/v2\/media?parent=52103"}],"wp:term":[{"taxonomy":"product_cat","embeddable":true,"href":"https:\/\/pfkeepers.com\/english\/wp-json\/wp\/v2\/product_cat?post=52103"},{"taxonomy":"product_tag","embeddable":true,"href":"https:\/\/pfkeepers.com\/english\/wp-json\/wp\/v2\/product_tag?post=52103"}],"curies":[{"name":"wp","href":"https:\/\/api.w.org\/{rel}","templated":true}]}}